{"id":3404,"date":"2026-03-16T23:30:23","date_gmt":"2026-03-16T22:30:23","guid":{"rendered":"https:\/\/new.silveraudition.ch\/product\/cerustop-8-filtres\/"},"modified":"2026-03-20T16:41:44","modified_gmt":"2026-03-20T15:41:44","slug":"cerustop-8-filtres","status":"publish","type":"product","link":"http:\/\/silveraudition.ch\/fr\/product\/cerustop-8-filtres\/","title":{"rendered":"Cerustop (8 filtres)"},"content":{"rendered":"<div id=\"buy\" class=\"x-section e4999-e3 m3uv-0\">\n<div class=\"x-row x-container max width e4999-e21 m3uv-2 m3uv-5 m3uv-6 m3uv-8 m3uv-a\">\n<div class=\"x-row-inner\">\n<div class=\"x-col e4999-e22 m3uv-b m3uv-c m3uv-e\">\n<div class=\"x-text x-content e4999-e23 m3uv-o m3uv-p m3uv-q m3uv-r\">\n<p>L&#8217;emballage Cerustop comprend 8 filtres individuels pour prot\u00e9ger les composants \u00e9lectroniques des appareils auditifs contre le c\u00e9rumen et vous permettre d&rsquo;entendre correctement \u00e0 tout moment. Le filtre doit \u00eatre remplac\u00e9 de temps en temps. La fr\u00e9quence de remplacement d\u00e9pend de la production de c\u00e9rumen dans vos oreilles. En r\u00e8gle g\u00e9n\u00e9rale, lorsque vous commencez \u00e0 moins bien entendre avec vos appareils auditifs, il est recommand\u00e9 de changer les filtres imm\u00e9diatement.   <\/p>\n<\/div>\n<\/div>\n<\/div>\n<\/div>\n<\/div>\n","protected":false},"excerpt":{"rendered":"<div class=\"x-text x-content e9653-e8 m7g5-8 m7g5-9 m7g5-a m7g5-b\">\n<p>L&#8217;emballage Cerustop comprend 8 filtres individuels pour prot\u00e9ger les composants \u00e9lectroniques des appareils auditifs contre le c\u00e9rumen et vous permettre d&rsquo;entendre correctement \u00e0 tout moment. Le filtre doit \u00eatre remplac\u00e9 de temps en temps. La fr\u00e9quence de remplacement d\u00e9pend de la production de c\u00e9rumen dans vos oreilles. En r\u00e8gle g\u00e9n\u00e9rale, lorsque vous commencez \u00e0 moins bien entendre avec vos appareils auditifs, il est recommand\u00e9 de changer les filtres imm\u00e9diatement.   <\/p>\n<\/div>\n","protected":false},"featured_media":3402,"comment_status":"open","ping_status":"closed","template":"","meta":{"_acf_changed":false},"product_brand":[],"product_cat":[100],"product_tag":[],"class_list":{"0":"post-3404","1":"product","2":"type-product","3":"status-publish","4":"has-post-thumbnail","6":"product_cat-produits-de-nettoyage","8":"first","9":"instock","10":"shipping-taxable","11":"purchasable","12":"product-type-simple"},"acf":[],"yoast_head":"<!-- This site is optimized with the Yoast SEO plugin v26.6 - https:\/\/yoast.com\/wordpress\/plugins\/seo\/ -->\n<title>Cerustop Wax Filters | 8-Pack | Silver Audition<\/title>\n<meta name=\"description\" content=\"Paquet de 8 filtres \u00e0 c\u00e9rumen Cerustop pour prot\u00e9ger vos aides auditives de l&#039;accumulation de c\u00e9rumen. CHF 10. Entretien essentiel. Livraison ou retrait \u00e0 Morges et Vevey.\" \/>\n<meta name=\"robots\" content=\"noindex, follow, max-snippet:-1, max-image-preview:large, max-video-preview:-1\" \/>\n<meta property=\"og:locale\" content=\"fr_FR\" \/>\n<meta property=\"og:type\" content=\"article\" \/>\n<meta property=\"og:title\" content=\"Cerustop Wax Filters | 8-Pack | Silver Audition\" \/>\n<meta property=\"og:description\" content=\"Paquet de 8 filtres \u00e0 c\u00e9rumen Cerustop pour prot\u00e9ger vos aides auditives de l&#039;accumulation de c\u00e9rumen. CHF 10. Entretien essentiel. Livraison ou retrait \u00e0 Morges et Vevey.\" \/>\n<meta property=\"og:url\" content=\"http:\/\/silveraudition.ch\/fr\/product\/cerustop-8-filtres\/\" \/>\n<meta property=\"og:site_name\" content=\"Silver Audition\" \/>\n<meta property=\"article:modified_time\" content=\"2026-03-20T15:41:44+00:00\" \/>\n<meta property=\"og:image\" content=\"https:\/\/silveraudition.ch\/wp-content\/uploads\/2025\/12\/Filtres-Cerustop-v2.jpg\" \/>\n\t<meta property=\"og:image:width\" content=\"445\" \/>\n\t<meta property=\"og:image:height\" content=\"445\" \/>\n\t<meta property=\"og:image:type\" content=\"image\/jpeg\" \/>\n<meta name=\"twitter:card\" content=\"summary_large_image\" \/>\n<meta name=\"twitter:label1\" content=\"Dur\u00e9e de lecture estim\u00e9e\" \/>\n\t<meta name=\"twitter:data1\" content=\"1 minute\" \/>\n<script type=\"application\/ld+json\" class=\"yoast-schema-graph\">{\"@context\":\"https:\/\/schema.org\",\"@graph\":[{\"@type\":\"WebPage\",\"@id\":\"http:\/\/silveraudition.ch\/fr\/product\/cerustop-8-filtres\/\",\"url\":\"http:\/\/silveraudition.ch\/fr\/product\/cerustop-8-filtres\/\",\"name\":\"Cerustop Wax Filters | 8-Pack | Silver Audition\",\"isPartOf\":{\"@id\":\"https:\/\/silveraudition.ch\/fr\/#website\"},\"primaryImageOfPage\":{\"@id\":\"http:\/\/silveraudition.ch\/fr\/product\/cerustop-8-filtres\/#primaryimage\"},\"image\":{\"@id\":\"http:\/\/silveraudition.ch\/fr\/product\/cerustop-8-filtres\/#primaryimage\"},\"thumbnailUrl\":\"http:\/\/silveraudition.ch\/wp-content\/uploads\/2025\/12\/Filtres-Cerustop-v2.jpg\",\"datePublished\":\"2026-03-16T22:30:23+00:00\",\"dateModified\":\"2026-03-20T15:41:44+00:00\",\"description\":\"Paquet de 8 filtres \u00e0 c\u00e9rumen Cerustop pour prot\u00e9ger vos aides auditives de l'accumulation de c\u00e9rumen. CHF 10. Entretien essentiel. Livraison ou retrait \u00e0 Morges et Vevey.\",\"breadcrumb\":{\"@id\":\"http:\/\/silveraudition.ch\/fr\/product\/cerustop-8-filtres\/#breadcrumb\"},\"inLanguage\":\"fr-FR\",\"potentialAction\":[{\"@type\":\"ReadAction\",\"target\":[\"http:\/\/silveraudition.ch\/fr\/product\/cerustop-8-filtres\/\"]}]},{\"@type\":\"ImageObject\",\"inLanguage\":\"fr-FR\",\"@id\":\"http:\/\/silveraudition.ch\/fr\/product\/cerustop-8-filtres\/#primaryimage\",\"url\":\"http:\/\/silveraudition.ch\/wp-content\/uploads\/2025\/12\/Filtres-Cerustop-v2.jpg\",\"contentUrl\":\"http:\/\/silveraudition.ch\/wp-content\/uploads\/2025\/12\/Filtres-Cerustop-v2.jpg\",\"width\":445,\"height\":445},{\"@type\":\"BreadcrumbList\",\"@id\":\"http:\/\/silveraudition.ch\/fr\/product\/cerustop-8-filtres\/#breadcrumb\",\"itemListElement\":[{\"@type\":\"ListItem\",\"position\":1,\"name\":\"Accueil\",\"item\":\"https:\/\/silveraudition.ch\/fr\/\"},{\"@type\":\"ListItem\",\"position\":2,\"name\":\"Boutique\",\"item\":\"https:\/\/silveraudition.ch\/fr\/boutique\/\"},{\"@type\":\"ListItem\",\"position\":3,\"name\":\"Cerustop (8 filtres)\"}]},{\"@type\":\"WebSite\",\"@id\":\"https:\/\/silveraudition.ch\/fr\/#website\",\"url\":\"https:\/\/silveraudition.ch\/fr\/\",\"name\":\"Silver Audition\",\"description\":\"Mieux entendre. Vivre pleinement.\",\"publisher\":{\"@id\":\"https:\/\/silveraudition.ch\/fr\/#organization\"},\"potentialAction\":[{\"@type\":\"SearchAction\",\"target\":{\"@type\":\"EntryPoint\",\"urlTemplate\":\"https:\/\/silveraudition.ch\/fr\/?s={search_term_string}\"},\"query-input\":{\"@type\":\"PropertyValueSpecification\",\"valueRequired\":true,\"valueName\":\"search_term_string\"}}],\"inLanguage\":\"fr-FR\"},{\"@type\":\"Organization\",\"@id\":\"https:\/\/silveraudition.ch\/fr\/#organization\",\"name\":\"Silver Audition\",\"url\":\"https:\/\/silveraudition.ch\/fr\/\",\"logo\":{\"@type\":\"ImageObject\",\"inLanguage\":\"fr-FR\",\"@id\":\"https:\/\/silveraudition.ch\/fr\/#\/schema\/logo\/image\/\",\"url\":\"http:\/\/silveraudition.ch\/wp-content\/uploads\/2025\/10\/Silver-Audition.webp\",\"contentUrl\":\"http:\/\/silveraudition.ch\/wp-content\/uploads\/2025\/10\/Silver-Audition.webp\",\"width\":1920,\"height\":1166,\"caption\":\"Silver Audition\"},\"image\":{\"@id\":\"https:\/\/silveraudition.ch\/fr\/#\/schema\/logo\/image\/\"}}]}<\/script>\n<!-- \/ Yoast SEO plugin. -->","yoast_head_json":{"title":"Cerustop Wax Filters | 8-Pack | Silver Audition","description":"Paquet de 8 filtres \u00e0 c\u00e9rumen Cerustop pour prot\u00e9ger vos aides auditives de l'accumulation de c\u00e9rumen. CHF 10. Entretien essentiel. Livraison ou retrait \u00e0 Morges et Vevey.","robots":{"index":"noindex","follow":"follow","max-snippet":"max-snippet:-1","max-image-preview":"max-image-preview:large","max-video-preview":"max-video-preview:-1"},"og_locale":"fr_FR","og_type":"article","og_title":"Cerustop Wax Filters | 8-Pack | Silver Audition","og_description":"Paquet de 8 filtres \u00e0 c\u00e9rumen Cerustop pour prot\u00e9ger vos aides auditives de l'accumulation de c\u00e9rumen. CHF 10. Entretien essentiel. Livraison ou retrait \u00e0 Morges et Vevey.","og_url":"http:\/\/silveraudition.ch\/fr\/product\/cerustop-8-filtres\/","og_site_name":"Silver Audition","article_modified_time":"2026-03-20T15:41:44+00:00","og_image":[{"width":445,"height":445,"url":"https:\/\/silveraudition.ch\/wp-content\/uploads\/2025\/12\/Filtres-Cerustop-v2.jpg","type":"image\/jpeg"}],"twitter_card":"summary_large_image","twitter_misc":{"Dur\u00e9e de lecture estim\u00e9e":"1 minute"},"schema":{"@context":"https:\/\/schema.org","@graph":[{"@type":"WebPage","@id":"http:\/\/silveraudition.ch\/fr\/product\/cerustop-8-filtres\/","url":"http:\/\/silveraudition.ch\/fr\/product\/cerustop-8-filtres\/","name":"Cerustop Wax Filters | 8-Pack | Silver Audition","isPartOf":{"@id":"https:\/\/silveraudition.ch\/fr\/#website"},"primaryImageOfPage":{"@id":"http:\/\/silveraudition.ch\/fr\/product\/cerustop-8-filtres\/#primaryimage"},"image":{"@id":"http:\/\/silveraudition.ch\/fr\/product\/cerustop-8-filtres\/#primaryimage"},"thumbnailUrl":"http:\/\/silveraudition.ch\/wp-content\/uploads\/2025\/12\/Filtres-Cerustop-v2.jpg","datePublished":"2026-03-16T22:30:23+00:00","dateModified":"2026-03-20T15:41:44+00:00","description":"Paquet de 8 filtres \u00e0 c\u00e9rumen Cerustop pour prot\u00e9ger vos aides auditives de l'accumulation de c\u00e9rumen. CHF 10. Entretien essentiel. Livraison ou retrait \u00e0 Morges et Vevey.","breadcrumb":{"@id":"http:\/\/silveraudition.ch\/fr\/product\/cerustop-8-filtres\/#breadcrumb"},"inLanguage":"fr-FR","potentialAction":[{"@type":"ReadAction","target":["http:\/\/silveraudition.ch\/fr\/product\/cerustop-8-filtres\/"]}]},{"@type":"ImageObject","inLanguage":"fr-FR","@id":"http:\/\/silveraudition.ch\/fr\/product\/cerustop-8-filtres\/#primaryimage","url":"http:\/\/silveraudition.ch\/wp-content\/uploads\/2025\/12\/Filtres-Cerustop-v2.jpg","contentUrl":"http:\/\/silveraudition.ch\/wp-content\/uploads\/2025\/12\/Filtres-Cerustop-v2.jpg","width":445,"height":445},{"@type":"BreadcrumbList","@id":"http:\/\/silveraudition.ch\/fr\/product\/cerustop-8-filtres\/#breadcrumb","itemListElement":[{"@type":"ListItem","position":1,"name":"Accueil","item":"https:\/\/silveraudition.ch\/fr\/"},{"@type":"ListItem","position":2,"name":"Boutique","item":"https:\/\/silveraudition.ch\/fr\/boutique\/"},{"@type":"ListItem","position":3,"name":"Cerustop (8 filtres)"}]},{"@type":"WebSite","@id":"https:\/\/silveraudition.ch\/fr\/#website","url":"https:\/\/silveraudition.ch\/fr\/","name":"Silver Audition","description":"Mieux entendre. Vivre pleinement.","publisher":{"@id":"https:\/\/silveraudition.ch\/fr\/#organization"},"potentialAction":[{"@type":"SearchAction","target":{"@type":"EntryPoint","urlTemplate":"https:\/\/silveraudition.ch\/fr\/?s={search_term_string}"},"query-input":{"@type":"PropertyValueSpecification","valueRequired":true,"valueName":"search_term_string"}}],"inLanguage":"fr-FR"},{"@type":"Organization","@id":"https:\/\/silveraudition.ch\/fr\/#organization","name":"Silver Audition","url":"https:\/\/silveraudition.ch\/fr\/","logo":{"@type":"ImageObject","inLanguage":"fr-FR","@id":"https:\/\/silveraudition.ch\/fr\/#\/schema\/logo\/image\/","url":"http:\/\/silveraudition.ch\/wp-content\/uploads\/2025\/10\/Silver-Audition.webp","contentUrl":"http:\/\/silveraudition.ch\/wp-content\/uploads\/2025\/10\/Silver-Audition.webp","width":1920,"height":1166,"caption":"Silver Audition"},"image":{"@id":"https:\/\/silveraudition.ch\/fr\/#\/schema\/logo\/image\/"}}]}},"_links":{"self":[{"href":"http:\/\/silveraudition.ch\/fr\/wp-json\/wp\/v2\/product\/3404","targetHints":{"allow":["GET"]}}],"collection":[{"href":"http:\/\/silveraudition.ch\/fr\/wp-json\/wp\/v2\/product"}],"about":[{"href":"http:\/\/silveraudition.ch\/fr\/wp-json\/wp\/v2\/types\/product"}],"replies":[{"embeddable":true,"href":"http:\/\/silveraudition.ch\/fr\/wp-json\/wp\/v2\/comments?post=3404"}],"wp:featuredmedia":[{"embeddable":true,"href":"http:\/\/silveraudition.ch\/fr\/wp-json\/wp\/v2\/media\/3402"}],"wp:attachment":[{"href":"http:\/\/silveraudition.ch\/fr\/wp-json\/wp\/v2\/media?parent=3404"}],"wp:term":[{"taxonomy":"product_brand","embeddable":true,"href":"http:\/\/silveraudition.ch\/fr\/wp-json\/wp\/v2\/product_brand?post=3404"},{"taxonomy":"product_cat","embeddable":true,"href":"http:\/\/silveraudition.ch\/fr\/wp-json\/wp\/v2\/product_cat?post=3404"},{"taxonomy":"product_tag","embeddable":true,"href":"http:\/\/silveraudition.ch\/fr\/wp-json\/wp\/v2\/product_tag?post=3404"}],"curies":[{"name":"wp","href":"https:\/\/api.w.org\/{rel}","templated":true}]}}