{"id":3419,"date":"2025-12-16T14:45:39","date_gmt":"2025-12-16T14:45:39","guid":{"rendered":"https:\/\/new.silveraudition.ch\/product\/2-sprays-nettoyants-phonak\/"},"modified":"2026-03-20T16:03:47","modified_gmt":"2026-03-20T15:03:47","slug":"2-sprays-nettoyants-phonak","status":"publish","type":"product","link":"http:\/\/silveraudition.ch\/fr\/product\/2-sprays-nettoyants-phonak\/","title":{"rendered":"2 sprays nettoyants Phonak"},"content":{"rendered":"<div id=\"buy\" class=\"x-section e4999-e3 m3uv-0\">\n<div class=\"x-row x-container max width e4999-e21 m3uv-2 m3uv-5 m3uv-6 m3uv-8 m3uv-a\">\n<div class=\"x-row-inner\">\n<div class=\"x-col e4999-e22 m3uv-b m3uv-c m3uv-e\">\n<div class=\"x-text x-content e4999-e23 m3uv-o m3uv-p m3uv-q m3uv-r\">\n<p>Lot de deux flacons de 30 ml de spray nettoyant Phonak avec brosse int\u00e9gr\u00e9e. Il est recommand\u00e9 d&rsquo;essuyer toutes les surfaces de l&rsquo;aide auditive avec un chiffon propre vaporis\u00e9 de ce produit. La brosse s\u00e8che peut \u00eatre utilis\u00e9e sur l&rsquo;ensemble de l&rsquo;aide auditive pour \u00e9liminer les d\u00e9p\u00f4ts de c\u00e9rumen incrust\u00e9s.  <\/p>\n<\/div>\n<\/div>\n<\/div>\n<\/div>\n<\/div>\n","protected":false},"excerpt":{"rendered":"<div class=\"x-text x-content e9653-e8 m7g5-8 m7g5-9 m7g5-a m7g5-b\">\n<p>Lot de deux flacons de 30 ml de spray nettoyant Phonak avec brosse int\u00e9gr\u00e9e. Il est recommand\u00e9 d&rsquo;essuyer toutes les surfaces de l&rsquo;aide auditive avec un chiffon propre vaporis\u00e9 de ce produit. La brosse s\u00e8che peut \u00eatre utilis\u00e9e sur l&rsquo;ensemble de l&rsquo;aide auditive pour \u00e9liminer les d\u00e9p\u00f4ts de c\u00e9rumen incrust\u00e9s.  <\/p>\n<\/div>\n","protected":false},"featured_media":3409,"comment_status":"open","ping_status":"closed","template":"","meta":{"_acf_changed":false},"product_brand":[],"product_cat":[100],"product_tag":[],"class_list":{"0":"post-3419","1":"product","2":"type-product","3":"status-publish","4":"has-post-thumbnail","6":"product_cat-produits-de-nettoyage","8":"first","9":"instock","10":"shipping-taxable","11":"purchasable","12":"product-type-simple"},"acf":[],"yoast_head":"<!-- This site is optimized with the Yoast SEO plugin v26.6 - https:\/\/yoast.com\/wordpress\/plugins\/seo\/ -->\n<title>Phonak Cleaning Spray | 2-Pack | Silver Audition<\/title>\n<meta name=\"description\" content=\"Pack de 2 sprays de nettoyage Phonak (30ml) avec brosse int\u00e9gr\u00e9e pour l&#039;entretien des aides auditives. CHF 10. Livraison ou retrait \u00e0 Morges &amp; Vevey.\" \/>\n<meta name=\"robots\" content=\"noindex, follow, max-snippet:-1, max-image-preview:large, max-video-preview:-1\" \/>\n<meta property=\"og:locale\" content=\"fr_FR\" \/>\n<meta property=\"og:type\" content=\"article\" \/>\n<meta property=\"og:title\" content=\"Phonak Cleaning Spray | 2-Pack | Silver Audition\" \/>\n<meta property=\"og:description\" content=\"Pack de 2 sprays de nettoyage Phonak (30ml) avec brosse int\u00e9gr\u00e9e pour l&#039;entretien des aides auditives. CHF 10. Livraison ou retrait \u00e0 Morges &amp; Vevey.\" \/>\n<meta property=\"og:url\" content=\"http:\/\/silveraudition.ch\/fr\/product\/2-sprays-nettoyants-phonak\/\" \/>\n<meta property=\"og:site_name\" content=\"Silver Audition\" \/>\n<meta property=\"article:modified_time\" content=\"2026-03-20T15:03:47+00:00\" \/>\n<meta property=\"og:image\" content=\"https:\/\/silveraudition.ch\/wp-content\/uploads\/2025\/12\/30mL-cleaning-spray-with-integrated-brush3-1.png\" \/>\n\t<meta property=\"og:image:width\" content=\"1000\" \/>\n\t<meta property=\"og:image:height\" content=\"1000\" \/>\n\t<meta property=\"og:image:type\" content=\"image\/png\" \/>\n<meta name=\"twitter:card\" content=\"summary_large_image\" \/>\n<meta name=\"twitter:label1\" content=\"Dur\u00e9e de lecture estim\u00e9e\" \/>\n\t<meta name=\"twitter:data1\" content=\"1 minute\" \/>\n<script type=\"application\/ld+json\" class=\"yoast-schema-graph\">{\"@context\":\"https:\/\/schema.org\",\"@graph\":[{\"@type\":\"WebPage\",\"@id\":\"http:\/\/silveraudition.ch\/fr\/product\/2-sprays-nettoyants-phonak\/\",\"url\":\"http:\/\/silveraudition.ch\/fr\/product\/2-sprays-nettoyants-phonak\/\",\"name\":\"Phonak Cleaning Spray | 2-Pack | Silver Audition\",\"isPartOf\":{\"@id\":\"https:\/\/silveraudition.ch\/fr\/#website\"},\"primaryImageOfPage\":{\"@id\":\"http:\/\/silveraudition.ch\/fr\/product\/2-sprays-nettoyants-phonak\/#primaryimage\"},\"image\":{\"@id\":\"http:\/\/silveraudition.ch\/fr\/product\/2-sprays-nettoyants-phonak\/#primaryimage\"},\"thumbnailUrl\":\"http:\/\/silveraudition.ch\/wp-content\/uploads\/2025\/12\/30mL-cleaning-spray-with-integrated-brush3-1.png\",\"datePublished\":\"2025-12-16T14:45:39+00:00\",\"dateModified\":\"2026-03-20T15:03:47+00:00\",\"description\":\"Pack de 2 sprays de nettoyage Phonak (30ml) avec brosse int\u00e9gr\u00e9e pour l'entretien des aides auditives. CHF 10. Livraison ou retrait \u00e0 Morges & Vevey.\",\"breadcrumb\":{\"@id\":\"http:\/\/silveraudition.ch\/fr\/product\/2-sprays-nettoyants-phonak\/#breadcrumb\"},\"inLanguage\":\"fr-FR\",\"potentialAction\":[{\"@type\":\"ReadAction\",\"target\":[\"http:\/\/silveraudition.ch\/fr\/product\/2-sprays-nettoyants-phonak\/\"]}]},{\"@type\":\"ImageObject\",\"inLanguage\":\"fr-FR\",\"@id\":\"http:\/\/silveraudition.ch\/fr\/product\/2-sprays-nettoyants-phonak\/#primaryimage\",\"url\":\"http:\/\/silveraudition.ch\/wp-content\/uploads\/2025\/12\/30mL-cleaning-spray-with-integrated-brush3-1.png\",\"contentUrl\":\"http:\/\/silveraudition.ch\/wp-content\/uploads\/2025\/12\/30mL-cleaning-spray-with-integrated-brush3-1.png\",\"width\":1000,\"height\":1000},{\"@type\":\"BreadcrumbList\",\"@id\":\"http:\/\/silveraudition.ch\/fr\/product\/2-sprays-nettoyants-phonak\/#breadcrumb\",\"itemListElement\":[{\"@type\":\"ListItem\",\"position\":1,\"name\":\"Accueil\",\"item\":\"https:\/\/silveraudition.ch\/fr\/\"},{\"@type\":\"ListItem\",\"position\":2,\"name\":\"Boutique\",\"item\":\"https:\/\/silveraudition.ch\/fr\/boutique\/\"},{\"@type\":\"ListItem\",\"position\":3,\"name\":\"2 sprays nettoyants Phonak\"}]},{\"@type\":\"WebSite\",\"@id\":\"https:\/\/silveraudition.ch\/fr\/#website\",\"url\":\"https:\/\/silveraudition.ch\/fr\/\",\"name\":\"Silver Audition\",\"description\":\"Mieux entendre. Vivre pleinement.\",\"publisher\":{\"@id\":\"https:\/\/silveraudition.ch\/fr\/#organization\"},\"potentialAction\":[{\"@type\":\"SearchAction\",\"target\":{\"@type\":\"EntryPoint\",\"urlTemplate\":\"https:\/\/silveraudition.ch\/fr\/?s={search_term_string}\"},\"query-input\":{\"@type\":\"PropertyValueSpecification\",\"valueRequired\":true,\"valueName\":\"search_term_string\"}}],\"inLanguage\":\"fr-FR\"},{\"@type\":\"Organization\",\"@id\":\"https:\/\/silveraudition.ch\/fr\/#organization\",\"name\":\"Silver Audition\",\"url\":\"https:\/\/silveraudition.ch\/fr\/\",\"logo\":{\"@type\":\"ImageObject\",\"inLanguage\":\"fr-FR\",\"@id\":\"https:\/\/silveraudition.ch\/fr\/#\/schema\/logo\/image\/\",\"url\":\"http:\/\/silveraudition.ch\/wp-content\/uploads\/2025\/10\/Silver-Audition.webp\",\"contentUrl\":\"http:\/\/silveraudition.ch\/wp-content\/uploads\/2025\/10\/Silver-Audition.webp\",\"width\":1920,\"height\":1166,\"caption\":\"Silver Audition\"},\"image\":{\"@id\":\"https:\/\/silveraudition.ch\/fr\/#\/schema\/logo\/image\/\"}}]}<\/script>\n<!-- \/ Yoast SEO plugin. -->","yoast_head_json":{"title":"Phonak Cleaning Spray | 2-Pack | Silver Audition","description":"Pack de 2 sprays de nettoyage Phonak (30ml) avec brosse int\u00e9gr\u00e9e pour l'entretien des aides auditives. CHF 10. Livraison ou retrait \u00e0 Morges & Vevey.","robots":{"index":"noindex","follow":"follow","max-snippet":"max-snippet:-1","max-image-preview":"max-image-preview:large","max-video-preview":"max-video-preview:-1"},"og_locale":"fr_FR","og_type":"article","og_title":"Phonak Cleaning Spray | 2-Pack | Silver Audition","og_description":"Pack de 2 sprays de nettoyage Phonak (30ml) avec brosse int\u00e9gr\u00e9e pour l'entretien des aides auditives. CHF 10. Livraison ou retrait \u00e0 Morges & Vevey.","og_url":"http:\/\/silveraudition.ch\/fr\/product\/2-sprays-nettoyants-phonak\/","og_site_name":"Silver Audition","article_modified_time":"2026-03-20T15:03:47+00:00","og_image":[{"width":1000,"height":1000,"url":"https:\/\/silveraudition.ch\/wp-content\/uploads\/2025\/12\/30mL-cleaning-spray-with-integrated-brush3-1.png","type":"image\/png"}],"twitter_card":"summary_large_image","twitter_misc":{"Dur\u00e9e de lecture estim\u00e9e":"1 minute"},"schema":{"@context":"https:\/\/schema.org","@graph":[{"@type":"WebPage","@id":"http:\/\/silveraudition.ch\/fr\/product\/2-sprays-nettoyants-phonak\/","url":"http:\/\/silveraudition.ch\/fr\/product\/2-sprays-nettoyants-phonak\/","name":"Phonak Cleaning Spray | 2-Pack | Silver Audition","isPartOf":{"@id":"https:\/\/silveraudition.ch\/fr\/#website"},"primaryImageOfPage":{"@id":"http:\/\/silveraudition.ch\/fr\/product\/2-sprays-nettoyants-phonak\/#primaryimage"},"image":{"@id":"http:\/\/silveraudition.ch\/fr\/product\/2-sprays-nettoyants-phonak\/#primaryimage"},"thumbnailUrl":"http:\/\/silveraudition.ch\/wp-content\/uploads\/2025\/12\/30mL-cleaning-spray-with-integrated-brush3-1.png","datePublished":"2025-12-16T14:45:39+00:00","dateModified":"2026-03-20T15:03:47+00:00","description":"Pack de 2 sprays de nettoyage Phonak (30ml) avec brosse int\u00e9gr\u00e9e pour l'entretien des aides auditives. CHF 10. Livraison ou retrait \u00e0 Morges & Vevey.","breadcrumb":{"@id":"http:\/\/silveraudition.ch\/fr\/product\/2-sprays-nettoyants-phonak\/#breadcrumb"},"inLanguage":"fr-FR","potentialAction":[{"@type":"ReadAction","target":["http:\/\/silveraudition.ch\/fr\/product\/2-sprays-nettoyants-phonak\/"]}]},{"@type":"ImageObject","inLanguage":"fr-FR","@id":"http:\/\/silveraudition.ch\/fr\/product\/2-sprays-nettoyants-phonak\/#primaryimage","url":"http:\/\/silveraudition.ch\/wp-content\/uploads\/2025\/12\/30mL-cleaning-spray-with-integrated-brush3-1.png","contentUrl":"http:\/\/silveraudition.ch\/wp-content\/uploads\/2025\/12\/30mL-cleaning-spray-with-integrated-brush3-1.png","width":1000,"height":1000},{"@type":"BreadcrumbList","@id":"http:\/\/silveraudition.ch\/fr\/product\/2-sprays-nettoyants-phonak\/#breadcrumb","itemListElement":[{"@type":"ListItem","position":1,"name":"Accueil","item":"https:\/\/silveraudition.ch\/fr\/"},{"@type":"ListItem","position":2,"name":"Boutique","item":"https:\/\/silveraudition.ch\/fr\/boutique\/"},{"@type":"ListItem","position":3,"name":"2 sprays nettoyants Phonak"}]},{"@type":"WebSite","@id":"https:\/\/silveraudition.ch\/fr\/#website","url":"https:\/\/silveraudition.ch\/fr\/","name":"Silver Audition","description":"Mieux entendre. Vivre pleinement.","publisher":{"@id":"https:\/\/silveraudition.ch\/fr\/#organization"},"potentialAction":[{"@type":"SearchAction","target":{"@type":"EntryPoint","urlTemplate":"https:\/\/silveraudition.ch\/fr\/?s={search_term_string}"},"query-input":{"@type":"PropertyValueSpecification","valueRequired":true,"valueName":"search_term_string"}}],"inLanguage":"fr-FR"},{"@type":"Organization","@id":"https:\/\/silveraudition.ch\/fr\/#organization","name":"Silver Audition","url":"https:\/\/silveraudition.ch\/fr\/","logo":{"@type":"ImageObject","inLanguage":"fr-FR","@id":"https:\/\/silveraudition.ch\/fr\/#\/schema\/logo\/image\/","url":"http:\/\/silveraudition.ch\/wp-content\/uploads\/2025\/10\/Silver-Audition.webp","contentUrl":"http:\/\/silveraudition.ch\/wp-content\/uploads\/2025\/10\/Silver-Audition.webp","width":1920,"height":1166,"caption":"Silver Audition"},"image":{"@id":"https:\/\/silveraudition.ch\/fr\/#\/schema\/logo\/image\/"}}]}},"_links":{"self":[{"href":"http:\/\/silveraudition.ch\/fr\/wp-json\/wp\/v2\/product\/3419","targetHints":{"allow":["GET"]}}],"collection":[{"href":"http:\/\/silveraudition.ch\/fr\/wp-json\/wp\/v2\/product"}],"about":[{"href":"http:\/\/silveraudition.ch\/fr\/wp-json\/wp\/v2\/types\/product"}],"replies":[{"embeddable":true,"href":"http:\/\/silveraudition.ch\/fr\/wp-json\/wp\/v2\/comments?post=3419"}],"wp:featuredmedia":[{"embeddable":true,"href":"http:\/\/silveraudition.ch\/fr\/wp-json\/wp\/v2\/media\/3409"}],"wp:attachment":[{"href":"http:\/\/silveraudition.ch\/fr\/wp-json\/wp\/v2\/media?parent=3419"}],"wp:term":[{"taxonomy":"product_brand","embeddable":true,"href":"http:\/\/silveraudition.ch\/fr\/wp-json\/wp\/v2\/product_brand?post=3419"},{"taxonomy":"product_cat","embeddable":true,"href":"http:\/\/silveraudition.ch\/fr\/wp-json\/wp\/v2\/product_cat?post=3419"},{"taxonomy":"product_tag","embeddable":true,"href":"http:\/\/silveraudition.ch\/fr\/wp-json\/wp\/v2\/product_tag?post=3419"}],"curies":[{"name":"wp","href":"https:\/\/api.w.org\/{rel}","templated":true}]}}