{"id":3420,"date":"2025-12-16T14:50:45","date_gmt":"2025-12-16T14:50:45","guid":{"rendered":"https:\/\/new.silveraudition.ch\/product\/30-lingettes-de-nettoyage-phonak-emballees-individuellement\/"},"modified":"2026-01-26T19:22:11","modified_gmt":"2026-01-26T19:22:11","slug":"30-lingettes-de-nettoyage-phonak-emballees-individuellement","status":"publish","type":"product","link":"http:\/\/silveraudition.ch\/fr\/product\/30-lingettes-de-nettoyage-phonak-emballees-individuellement\/","title":{"rendered":"30 lingettes de nettoyage Phonak, emball\u00e9es individuellement"},"content":{"rendered":"<div id=\"buy\" class=\"x-section e4999-e3 m3uv-0\">\n<div class=\"x-row x-container max width e4999-e21 m3uv-2 m3uv-5 m3uv-6 m3uv-8 m3uv-a\">\n<div class=\"x-row-inner\">\n<div class=\"x-col e4999-e22 m3uv-b m3uv-c m3uv-e\">\n<div class=\"x-text x-content e4999-e24 m3uv-p m3uv-q m3uv-s custom-small-desc\">Contient 30 lingettes de nettoyage Phonak emball\u00e9es individuellement pour une utilisation facile \u00e0 la maison comme en d\u00e9placement.<\/div>\n<\/div>\n<\/div>\n<\/div>\n<\/div>\n","protected":false},"excerpt":{"rendered":"<p>Contient 30 lingettes de nettoyage Phonak emball\u00e9es individuellement pour une utilisation facile \u00e0 la maison comme en d\u00e9placement.<\/p>\n","protected":false},"featured_media":3406,"comment_status":"open","ping_status":"closed","template":"","meta":{"_acf_changed":false},"product_brand":[],"product_cat":[100],"product_tag":[],"class_list":{"0":"post-3420","1":"product","2":"type-product","3":"status-publish","4":"has-post-thumbnail","6":"product_cat-produits-de-nettoyage","8":"first","9":"instock","10":"shipping-taxable","11":"purchasable","12":"product-type-simple"},"acf":[],"yoast_head":"<!-- This site is optimized with the Yoast SEO plugin v26.6 - https:\/\/yoast.com\/wordpress\/plugins\/seo\/ -->\n<title>Lingettes Phonak Individuelles | 30 pcs | Silver Audition<\/title>\n<meta name=\"description\" content=\"30 lingettes de nettoyage Phonak emball\u00e9es individuellement. Id\u00e9ales en d\u00e9placement pour l&#039;entretien de vos appareils auditifs. Livraison ou retrait \u00e0 Morges &amp; Vevey.\" \/>\n<meta name=\"robots\" content=\"noindex, follow, max-snippet:-1, max-image-preview:large, max-video-preview:-1\" \/>\n<meta property=\"og:locale\" content=\"fr_FR\" \/>\n<meta property=\"og:type\" content=\"article\" \/>\n<meta property=\"og:title\" content=\"Lingettes Phonak Individuelles | 30 pcs | Silver Audition\" \/>\n<meta property=\"og:description\" content=\"30 lingettes de nettoyage Phonak emball\u00e9es individuellement. Id\u00e9ales en d\u00e9placement pour l&#039;entretien de vos appareils auditifs. Livraison ou retrait \u00e0 Morges &amp; Vevey.\" \/>\n<meta property=\"og:url\" content=\"http:\/\/silveraudition.ch\/fr\/product\/30-lingettes-de-nettoyage-phonak-emballees-individuellement\/\" \/>\n<meta property=\"og:site_name\" content=\"Silver Audition\" \/>\n<meta property=\"article:modified_time\" content=\"2026-01-26T19:22:11+00:00\" \/>\n<meta property=\"og:image\" content=\"https:\/\/silveraudition.ch\/wp-content\/uploads\/2025\/12\/30-cleaning-wipes-indivually-wrapped-for-easy-use-at-home-and-away.png\" \/>\n\t<meta property=\"og:image:width\" content=\"1000\" \/>\n\t<meta property=\"og:image:height\" content=\"1000\" \/>\n\t<meta property=\"og:image:type\" content=\"image\/png\" \/>\n<meta name=\"twitter:card\" content=\"summary_large_image\" \/>\n<meta name=\"twitter:label1\" content=\"Dur\u00e9e de lecture estim\u00e9e\" \/>\n\t<meta name=\"twitter:data1\" content=\"1 minute\" \/>\n<script type=\"application\/ld+json\" class=\"yoast-schema-graph\">{\"@context\":\"https:\/\/schema.org\",\"@graph\":[{\"@type\":\"WebPage\",\"@id\":\"http:\/\/silveraudition.ch\/fr\/product\/30-lingettes-de-nettoyage-phonak-emballees-individuellement\/\",\"url\":\"http:\/\/silveraudition.ch\/fr\/product\/30-lingettes-de-nettoyage-phonak-emballees-individuellement\/\",\"name\":\"Lingettes Phonak Individuelles | 30 pcs | Silver Audition\",\"isPartOf\":{\"@id\":\"https:\/\/silveraudition.ch\/fr\/#website\"},\"primaryImageOfPage\":{\"@id\":\"http:\/\/silveraudition.ch\/fr\/product\/30-lingettes-de-nettoyage-phonak-emballees-individuellement\/#primaryimage\"},\"image\":{\"@id\":\"http:\/\/silveraudition.ch\/fr\/product\/30-lingettes-de-nettoyage-phonak-emballees-individuellement\/#primaryimage\"},\"thumbnailUrl\":\"http:\/\/silveraudition.ch\/wp-content\/uploads\/2025\/12\/30-cleaning-wipes-indivually-wrapped-for-easy-use-at-home-and-away.png\",\"datePublished\":\"2025-12-16T14:50:45+00:00\",\"dateModified\":\"2026-01-26T19:22:11+00:00\",\"description\":\"30 lingettes de nettoyage Phonak emball\u00e9es individuellement. Id\u00e9ales en d\u00e9placement pour l'entretien de vos appareils auditifs. Livraison ou retrait \u00e0 Morges & Vevey.\",\"breadcrumb\":{\"@id\":\"http:\/\/silveraudition.ch\/fr\/product\/30-lingettes-de-nettoyage-phonak-emballees-individuellement\/#breadcrumb\"},\"inLanguage\":\"fr-FR\",\"potentialAction\":[{\"@type\":\"ReadAction\",\"target\":[\"http:\/\/silveraudition.ch\/fr\/product\/30-lingettes-de-nettoyage-phonak-emballees-individuellement\/\"]}]},{\"@type\":\"ImageObject\",\"inLanguage\":\"fr-FR\",\"@id\":\"http:\/\/silveraudition.ch\/fr\/product\/30-lingettes-de-nettoyage-phonak-emballees-individuellement\/#primaryimage\",\"url\":\"http:\/\/silveraudition.ch\/wp-content\/uploads\/2025\/12\/30-cleaning-wipes-indivually-wrapped-for-easy-use-at-home-and-away.png\",\"contentUrl\":\"http:\/\/silveraudition.ch\/wp-content\/uploads\/2025\/12\/30-cleaning-wipes-indivually-wrapped-for-easy-use-at-home-and-away.png\",\"width\":1000,\"height\":1000},{\"@type\":\"BreadcrumbList\",\"@id\":\"http:\/\/silveraudition.ch\/fr\/product\/30-lingettes-de-nettoyage-phonak-emballees-individuellement\/#breadcrumb\",\"itemListElement\":[{\"@type\":\"ListItem\",\"position\":1,\"name\":\"Accueil\",\"item\":\"https:\/\/silveraudition.ch\/fr\/\"},{\"@type\":\"ListItem\",\"position\":2,\"name\":\"Boutique\",\"item\":\"https:\/\/silveraudition.ch\/fr\/boutique\/\"},{\"@type\":\"ListItem\",\"position\":3,\"name\":\"30 lingettes de nettoyage Phonak, emball\u00e9es individuellement\"}]},{\"@type\":\"WebSite\",\"@id\":\"https:\/\/silveraudition.ch\/fr\/#website\",\"url\":\"https:\/\/silveraudition.ch\/fr\/\",\"name\":\"Silver Audition\",\"description\":\"Mieux entendre. Vivre pleinement.\",\"publisher\":{\"@id\":\"https:\/\/silveraudition.ch\/fr\/#organization\"},\"potentialAction\":[{\"@type\":\"SearchAction\",\"target\":{\"@type\":\"EntryPoint\",\"urlTemplate\":\"https:\/\/silveraudition.ch\/fr\/?s={search_term_string}\"},\"query-input\":{\"@type\":\"PropertyValueSpecification\",\"valueRequired\":true,\"valueName\":\"search_term_string\"}}],\"inLanguage\":\"fr-FR\"},{\"@type\":\"Organization\",\"@id\":\"https:\/\/silveraudition.ch\/fr\/#organization\",\"name\":\"Silver Audition\",\"url\":\"https:\/\/silveraudition.ch\/fr\/\",\"logo\":{\"@type\":\"ImageObject\",\"inLanguage\":\"fr-FR\",\"@id\":\"https:\/\/silveraudition.ch\/fr\/#\/schema\/logo\/image\/\",\"url\":\"http:\/\/silveraudition.ch\/wp-content\/uploads\/2025\/10\/Silver-Audition.webp\",\"contentUrl\":\"http:\/\/silveraudition.ch\/wp-content\/uploads\/2025\/10\/Silver-Audition.webp\",\"width\":1920,\"height\":1166,\"caption\":\"Silver Audition\"},\"image\":{\"@id\":\"https:\/\/silveraudition.ch\/fr\/#\/schema\/logo\/image\/\"}}]}<\/script>\n<!-- \/ Yoast SEO plugin. -->","yoast_head_json":{"title":"Lingettes Phonak Individuelles | 30 pcs | Silver Audition","description":"30 lingettes de nettoyage Phonak emball\u00e9es individuellement. Id\u00e9ales en d\u00e9placement pour l'entretien de vos appareils auditifs. Livraison ou retrait \u00e0 Morges & Vevey.","robots":{"index":"noindex","follow":"follow","max-snippet":"max-snippet:-1","max-image-preview":"max-image-preview:large","max-video-preview":"max-video-preview:-1"},"og_locale":"fr_FR","og_type":"article","og_title":"Lingettes Phonak Individuelles | 30 pcs | Silver Audition","og_description":"30 lingettes de nettoyage Phonak emball\u00e9es individuellement. Id\u00e9ales en d\u00e9placement pour l'entretien de vos appareils auditifs. Livraison ou retrait \u00e0 Morges & Vevey.","og_url":"http:\/\/silveraudition.ch\/fr\/product\/30-lingettes-de-nettoyage-phonak-emballees-individuellement\/","og_site_name":"Silver Audition","article_modified_time":"2026-01-26T19:22:11+00:00","og_image":[{"width":1000,"height":1000,"url":"https:\/\/silveraudition.ch\/wp-content\/uploads\/2025\/12\/30-cleaning-wipes-indivually-wrapped-for-easy-use-at-home-and-away.png","type":"image\/png"}],"twitter_card":"summary_large_image","twitter_misc":{"Dur\u00e9e de lecture estim\u00e9e":"1 minute"},"schema":{"@context":"https:\/\/schema.org","@graph":[{"@type":"WebPage","@id":"http:\/\/silveraudition.ch\/fr\/product\/30-lingettes-de-nettoyage-phonak-emballees-individuellement\/","url":"http:\/\/silveraudition.ch\/fr\/product\/30-lingettes-de-nettoyage-phonak-emballees-individuellement\/","name":"Lingettes Phonak Individuelles | 30 pcs | Silver Audition","isPartOf":{"@id":"https:\/\/silveraudition.ch\/fr\/#website"},"primaryImageOfPage":{"@id":"http:\/\/silveraudition.ch\/fr\/product\/30-lingettes-de-nettoyage-phonak-emballees-individuellement\/#primaryimage"},"image":{"@id":"http:\/\/silveraudition.ch\/fr\/product\/30-lingettes-de-nettoyage-phonak-emballees-individuellement\/#primaryimage"},"thumbnailUrl":"http:\/\/silveraudition.ch\/wp-content\/uploads\/2025\/12\/30-cleaning-wipes-indivually-wrapped-for-easy-use-at-home-and-away.png","datePublished":"2025-12-16T14:50:45+00:00","dateModified":"2026-01-26T19:22:11+00:00","description":"30 lingettes de nettoyage Phonak emball\u00e9es individuellement. Id\u00e9ales en d\u00e9placement pour l'entretien de vos appareils auditifs. Livraison ou retrait \u00e0 Morges & Vevey.","breadcrumb":{"@id":"http:\/\/silveraudition.ch\/fr\/product\/30-lingettes-de-nettoyage-phonak-emballees-individuellement\/#breadcrumb"},"inLanguage":"fr-FR","potentialAction":[{"@type":"ReadAction","target":["http:\/\/silveraudition.ch\/fr\/product\/30-lingettes-de-nettoyage-phonak-emballees-individuellement\/"]}]},{"@type":"ImageObject","inLanguage":"fr-FR","@id":"http:\/\/silveraudition.ch\/fr\/product\/30-lingettes-de-nettoyage-phonak-emballees-individuellement\/#primaryimage","url":"http:\/\/silveraudition.ch\/wp-content\/uploads\/2025\/12\/30-cleaning-wipes-indivually-wrapped-for-easy-use-at-home-and-away.png","contentUrl":"http:\/\/silveraudition.ch\/wp-content\/uploads\/2025\/12\/30-cleaning-wipes-indivually-wrapped-for-easy-use-at-home-and-away.png","width":1000,"height":1000},{"@type":"BreadcrumbList","@id":"http:\/\/silveraudition.ch\/fr\/product\/30-lingettes-de-nettoyage-phonak-emballees-individuellement\/#breadcrumb","itemListElement":[{"@type":"ListItem","position":1,"name":"Accueil","item":"https:\/\/silveraudition.ch\/fr\/"},{"@type":"ListItem","position":2,"name":"Boutique","item":"https:\/\/silveraudition.ch\/fr\/boutique\/"},{"@type":"ListItem","position":3,"name":"30 lingettes de nettoyage Phonak, emball\u00e9es individuellement"}]},{"@type":"WebSite","@id":"https:\/\/silveraudition.ch\/fr\/#website","url":"https:\/\/silveraudition.ch\/fr\/","name":"Silver Audition","description":"Mieux entendre. Vivre pleinement.","publisher":{"@id":"https:\/\/silveraudition.ch\/fr\/#organization"},"potentialAction":[{"@type":"SearchAction","target":{"@type":"EntryPoint","urlTemplate":"https:\/\/silveraudition.ch\/fr\/?s={search_term_string}"},"query-input":{"@type":"PropertyValueSpecification","valueRequired":true,"valueName":"search_term_string"}}],"inLanguage":"fr-FR"},{"@type":"Organization","@id":"https:\/\/silveraudition.ch\/fr\/#organization","name":"Silver Audition","url":"https:\/\/silveraudition.ch\/fr\/","logo":{"@type":"ImageObject","inLanguage":"fr-FR","@id":"https:\/\/silveraudition.ch\/fr\/#\/schema\/logo\/image\/","url":"http:\/\/silveraudition.ch\/wp-content\/uploads\/2025\/10\/Silver-Audition.webp","contentUrl":"http:\/\/silveraudition.ch\/wp-content\/uploads\/2025\/10\/Silver-Audition.webp","width":1920,"height":1166,"caption":"Silver Audition"},"image":{"@id":"https:\/\/silveraudition.ch\/fr\/#\/schema\/logo\/image\/"}}]}},"_links":{"self":[{"href":"http:\/\/silveraudition.ch\/fr\/wp-json\/wp\/v2\/product\/3420","targetHints":{"allow":["GET"]}}],"collection":[{"href":"http:\/\/silveraudition.ch\/fr\/wp-json\/wp\/v2\/product"}],"about":[{"href":"http:\/\/silveraudition.ch\/fr\/wp-json\/wp\/v2\/types\/product"}],"replies":[{"embeddable":true,"href":"http:\/\/silveraudition.ch\/fr\/wp-json\/wp\/v2\/comments?post=3420"}],"wp:featuredmedia":[{"embeddable":true,"href":"http:\/\/silveraudition.ch\/fr\/wp-json\/wp\/v2\/media\/3406"}],"wp:attachment":[{"href":"http:\/\/silveraudition.ch\/fr\/wp-json\/wp\/v2\/media?parent=3420"}],"wp:term":[{"taxonomy":"product_brand","embeddable":true,"href":"http:\/\/silveraudition.ch\/fr\/wp-json\/wp\/v2\/product_brand?post=3420"},{"taxonomy":"product_cat","embeddable":true,"href":"http:\/\/silveraudition.ch\/fr\/wp-json\/wp\/v2\/product_cat?post=3420"},{"taxonomy":"product_tag","embeddable":true,"href":"http:\/\/silveraudition.ch\/fr\/wp-json\/wp\/v2\/product_tag?post=3420"}],"curies":[{"name":"wp","href":"https:\/\/api.w.org\/{rel}","templated":true}]}}