{"id":3432,"date":"2025-12-04T17:41:52","date_gmt":"2025-12-04T17:41:52","guid":{"rendered":"https:\/\/new.silveraudition.ch\/product\/phonak-roger-on-v3\/"},"modified":"2026-03-20T16:04:00","modified_gmt":"2026-03-20T15:04:00","slug":"phonak-roger-on-v3","status":"publish","type":"product","link":"http:\/\/silveraudition.ch\/fr\/product\/phonak-roger-on-v3\/","title":{"rendered":"Phonak RogerOn V3"},"content":{"rendered":"<p data-start=\"437\" data-end=\"844\"><strong data-start=\"437\" data-end=\"459\">Phonak RogerOn V3<\/strong> est un microphone puissant et intelligent, con\u00e7u pour vous aider \u00e0 mieux entendre dans les conversations de groupe, les environnements bruyants et les situations o\u00f9 la parole vient de diff\u00e9rentes directions. Parfait pour une utilisation quotidienne, il reconna\u00eet automatiquement si la parole vient de la gauche ou de la droite et fournit des rep\u00e8res spatiaux qui am\u00e9liorent la communication en soutenant \u00e0 la fois la conscience auditive et la conscience visuelle. <\/p>\n<p data-start=\"846\" data-end=\"1202\">RogerOn V3 agit \u00e9galement comme une aide \u00e0 la conversation avanc\u00e9e en s\u00e9lectionnant automatiquement le haut-parleur actif, ce qui vous permet de ne jamais manquer un dialogue important, m\u00eame dans des situations d&rsquo;\u00e9coute difficiles. Avec des options de connectivit\u00e9 modernes et une construction durable, il s&rsquo;agit d&rsquo;un compagnon auditif fiable et \u00e9l\u00e9gant pour les besoins de communication sociale, professionnelle et en ligne. <\/p>\n<h3 data-start=\"1204\" data-end=\"1224\"><strong data-start=\"1208\" data-end=\"1224\">Principales caract\u00e9ristiques<\/strong><\/h3>\n<ul data-start=\"1225\" data-end=\"1646\">\n<li data-start=\"1225\" data-end=\"1279\">\n<p data-start=\"1227\" data-end=\"1279\">Compr\u00e9hension am\u00e9lior\u00e9e de la parole lors des discussions de groupe<\/p>\n<\/li>\n<li data-start=\"1280\" data-end=\"1344\">\n<p data-start=\"1282\" data-end=\"1344\">Reconna\u00eet la direction de la parole gauche\/droite pour la conscience spatiale<\/p>\n<\/li>\n<li data-start=\"1345\" data-end=\"1390\">\n<p data-start=\"1347\" data-end=\"1390\">S\u00e9lectionne automatiquement la personne qui parle<\/p>\n<\/li>\n<li data-start=\"1391\" data-end=\"1440\">\n<p data-start=\"1393\" data-end=\"1440\">R\u00e9cepteurs int\u00e9gr\u00e9s illimit\u00e9s pour une utilisation flexible<\/p>\n<\/li>\n<li data-start=\"1441\" data-end=\"1484\">\n<p data-start=\"1443\" data-end=\"1484\">Fonctionne comme un casque pour les appels en ligne<\/p>\n<\/li>\n<li data-start=\"1485\" data-end=\"1544\">\n<p data-start=\"1487\" data-end=\"1544\">S&rsquo;adapte automatiquement aux environnements d&rsquo;\u00e9coute changeants<\/p>\n<\/li>\n<li data-start=\"1545\" data-end=\"1590\">\n<p data-start=\"1547\" data-end=\"1590\">R\u00e9sistant aux \u00e9claboussures pour une utilisation quotidienne sans souci<\/p>\n<\/li>\n<li data-start=\"1591\" data-end=\"1646\">\n<p data-start=\"1593\" data-end=\"1646\">\u00c9cran r\u00e9sistant aux rayures pour une \u00e9l\u00e9gance durable<\/p>\n<\/li>\n<\/ul>\n<p data-start=\"1648\" data-end=\"1757\" data-is-last-node=\"\" data-is-only-node=\"\">Si vous avez besoin d&rsquo;une version <strong data-start=\"1662\" data-end=\"1673\">plus courte<\/strong>, <strong data-start=\"1675\" data-end=\"1697\">plus ax\u00e9e sur les ventes<\/strong>, <strong data-start=\"1699\" data-end=\"1716\">optimis\u00e9e pour le r\u00e9f\u00e9rencement<\/strong> ou <strong data-start=\"1721\" data-end=\"1734\">technique<\/strong>, dites-le-moi !<\/p>\n","protected":false},"excerpt":{"rendered":"<p data-start=\"208\" data-end=\"360\">Phonak RogerOn V3 am\u00e9liore la compr\u00e9hension de la parole dans le bruit, en suivant automatiquement les locuteurs et en offrant des conversations de groupe plus claires dans n&rsquo;importe quel environnement.<\/p>\n","protected":false},"featured_media":3431,"comment_status":"open","ping_status":"closed","template":"","meta":{"_acf_changed":false},"product_brand":[],"product_cat":[110],"product_tag":[],"class_list":{"0":"post-3432","1":"product","2":"type-product","3":"status-publish","4":"has-post-thumbnail","6":"product_cat-accessories","8":"first","9":"instock","10":"shipping-taxable","11":"purchasable","12":"product-type-simple"},"acf":[],"yoast_head":"<!-- This site is optimized with the Yoast SEO plugin v26.6 - https:\/\/yoast.com\/wordpress\/plugins\/seo\/ -->\n<title>Phonak Roger On V3 | Microphone sans fil | Silver Audition<\/title>\n<meta name=\"description\" content=\"Microphone sans fil Phonak Roger On V3 pour une parole plus claire dans les environnements bruyants. Suivi automatique du locuteur pour les conversations de groupe. CHF 2&#039;000. Morges &amp; Vevey.\" \/>\n<meta name=\"robots\" content=\"noindex, follow, max-snippet:-1, max-image-preview:large, max-video-preview:-1\" \/>\n<meta property=\"og:locale\" content=\"fr_FR\" \/>\n<meta property=\"og:type\" content=\"article\" \/>\n<meta property=\"og:title\" content=\"Phonak Roger On V3 | Microphone sans fil | Silver Audition\" \/>\n<meta property=\"og:description\" content=\"Microphone sans fil Phonak Roger On V3 pour une parole plus claire dans les environnements bruyants. Suivi automatique du locuteur pour les conversations de groupe. CHF 2&#039;000. Morges &amp; Vevey.\" \/>\n<meta property=\"og:url\" content=\"http:\/\/silveraudition.ch\/fr\/product\/phonak-roger-on-v3\/\" \/>\n<meta property=\"og:site_name\" content=\"Silver Audition\" \/>\n<meta property=\"article:modified_time\" content=\"2026-03-20T15:04:00+00:00\" \/>\n<meta property=\"og:image\" content=\"https:\/\/silveraudition.ch\/wp-content\/uploads\/2025\/12\/ph-packshot-roger-on-front-perspective1-056-3010-p5-ne-4.png\" \/>\n\t<meta property=\"og:image:width\" content=\"768\" \/>\n\t<meta property=\"og:image:height\" content=\"768\" \/>\n\t<meta property=\"og:image:type\" content=\"image\/png\" \/>\n<meta name=\"twitter:card\" content=\"summary_large_image\" \/>\n<meta name=\"twitter:label1\" content=\"Dur\u00e9e de lecture estim\u00e9e\" \/>\n\t<meta name=\"twitter:data1\" content=\"2 minutes\" \/>\n<script type=\"application\/ld+json\" class=\"yoast-schema-graph\">{\"@context\":\"https:\/\/schema.org\",\"@graph\":[{\"@type\":\"WebPage\",\"@id\":\"http:\/\/silveraudition.ch\/fr\/product\/phonak-roger-on-v3\/\",\"url\":\"http:\/\/silveraudition.ch\/fr\/product\/phonak-roger-on-v3\/\",\"name\":\"Phonak Roger On V3 | Microphone sans fil | Silver Audition\",\"isPartOf\":{\"@id\":\"https:\/\/silveraudition.ch\/fr\/#website\"},\"primaryImageOfPage\":{\"@id\":\"http:\/\/silveraudition.ch\/fr\/product\/phonak-roger-on-v3\/#primaryimage\"},\"image\":{\"@id\":\"http:\/\/silveraudition.ch\/fr\/product\/phonak-roger-on-v3\/#primaryimage\"},\"thumbnailUrl\":\"http:\/\/silveraudition.ch\/wp-content\/uploads\/2025\/12\/ph-packshot-roger-on-front-perspective1-056-3010-p5-ne-4.png\",\"datePublished\":\"2025-12-04T17:41:52+00:00\",\"dateModified\":\"2026-03-20T15:04:00+00:00\",\"description\":\"Microphone sans fil Phonak Roger On V3 pour une parole plus claire dans les environnements bruyants. Suivi automatique du locuteur pour les conversations de groupe. CHF 2'000. Morges & Vevey.\",\"breadcrumb\":{\"@id\":\"http:\/\/silveraudition.ch\/fr\/product\/phonak-roger-on-v3\/#breadcrumb\"},\"inLanguage\":\"fr-FR\",\"potentialAction\":[{\"@type\":\"ReadAction\",\"target\":[\"http:\/\/silveraudition.ch\/fr\/product\/phonak-roger-on-v3\/\"]}]},{\"@type\":\"ImageObject\",\"inLanguage\":\"fr-FR\",\"@id\":\"http:\/\/silveraudition.ch\/fr\/product\/phonak-roger-on-v3\/#primaryimage\",\"url\":\"http:\/\/silveraudition.ch\/wp-content\/uploads\/2025\/12\/ph-packshot-roger-on-front-perspective1-056-3010-p5-ne-4.png\",\"contentUrl\":\"http:\/\/silveraudition.ch\/wp-content\/uploads\/2025\/12\/ph-packshot-roger-on-front-perspective1-056-3010-p5-ne-4.png\",\"width\":768,\"height\":768},{\"@type\":\"BreadcrumbList\",\"@id\":\"http:\/\/silveraudition.ch\/fr\/product\/phonak-roger-on-v3\/#breadcrumb\",\"itemListElement\":[{\"@type\":\"ListItem\",\"position\":1,\"name\":\"Accueil\",\"item\":\"https:\/\/silveraudition.ch\/fr\/\"},{\"@type\":\"ListItem\",\"position\":2,\"name\":\"Boutique\",\"item\":\"https:\/\/silveraudition.ch\/fr\/boutique\/\"},{\"@type\":\"ListItem\",\"position\":3,\"name\":\"Phonak RogerOn V3\"}]},{\"@type\":\"WebSite\",\"@id\":\"https:\/\/silveraudition.ch\/fr\/#website\",\"url\":\"https:\/\/silveraudition.ch\/fr\/\",\"name\":\"Silver Audition\",\"description\":\"Mieux entendre. Vivre pleinement.\",\"publisher\":{\"@id\":\"https:\/\/silveraudition.ch\/fr\/#organization\"},\"potentialAction\":[{\"@type\":\"SearchAction\",\"target\":{\"@type\":\"EntryPoint\",\"urlTemplate\":\"https:\/\/silveraudition.ch\/fr\/?s={search_term_string}\"},\"query-input\":{\"@type\":\"PropertyValueSpecification\",\"valueRequired\":true,\"valueName\":\"search_term_string\"}}],\"inLanguage\":\"fr-FR\"},{\"@type\":\"Organization\",\"@id\":\"https:\/\/silveraudition.ch\/fr\/#organization\",\"name\":\"Silver Audition\",\"url\":\"https:\/\/silveraudition.ch\/fr\/\",\"logo\":{\"@type\":\"ImageObject\",\"inLanguage\":\"fr-FR\",\"@id\":\"https:\/\/silveraudition.ch\/fr\/#\/schema\/logo\/image\/\",\"url\":\"http:\/\/silveraudition.ch\/wp-content\/uploads\/2025\/10\/Silver-Audition.webp\",\"contentUrl\":\"http:\/\/silveraudition.ch\/wp-content\/uploads\/2025\/10\/Silver-Audition.webp\",\"width\":1920,\"height\":1166,\"caption\":\"Silver Audition\"},\"image\":{\"@id\":\"https:\/\/silveraudition.ch\/fr\/#\/schema\/logo\/image\/\"}}]}<\/script>\n<!-- \/ Yoast SEO plugin. -->","yoast_head_json":{"title":"Phonak Roger On V3 | Microphone sans fil | Silver Audition","description":"Microphone sans fil Phonak Roger On V3 pour une parole plus claire dans les environnements bruyants. Suivi automatique du locuteur pour les conversations de groupe. CHF 2'000. Morges & Vevey.","robots":{"index":"noindex","follow":"follow","max-snippet":"max-snippet:-1","max-image-preview":"max-image-preview:large","max-video-preview":"max-video-preview:-1"},"og_locale":"fr_FR","og_type":"article","og_title":"Phonak Roger On V3 | Microphone sans fil | Silver Audition","og_description":"Microphone sans fil Phonak Roger On V3 pour une parole plus claire dans les environnements bruyants. Suivi automatique du locuteur pour les conversations de groupe. CHF 2'000. Morges & Vevey.","og_url":"http:\/\/silveraudition.ch\/fr\/product\/phonak-roger-on-v3\/","og_site_name":"Silver Audition","article_modified_time":"2026-03-20T15:04:00+00:00","og_image":[{"width":768,"height":768,"url":"https:\/\/silveraudition.ch\/wp-content\/uploads\/2025\/12\/ph-packshot-roger-on-front-perspective1-056-3010-p5-ne-4.png","type":"image\/png"}],"twitter_card":"summary_large_image","twitter_misc":{"Dur\u00e9e de lecture estim\u00e9e":"2 minutes"},"schema":{"@context":"https:\/\/schema.org","@graph":[{"@type":"WebPage","@id":"http:\/\/silveraudition.ch\/fr\/product\/phonak-roger-on-v3\/","url":"http:\/\/silveraudition.ch\/fr\/product\/phonak-roger-on-v3\/","name":"Phonak Roger On V3 | Microphone sans fil | Silver Audition","isPartOf":{"@id":"https:\/\/silveraudition.ch\/fr\/#website"},"primaryImageOfPage":{"@id":"http:\/\/silveraudition.ch\/fr\/product\/phonak-roger-on-v3\/#primaryimage"},"image":{"@id":"http:\/\/silveraudition.ch\/fr\/product\/phonak-roger-on-v3\/#primaryimage"},"thumbnailUrl":"http:\/\/silveraudition.ch\/wp-content\/uploads\/2025\/12\/ph-packshot-roger-on-front-perspective1-056-3010-p5-ne-4.png","datePublished":"2025-12-04T17:41:52+00:00","dateModified":"2026-03-20T15:04:00+00:00","description":"Microphone sans fil Phonak Roger On V3 pour une parole plus claire dans les environnements bruyants. Suivi automatique du locuteur pour les conversations de groupe. CHF 2'000. Morges & Vevey.","breadcrumb":{"@id":"http:\/\/silveraudition.ch\/fr\/product\/phonak-roger-on-v3\/#breadcrumb"},"inLanguage":"fr-FR","potentialAction":[{"@type":"ReadAction","target":["http:\/\/silveraudition.ch\/fr\/product\/phonak-roger-on-v3\/"]}]},{"@type":"ImageObject","inLanguage":"fr-FR","@id":"http:\/\/silveraudition.ch\/fr\/product\/phonak-roger-on-v3\/#primaryimage","url":"http:\/\/silveraudition.ch\/wp-content\/uploads\/2025\/12\/ph-packshot-roger-on-front-perspective1-056-3010-p5-ne-4.png","contentUrl":"http:\/\/silveraudition.ch\/wp-content\/uploads\/2025\/12\/ph-packshot-roger-on-front-perspective1-056-3010-p5-ne-4.png","width":768,"height":768},{"@type":"BreadcrumbList","@id":"http:\/\/silveraudition.ch\/fr\/product\/phonak-roger-on-v3\/#breadcrumb","itemListElement":[{"@type":"ListItem","position":1,"name":"Accueil","item":"https:\/\/silveraudition.ch\/fr\/"},{"@type":"ListItem","position":2,"name":"Boutique","item":"https:\/\/silveraudition.ch\/fr\/boutique\/"},{"@type":"ListItem","position":3,"name":"Phonak RogerOn V3"}]},{"@type":"WebSite","@id":"https:\/\/silveraudition.ch\/fr\/#website","url":"https:\/\/silveraudition.ch\/fr\/","name":"Silver Audition","description":"Mieux entendre. Vivre pleinement.","publisher":{"@id":"https:\/\/silveraudition.ch\/fr\/#organization"},"potentialAction":[{"@type":"SearchAction","target":{"@type":"EntryPoint","urlTemplate":"https:\/\/silveraudition.ch\/fr\/?s={search_term_string}"},"query-input":{"@type":"PropertyValueSpecification","valueRequired":true,"valueName":"search_term_string"}}],"inLanguage":"fr-FR"},{"@type":"Organization","@id":"https:\/\/silveraudition.ch\/fr\/#organization","name":"Silver Audition","url":"https:\/\/silveraudition.ch\/fr\/","logo":{"@type":"ImageObject","inLanguage":"fr-FR","@id":"https:\/\/silveraudition.ch\/fr\/#\/schema\/logo\/image\/","url":"http:\/\/silveraudition.ch\/wp-content\/uploads\/2025\/10\/Silver-Audition.webp","contentUrl":"http:\/\/silveraudition.ch\/wp-content\/uploads\/2025\/10\/Silver-Audition.webp","width":1920,"height":1166,"caption":"Silver Audition"},"image":{"@id":"https:\/\/silveraudition.ch\/fr\/#\/schema\/logo\/image\/"}}]}},"_links":{"self":[{"href":"http:\/\/silveraudition.ch\/fr\/wp-json\/wp\/v2\/product\/3432","targetHints":{"allow":["GET"]}}],"collection":[{"href":"http:\/\/silveraudition.ch\/fr\/wp-json\/wp\/v2\/product"}],"about":[{"href":"http:\/\/silveraudition.ch\/fr\/wp-json\/wp\/v2\/types\/product"}],"replies":[{"embeddable":true,"href":"http:\/\/silveraudition.ch\/fr\/wp-json\/wp\/v2\/comments?post=3432"}],"wp:featuredmedia":[{"embeddable":true,"href":"http:\/\/silveraudition.ch\/fr\/wp-json\/wp\/v2\/media\/3431"}],"wp:attachment":[{"href":"http:\/\/silveraudition.ch\/fr\/wp-json\/wp\/v2\/media?parent=3432"}],"wp:term":[{"taxonomy":"product_brand","embeddable":true,"href":"http:\/\/silveraudition.ch\/fr\/wp-json\/wp\/v2\/product_brand?post=3432"},{"taxonomy":"product_cat","embeddable":true,"href":"http:\/\/silveraudition.ch\/fr\/wp-json\/wp\/v2\/product_cat?post=3432"},{"taxonomy":"product_tag","embeddable":true,"href":"http:\/\/silveraudition.ch\/fr\/wp-json\/wp\/v2\/product_tag?post=3432"}],"curies":[{"name":"wp","href":"https:\/\/api.w.org\/{rel}","templated":true}]}}