{"id":3012,"date":"2025-11-26T17:41:04","date_gmt":"2025-11-26T17:41:04","guid":{"rendered":"https:\/\/new.silveraudition.ch\/mon-compte\/"},"modified":"2026-01-19T21:23:19","modified_gmt":"2026-01-19T21:23:19","slug":"mon-compte","status":"publish","type":"page","link":"https:\/\/silveraudition.ch\/fr\/mon-compte\/","title":{"rendered":"Mon compte"},"content":{"rendered":"\t\t<div data-elementor-type=\"wp-page\" data-elementor-id=\"3012\" class=\"elementor elementor-3012 elementor-1620\" data-elementor-post-type=\"page\">\n\t\t\t\t<div class=\"elementor-element elementor-element-2bb3e0ec e-flex e-con-boxed e-con e-parent\" data-id=\"2bb3e0ec\" data-element_type=\"container\">\n\t\t\t\t\t<div class=\"e-con-inner\">\n\t\t<div class=\"elementor-element elementor-element-dd75927 e-con-full e-flex e-con e-child\" data-id=\"dd75927\" data-element_type=\"container\">\n\t\t\t\t<div class=\"elementor-element elementor-element-081a3c4 e-my-account-tabs-vertical elementor-widget elementor-widget-woocommerce-my-account\" data-id=\"081a3c4\" data-element_type=\"widget\" data-widget_type=\"woocommerce-my-account.default\">\n\t\t\t\t<div class=\"elementor-widget-container\">\n\t\t\t\t\t<div class=\"e-my-account-tab e-my-account-tab__ \">\t\t\t<div class=\"woocommerce\"><\/div>\t\t<\/div>\n\t\t\t\t\t\t<\/div>\n\t\t\t\t<\/div>\n\t\t\t\t<\/div>\n\t\t\t\t\t<\/div>\n\t\t\t\t<\/div>\n\t\t\t\t<\/div>\n\t\t","protected":false},"excerpt":{"rendered":"<p>Tableau de bord Ordres T\u00e9l\u00e9chargements Adresses D\u00e9tails du compte D\u00e9connexion Hello qasimsardar7203 (not qasimsardar7203? Log out) From your account dashboard you can view your recent orders, manage your shipping and billing addresses, and edit your password and account details.<\/p>\n","protected":false},"author":1,"featured_media":0,"parent":0,"menu_order":0,"comment_status":"closed","ping_status":"closed","template":"elementor_header_footer","meta":{"_acf_changed":false,"footnotes":""},"class_list":["post-3012","page","type-page","status-publish","hentry"],"acf":[],"yoast_head":"<!-- This site is optimized with the Yoast SEO plugin v26.6 - https:\/\/yoast.com\/wordpress\/plugins\/seo\/ -->\n<title>Mon compte - Silver Audition<\/title>\n<meta name=\"robots\" content=\"noindex, follow, max-snippet:-1, max-image-preview:large, max-video-preview:-1\" \/>\n<meta property=\"og:locale\" content=\"fr_FR\" \/>\n<meta property=\"og:type\" content=\"article\" \/>\n<meta property=\"og:title\" content=\"Mon compte - Silver Audition\" \/>\n<meta property=\"og:description\" content=\"Tableau de bord Ordres T\u00e9l\u00e9chargements Adresses D\u00e9tails du compte D\u00e9connexion Hello qasimsardar7203 (not qasimsardar7203? Log out) From your account dashboard you can view your recent orders, manage your shipping and billing addresses, and edit your password and account details.\" \/>\n<meta property=\"og:url\" content=\"https:\/\/silveraudition.ch\/fr\/mon-compte\/\" \/>\n<meta property=\"og:site_name\" content=\"Silver Audition\" \/>\n<meta property=\"article:modified_time\" content=\"2026-01-19T21:23:19+00:00\" \/>\n<meta name=\"twitter:card\" content=\"summary_large_image\" \/>\n<meta name=\"twitter:label1\" content=\"Dur\u00e9e de lecture estim\u00e9e\" \/>\n\t<meta name=\"twitter:data1\" content=\"2 minutes\" \/>\n<script type=\"application\/ld+json\" class=\"yoast-schema-graph\">{\"@context\":\"https:\/\/schema.org\",\"@graph\":[{\"@type\":\"WebPage\",\"@id\":\"https:\/\/silveraudition.ch\/fr\/mon-compte\/\",\"url\":\"https:\/\/silveraudition.ch\/fr\/mon-compte\/\",\"name\":\"Mon compte - Silver Audition\",\"isPartOf\":{\"@id\":\"http:\/\/silveraudition.ch\/fr\/#website\"},\"datePublished\":\"2025-11-26T17:41:04+00:00\",\"dateModified\":\"2026-01-19T21:23:19+00:00\",\"breadcrumb\":{\"@id\":\"https:\/\/silveraudition.ch\/fr\/mon-compte\/#breadcrumb\"},\"inLanguage\":\"fr-FR\",\"potentialAction\":[{\"@type\":\"ReadAction\",\"target\":[\"https:\/\/silveraudition.ch\/fr\/mon-compte\/\"]}]},{\"@type\":\"BreadcrumbList\",\"@id\":\"https:\/\/silveraudition.ch\/fr\/mon-compte\/#breadcrumb\",\"itemListElement\":[{\"@type\":\"ListItem\",\"position\":1,\"name\":\"Accueil\",\"item\":\"http:\/\/silveraudition.ch\/fr\/\"},{\"@type\":\"ListItem\",\"position\":2,\"name\":\"Mon compte\"}]},{\"@type\":\"WebSite\",\"@id\":\"http:\/\/silveraudition.ch\/fr\/#website\",\"url\":\"http:\/\/silveraudition.ch\/fr\/\",\"name\":\"Silver Audition\",\"description\":\"Mieux entendre. Vivre pleinement.\",\"publisher\":{\"@id\":\"http:\/\/silveraudition.ch\/fr\/#organization\"},\"potentialAction\":[{\"@type\":\"SearchAction\",\"target\":{\"@type\":\"EntryPoint\",\"urlTemplate\":\"http:\/\/silveraudition.ch\/fr\/?s={search_term_string}\"},\"query-input\":{\"@type\":\"PropertyValueSpecification\",\"valueRequired\":true,\"valueName\":\"search_term_string\"}}],\"inLanguage\":\"fr-FR\"},{\"@type\":\"Organization\",\"@id\":\"http:\/\/silveraudition.ch\/fr\/#organization\",\"name\":\"Silver Audition\",\"url\":\"http:\/\/silveraudition.ch\/fr\/\",\"logo\":{\"@type\":\"ImageObject\",\"inLanguage\":\"fr-FR\",\"@id\":\"http:\/\/silveraudition.ch\/fr\/#\/schema\/logo\/image\/\",\"url\":\"https:\/\/silveraudition.ch\/wp-content\/uploads\/2025\/10\/Silver-Audition.webp\",\"contentUrl\":\"https:\/\/silveraudition.ch\/wp-content\/uploads\/2025\/10\/Silver-Audition.webp\",\"width\":1920,\"height\":1166,\"caption\":\"Silver Audition\"},\"image\":{\"@id\":\"http:\/\/silveraudition.ch\/fr\/#\/schema\/logo\/image\/\"}}]}<\/script>\n<!-- \/ Yoast SEO plugin. -->","yoast_head_json":{"title":"Mon compte - Silver Audition","robots":{"index":"noindex","follow":"follow","max-snippet":"max-snippet:-1","max-image-preview":"max-image-preview:large","max-video-preview":"max-video-preview:-1"},"og_locale":"fr_FR","og_type":"article","og_title":"Mon compte - Silver Audition","og_description":"Tableau de bord Ordres T\u00e9l\u00e9chargements Adresses D\u00e9tails du compte D\u00e9connexion Hello qasimsardar7203 (not qasimsardar7203? Log out) From your account dashboard you can view your recent orders, manage your shipping and billing addresses, and edit your password and account details.","og_url":"https:\/\/silveraudition.ch\/fr\/mon-compte\/","og_site_name":"Silver Audition","article_modified_time":"2026-01-19T21:23:19+00:00","twitter_card":"summary_large_image","twitter_misc":{"Dur\u00e9e de lecture estim\u00e9e":"2 minutes"},"schema":{"@context":"https:\/\/schema.org","@graph":[{"@type":"WebPage","@id":"https:\/\/silveraudition.ch\/fr\/mon-compte\/","url":"https:\/\/silveraudition.ch\/fr\/mon-compte\/","name":"Mon compte - Silver Audition","isPartOf":{"@id":"http:\/\/silveraudition.ch\/fr\/#website"},"datePublished":"2025-11-26T17:41:04+00:00","dateModified":"2026-01-19T21:23:19+00:00","breadcrumb":{"@id":"https:\/\/silveraudition.ch\/fr\/mon-compte\/#breadcrumb"},"inLanguage":"fr-FR","potentialAction":[{"@type":"ReadAction","target":["https:\/\/silveraudition.ch\/fr\/mon-compte\/"]}]},{"@type":"BreadcrumbList","@id":"https:\/\/silveraudition.ch\/fr\/mon-compte\/#breadcrumb","itemListElement":[{"@type":"ListItem","position":1,"name":"Accueil","item":"http:\/\/silveraudition.ch\/fr\/"},{"@type":"ListItem","position":2,"name":"Mon compte"}]},{"@type":"WebSite","@id":"http:\/\/silveraudition.ch\/fr\/#website","url":"http:\/\/silveraudition.ch\/fr\/","name":"Silver Audition","description":"Mieux entendre. Vivre pleinement.","publisher":{"@id":"http:\/\/silveraudition.ch\/fr\/#organization"},"potentialAction":[{"@type":"SearchAction","target":{"@type":"EntryPoint","urlTemplate":"http:\/\/silveraudition.ch\/fr\/?s={search_term_string}"},"query-input":{"@type":"PropertyValueSpecification","valueRequired":true,"valueName":"search_term_string"}}],"inLanguage":"fr-FR"},{"@type":"Organization","@id":"http:\/\/silveraudition.ch\/fr\/#organization","name":"Silver Audition","url":"http:\/\/silveraudition.ch\/fr\/","logo":{"@type":"ImageObject","inLanguage":"fr-FR","@id":"http:\/\/silveraudition.ch\/fr\/#\/schema\/logo\/image\/","url":"https:\/\/silveraudition.ch\/wp-content\/uploads\/2025\/10\/Silver-Audition.webp","contentUrl":"https:\/\/silveraudition.ch\/wp-content\/uploads\/2025\/10\/Silver-Audition.webp","width":1920,"height":1166,"caption":"Silver Audition"},"image":{"@id":"http:\/\/silveraudition.ch\/fr\/#\/schema\/logo\/image\/"}}]}},"_links":{"self":[{"href":"https:\/\/silveraudition.ch\/fr\/wp-json\/wp\/v2\/pages\/3012","targetHints":{"allow":["GET"]}}],"collection":[{"href":"https:\/\/silveraudition.ch\/fr\/wp-json\/wp\/v2\/pages"}],"about":[{"href":"https:\/\/silveraudition.ch\/fr\/wp-json\/wp\/v2\/types\/page"}],"author":[{"embeddable":true,"href":"https:\/\/silveraudition.ch\/fr\/wp-json\/wp\/v2\/users\/1"}],"replies":[{"embeddable":true,"href":"https:\/\/silveraudition.ch\/fr\/wp-json\/wp\/v2\/comments?post=3012"}],"version-history":[{"count":3,"href":"https:\/\/silveraudition.ch\/fr\/wp-json\/wp\/v2\/pages\/3012\/revisions"}],"predecessor-version":[{"id":3606,"href":"https:\/\/silveraudition.ch\/fr\/wp-json\/wp\/v2\/pages\/3012\/revisions\/3606"}],"wp:attachment":[{"href":"https:\/\/silveraudition.ch\/fr\/wp-json\/wp\/v2\/media?parent=3012"}],"curies":[{"name":"wp","href":"https:\/\/api.w.org\/{rel}","templated":true}]}}