{"id":3052,"date":"2025-12-24T13:15:05","date_gmt":"2025-12-24T13:15:05","guid":{"rendered":"https:\/\/new.silveraudition.ch\/gerer-votre-soutien-financier\/"},"modified":"2026-01-26T19:16:34","modified_gmt":"2026-01-26T19:16:34","slug":"gerer-votre-soutien-financier","status":"publish","type":"page","link":"https:\/\/silveraudition.ch\/fr\/gerer-votre-soutien-financier\/","title":{"rendered":"G\u00e9rer votre soutien financier"},"content":{"rendered":"\t\t<div data-elementor-type=\"wp-page\" data-elementor-id=\"3052\" class=\"elementor elementor-3052 elementor-2511\" data-elementor-post-type=\"page\">\n\t\t\t\t<div class=\"elementor-element elementor-element-1969a24 e-flex e-con-boxed e-con e-parent\" data-id=\"1969a24\" data-element_type=\"container\">\n\t\t\t\t\t<div class=\"e-con-inner\">\n\t\t<div class=\"elementor-element elementor-element-abd5f41 e-con-full e-flex e-con e-child\" data-id=\"abd5f41\" data-element_type=\"container\">\n\t\t<div class=\"elementor-element elementor-element-1ded7f5 e-con-full e-flex e-con e-child\" data-id=\"1ded7f5\" data-element_type=\"container\">\n\t\t\t\t<div class=\"elementor-element elementor-element-efab1c5 elementor-widget elementor-widget-heading\" data-id=\"efab1c5\" data-element_type=\"widget\" data-widget_type=\"heading.default\">\n\t\t\t\t<div class=\"elementor-widget-container\">\n\t\t\t\t\t<h1 class=\"elementor-heading-title elementor-size-default\">G\u00e9rer votre soutien financier<\/h1>\t\t\t\t<\/div>\n\t\t\t\t<\/div>\n\t\t\t\t<div class=\"elementor-element elementor-element-f01fd8e elementor-widget__width-initial elementor-widget elementor-widget-text-editor\" data-id=\"f01fd8e\" data-element_type=\"widget\" data-widget_type=\"text-editor.default\">\n\t\t\t\t<div class=\"elementor-widget-container\">\n\t\t\t\t\t\t\t\t\t<p>Understanding and applying for financial aid can be complex. We handle all the paperwork for you, ensuring you receive the maximum reimbursement you\u2019re entitled to from Swiss institutions like AI, AVS, and SUVA. Here\u2019s a simplified overview of the most common contributions.  <\/p>\t\t\t\t\t\t\t\t<\/div>\n\t\t\t\t<\/div>\n\t\t\t\t<\/div>\n\t\t\t\t<\/div>\n\t\t\t\t\t<\/div>\n\t\t\t\t<\/div>\n\t\t<div class=\"elementor-element elementor-element-2009640 e-flex e-con-boxed e-con e-parent\" data-id=\"2009640\" data-element_type=\"container\" data-settings=\"{&quot;background_background&quot;:&quot;classic&quot;}\">\n\t\t\t\t\t<div class=\"e-con-inner\">\n\t\t\t\t<div class=\"elementor-element elementor-element-5ff45b4 elementor-widget__width-initial elementor-widget elementor-widget-html\" data-id=\"5ff45b4\" data-element_type=\"widget\" data-widget_type=\"html.default\">\n\t\t\t\t<div class=\"elementor-widget-container\">\n\t\t\t\t\t<style>\r\n\/* Base table *\/\r\n.hearing-table {\r\n  width: 100%;\r\n  border-collapse: collapse;\r\n  font-family: Arial, sans-serif;\r\n}\r\n\r\n.hearing-table thead {\r\n  background: #248b55;\r\n  color: #fff;\r\n}\r\n\r\n.hearing-table th,\r\n.hearing-table td {\r\n  padding: 14px;\r\n  border: 1px solid #d9d9d9;\r\n  text-align: left;\r\n  vertical-align: top;\r\n}\r\n\r\n.hearing-table th {\r\n  font-weight: 600;\r\n}\r\n\r\n.hearing-table tbody tr:nth-child(even) {\r\n  background: #f4f4f4;\r\n}\r\n\r\n\/* Responsive *\/\r\n@media (max-width: 991px) {\r\n  .hearing-table thead {\r\n    display: none;\r\n  }\r\n\r\n  .hearing-table,\r\n  .hearing-table tbody,\r\n  .hearing-table tr,\r\n  .hearing-table td {\r\n    display: block;\r\n    width: 100%;\r\n  }\r\n\r\n  .hearing-table tr {\r\n    margin-bottom: 18px;\r\n    border: 1px solid #ddd;\r\n    border-radius: 8px;\r\n    background: #fff;\r\n    overflow: hidden;\r\n  }\r\n\r\n  .hearing-table td {\r\n    border: none;\r\n    border-bottom: 1px solid #eee;\r\n    padding: 12px 14px;\r\n  }\r\n\r\n  .hearing-table td::before {\r\n    content: attr(data-label);\r\n    display: block;\r\n    font-weight: 600;\r\n    color: #248b55;\r\n    margin-bottom: 6px;\r\n  }\r\n\r\n  .hearing-table td:last-child {\r\n    border-bottom: none;\r\n  }\r\n}\r\n<\/style>\r\n\r\n<table class=\"hearing-table\">\r\n  <thead>\r\n    <tr>\r\n      <th>Institution<\/th>\r\n<th>Eligibility<\/th>\r\n<th>Minimum Hearing Loss Measured by Approved ENT<\/th>\r\n<th>Support Provided Every<\/th>\r\n<th>Swiss francs, VAT included<br>1 ear \/ 2 ears<\/th>\r\n    <\/tr>\r\n  <\/thead>\r\n\r\n  <tbody>\r\n    <tr>\r\n      <td data-label=\"Institution\">AI<\/td>\r\n<td data-label=\"Eligibility\">\r\nYou are not yet receiving a Swiss AVS pension\r\n<\/td>\r\n<td data-label=\"Minimum Hearing Loss\">20%<\/td>\r\n<td data-label=\"Support Provided Every\">6 years<\/td>\r\n<td data-label=\"Swiss francs\">840 \/ 1650<\/td>\r\n    <\/tr>\r\n\r\n    <tr>\r\n      <td data-label=\"Institution\">AI Acquired Right<\/td>\r\n<td data-label=\"Eligibility\">\r\nYou now receive a Swiss AVS pension and you previously\r\nreceived financial support for hearing aids before getting\r\nyour pension\r\n<\/td>\r\n<td data-label=\"Minimum Hearing Loss\">20%<\/td>\r\n<td data-label=\"Support Provided Every\">6 years<\/td>\r\n<td data-label=\"Swiss francs\">840 \/ 1650<\/td>\r\n    <\/tr>\r\n\r\n    <tr>\r\n      <td data-label=\"Institution\">AVS<\/td>\r\n<td data-label=\"Eligibility\">\r\nYou now receive a Swiss AVS pension\r\n<\/td>\r\n<td data-label=\"Minimum Hearing Loss\">35%<\/td>\r\n<td data-label=\"Support Provided Every\">5 years<\/td>\r\n<td data-label=\"Swiss francs\">630 \/ 1237.50<\/td>\r\n    <\/tr>\r\n\r\n    <tr>\r\n      <td data-label=\"Institution\">SUVA<\/td>\r\n<td data-label=\"Eligibility\">\r\nYour hearing loss occurred as a result of work in Switzerland.\r\n<\/td>\r\n<td data-label=\"Minimum Hearing Loss\">20%<\/td>\r\n<td data-label=\"Support Provided Every\">6 years<\/td>\r\n<td data-label=\"Swiss francs\">\r\n1398 \/ 2175 Simple\r\n2016 \/ 3200 Complex<br><\/td> \r\n    <\/tr>\r\n\r\n    <tr>\r\n      <td data-label=\"Institution\">AMF<\/td>\r\n<td data-label=\"Eligibility\">\r\nYour hearing loss occurred as a result of military service in Switzerland.\r\n<\/td>\r\n<td data-label=\"Minimum Hearing Loss\">20%<\/td>\r\n<td data-label=\"Support Provided Every\">6 years<\/td>\r\n<td data-label=\"Swiss francs\">\r\n1398 \/ 2175 Simple\r\n2016 \/ 3200 Complex<br><\/td> \r\n    <\/tr>\r\n\r\n    <tr>\r\n      <td data-label=\"Institution\">Health Insurance<\/td>\r\n<td data-label=\"Eligibility\">\r\nYou have supplementary health insurance\r\n<\/td>\r\n<td data-label=\"Minimum Hearing Loss\">\u2014<\/td>\r\n<td data-label=\"Support Provided Every\">\u2014<\/td>\r\n<td data-label=\"Swiss francs\">\r\nDepends on your policy\u2019s specific terms\r\n<\/td> \r\n    <\/tr>\r\n  <\/tbody>\r\n<\/table>\r\n\t\t\t\t<\/div>\n\t\t\t\t<\/div>\n\t\t\t\t\t<\/div>\n\t\t\t\t<\/div>\n\t\t\t\t<\/div>\n\t\t","protected":false},"excerpt":{"rendered":"<p>G\u00e9rer votre soutien financier Understanding and applying for financial aid can be complex. We handle all the paperwork for you, ensuring you receive the maximum reimbursement you\u2019re entitled to from Swiss institutions like AI, AVS, and SUVA. Here\u2019s a simplified overview of the most common contributions. Institution Eligibility Minimum Hearing Loss Measured by Approved ENT [&hellip;]<\/p>\n","protected":false},"author":1,"featured_media":0,"parent":0,"menu_order":0,"comment_status":"closed","ping_status":"closed","template":"elementor_header_footer","meta":{"_acf_changed":false,"footnotes":""},"class_list":["post-3052","page","type-page","status-publish","hentry"],"acf":[],"yoast_head":"<!-- This site is optimized with the Yoast SEO plugin v26.6 - https:\/\/yoast.com\/wordpress\/plugins\/seo\/ -->\n<title>Remboursement Appareils Auditifs | AI, AVS, SUVA | Silver Audition<\/title>\n<meta name=\"description\" content=\"D\u00e9couvrez les aides financi\u00e8res pour vos appareils auditifs en Suisse. Nous g\u00e9rons toutes vos d\u00e9marches AI, AVS et SUVA. Silver Audition, Morges &amp; Vevey.\" \/>\n<meta name=\"robots\" content=\"noindex, follow, max-snippet:-1, max-image-preview:large, max-video-preview:-1\" \/>\n<meta property=\"og:locale\" content=\"fr_FR\" \/>\n<meta property=\"og:type\" content=\"article\" \/>\n<meta property=\"og:title\" content=\"Remboursement Appareils Auditifs | AI, AVS, SUVA | Silver Audition\" \/>\n<meta property=\"og:description\" content=\"D\u00e9couvrez les aides financi\u00e8res pour vos appareils auditifs en Suisse. Nous g\u00e9rons toutes vos d\u00e9marches AI, AVS et SUVA. Silver Audition, Morges &amp; Vevey.\" \/>\n<meta property=\"og:url\" content=\"https:\/\/silveraudition.ch\/fr\/gerer-votre-soutien-financier\/\" \/>\n<meta property=\"og:site_name\" content=\"Silver Audition\" \/>\n<meta property=\"article:modified_time\" content=\"2026-01-26T19:16:34+00:00\" \/>\n<meta name=\"twitter:card\" content=\"summary_large_image\" \/>\n<meta name=\"twitter:label1\" content=\"Dur\u00e9e de lecture estim\u00e9e\" \/>\n\t<meta name=\"twitter:data1\" content=\"1 minute\" \/>\n<script type=\"application\/ld+json\" class=\"yoast-schema-graph\">{\"@context\":\"https:\/\/schema.org\",\"@graph\":[{\"@type\":\"WebPage\",\"@id\":\"https:\/\/silveraudition.ch\/fr\/gerer-votre-soutien-financier\/\",\"url\":\"https:\/\/silveraudition.ch\/fr\/gerer-votre-soutien-financier\/\",\"name\":\"Remboursement Appareils Auditifs | AI, AVS, SUVA | Silver Audition\",\"isPartOf\":{\"@id\":\"http:\/\/silveraudition.ch\/fr\/#website\"},\"datePublished\":\"2025-12-24T13:15:05+00:00\",\"dateModified\":\"2026-01-26T19:16:34+00:00\",\"description\":\"D\u00e9couvrez les aides financi\u00e8res pour vos appareils auditifs en Suisse. Nous g\u00e9rons toutes vos d\u00e9marches AI, AVS et SUVA. Silver Audition, Morges & Vevey.\",\"breadcrumb\":{\"@id\":\"https:\/\/silveraudition.ch\/fr\/gerer-votre-soutien-financier\/#breadcrumb\"},\"inLanguage\":\"fr-FR\",\"potentialAction\":[{\"@type\":\"ReadAction\",\"target\":[\"https:\/\/silveraudition.ch\/fr\/gerer-votre-soutien-financier\/\"]}]},{\"@type\":\"BreadcrumbList\",\"@id\":\"https:\/\/silveraudition.ch\/fr\/gerer-votre-soutien-financier\/#breadcrumb\",\"itemListElement\":[{\"@type\":\"ListItem\",\"position\":1,\"name\":\"Accueil\",\"item\":\"http:\/\/silveraudition.ch\/fr\/\"},{\"@type\":\"ListItem\",\"position\":2,\"name\":\"G\u00e9rer votre soutien financier\"}]},{\"@type\":\"WebSite\",\"@id\":\"http:\/\/silveraudition.ch\/fr\/#website\",\"url\":\"http:\/\/silveraudition.ch\/fr\/\",\"name\":\"Silver Audition\",\"description\":\"Mieux entendre. Vivre pleinement.\",\"publisher\":{\"@id\":\"http:\/\/silveraudition.ch\/fr\/#organization\"},\"potentialAction\":[{\"@type\":\"SearchAction\",\"target\":{\"@type\":\"EntryPoint\",\"urlTemplate\":\"http:\/\/silveraudition.ch\/fr\/?s={search_term_string}\"},\"query-input\":{\"@type\":\"PropertyValueSpecification\",\"valueRequired\":true,\"valueName\":\"search_term_string\"}}],\"inLanguage\":\"fr-FR\"},{\"@type\":\"Organization\",\"@id\":\"http:\/\/silveraudition.ch\/fr\/#organization\",\"name\":\"Silver Audition\",\"url\":\"http:\/\/silveraudition.ch\/fr\/\",\"logo\":{\"@type\":\"ImageObject\",\"inLanguage\":\"fr-FR\",\"@id\":\"http:\/\/silveraudition.ch\/fr\/#\/schema\/logo\/image\/\",\"url\":\"https:\/\/silveraudition.ch\/wp-content\/uploads\/2025\/10\/Silver-Audition.webp\",\"contentUrl\":\"https:\/\/silveraudition.ch\/wp-content\/uploads\/2025\/10\/Silver-Audition.webp\",\"width\":1920,\"height\":1166,\"caption\":\"Silver Audition\"},\"image\":{\"@id\":\"http:\/\/silveraudition.ch\/fr\/#\/schema\/logo\/image\/\"}}]}<\/script>\n<!-- \/ Yoast SEO plugin. -->","yoast_head_json":{"title":"Remboursement Appareils Auditifs | AI, AVS, SUVA | Silver Audition","description":"D\u00e9couvrez les aides financi\u00e8res pour vos appareils auditifs en Suisse. Nous g\u00e9rons toutes vos d\u00e9marches AI, AVS et SUVA. Silver Audition, Morges & Vevey.","robots":{"index":"noindex","follow":"follow","max-snippet":"max-snippet:-1","max-image-preview":"max-image-preview:large","max-video-preview":"max-video-preview:-1"},"og_locale":"fr_FR","og_type":"article","og_title":"Remboursement Appareils Auditifs | AI, AVS, SUVA | Silver Audition","og_description":"D\u00e9couvrez les aides financi\u00e8res pour vos appareils auditifs en Suisse. Nous g\u00e9rons toutes vos d\u00e9marches AI, AVS et SUVA. Silver Audition, Morges & Vevey.","og_url":"https:\/\/silveraudition.ch\/fr\/gerer-votre-soutien-financier\/","og_site_name":"Silver Audition","article_modified_time":"2026-01-26T19:16:34+00:00","twitter_card":"summary_large_image","twitter_misc":{"Dur\u00e9e de lecture estim\u00e9e":"1 minute"},"schema":{"@context":"https:\/\/schema.org","@graph":[{"@type":"WebPage","@id":"https:\/\/silveraudition.ch\/fr\/gerer-votre-soutien-financier\/","url":"https:\/\/silveraudition.ch\/fr\/gerer-votre-soutien-financier\/","name":"Remboursement Appareils Auditifs | AI, AVS, SUVA | Silver Audition","isPartOf":{"@id":"http:\/\/silveraudition.ch\/fr\/#website"},"datePublished":"2025-12-24T13:15:05+00:00","dateModified":"2026-01-26T19:16:34+00:00","description":"D\u00e9couvrez les aides financi\u00e8res pour vos appareils auditifs en Suisse. Nous g\u00e9rons toutes vos d\u00e9marches AI, AVS et SUVA. Silver Audition, Morges & Vevey.","breadcrumb":{"@id":"https:\/\/silveraudition.ch\/fr\/gerer-votre-soutien-financier\/#breadcrumb"},"inLanguage":"fr-FR","potentialAction":[{"@type":"ReadAction","target":["https:\/\/silveraudition.ch\/fr\/gerer-votre-soutien-financier\/"]}]},{"@type":"BreadcrumbList","@id":"https:\/\/silveraudition.ch\/fr\/gerer-votre-soutien-financier\/#breadcrumb","itemListElement":[{"@type":"ListItem","position":1,"name":"Accueil","item":"http:\/\/silveraudition.ch\/fr\/"},{"@type":"ListItem","position":2,"name":"G\u00e9rer votre soutien financier"}]},{"@type":"WebSite","@id":"http:\/\/silveraudition.ch\/fr\/#website","url":"http:\/\/silveraudition.ch\/fr\/","name":"Silver Audition","description":"Mieux entendre. Vivre pleinement.","publisher":{"@id":"http:\/\/silveraudition.ch\/fr\/#organization"},"potentialAction":[{"@type":"SearchAction","target":{"@type":"EntryPoint","urlTemplate":"http:\/\/silveraudition.ch\/fr\/?s={search_term_string}"},"query-input":{"@type":"PropertyValueSpecification","valueRequired":true,"valueName":"search_term_string"}}],"inLanguage":"fr-FR"},{"@type":"Organization","@id":"http:\/\/silveraudition.ch\/fr\/#organization","name":"Silver Audition","url":"http:\/\/silveraudition.ch\/fr\/","logo":{"@type":"ImageObject","inLanguage":"fr-FR","@id":"http:\/\/silveraudition.ch\/fr\/#\/schema\/logo\/image\/","url":"https:\/\/silveraudition.ch\/wp-content\/uploads\/2025\/10\/Silver-Audition.webp","contentUrl":"https:\/\/silveraudition.ch\/wp-content\/uploads\/2025\/10\/Silver-Audition.webp","width":1920,"height":1166,"caption":"Silver Audition"},"image":{"@id":"http:\/\/silveraudition.ch\/fr\/#\/schema\/logo\/image\/"}}]}},"_links":{"self":[{"href":"https:\/\/silveraudition.ch\/fr\/wp-json\/wp\/v2\/pages\/3052","targetHints":{"allow":["GET"]}}],"collection":[{"href":"https:\/\/silveraudition.ch\/fr\/wp-json\/wp\/v2\/pages"}],"about":[{"href":"https:\/\/silveraudition.ch\/fr\/wp-json\/wp\/v2\/types\/page"}],"author":[{"embeddable":true,"href":"https:\/\/silveraudition.ch\/fr\/wp-json\/wp\/v2\/users\/1"}],"replies":[{"embeddable":true,"href":"https:\/\/silveraudition.ch\/fr\/wp-json\/wp\/v2\/comments?post=3052"}],"version-history":[{"count":4,"href":"https:\/\/silveraudition.ch\/fr\/wp-json\/wp\/v2\/pages\/3052\/revisions"}],"predecessor-version":[{"id":3882,"href":"https:\/\/silveraudition.ch\/fr\/wp-json\/wp\/v2\/pages\/3052\/revisions\/3882"}],"wp:attachment":[{"href":"https:\/\/silveraudition.ch\/fr\/wp-json\/wp\/v2\/media?parent=3052"}],"curies":[{"name":"wp","href":"https:\/\/api.w.org\/{rel}","templated":true}]}}