{"id":3410,"date":"2025-11-28T17:53:16","date_gmt":"2025-11-28T17:53:16","guid":{"rendered":"https:\/\/new.silveraudition.ch\/product\/phonak-infinio-audeo\/"},"modified":"2026-03-20T16:04:07","modified_gmt":"2026-03-20T15:04:07","slug":"phonak-infinio-audeo","status":"publish","type":"product","link":"https:\/\/silveraudition.ch\/fr\/product\/phonak-infinio-audeo\/","title":{"rendered":"Phonak Infinio Aud\u00e9o"},"content":{"rendered":"<p>Le summum de la technologie auditive, avec leur IA la plus avanc\u00e9e. Il offre une clart\u00e9 in\u00e9gal\u00e9e et une v\u00e9ritable exp\u00e9rience sonore \u00e0 360\u00b0, vous permettant de vous \u00e9panouir dans les environnements les plus complexes.<\/p>\n<h3>Aper\u00e7u des fonctionnalit\u00e9s :<\/h3>\n<ul>\n<li>IA pour une clart\u00e9 in\u00e9gal\u00e9e dans le bruit<\/li>\n<li>Bluetooth et rechargeable<\/li>\n<li>Application pour smartphone MyPhonak<\/li>\n<li>Adaptation fluide \u00e0 l&rsquo;environnement<\/li>\n<\/ul>\n","protected":false},"excerpt":{"rendered":"<p>Phonak Infinio Aud\u00e9o offre une qualit\u00e9 sonore exceptionnelle gr\u00e2ce \u00e0 la puce ERA, pour une audition claire et naturelle dans un design discret contour d&rsquo;oreille.<\/p>\n","protected":false},"featured_media":1753,"comment_status":"open","ping_status":"closed","template":"","meta":{"_acf_changed":false},"product_brand":[],"product_cat":[94],"product_tag":[],"class_list":{"0":"post-3410","1":"product","2":"type-product","3":"status-publish","4":"has-post-thumbnail","6":"product_cat-aides-auditives-derriere-loreille","8":"first","9":"instock","10":"shipping-taxable","11":"purchasable","12":"product-type-variable"},"acf":[],"yoast_head":"<!-- This site is optimized with the Yoast SEO plugin v26.6 - https:\/\/yoast.com\/wordpress\/plugins\/seo\/ -->\n<title>Phonak Infinio Aud\u00e9o | Aide auditive | Silver Audition<\/title>\n<meta name=\"description\" content=\"Phonak Infinio Aud\u00e9o avec puce ERA pour un son clair et naturel. Conception discr\u00e8te derri\u00e8re l&#039;oreille, Bluetooth, rechargeable. A partir de CHF 2 050. Morges et Vevey.\" \/>\n<meta name=\"robots\" content=\"noindex, follow, max-snippet:-1, max-image-preview:large, max-video-preview:-1\" \/>\n<meta property=\"og:locale\" content=\"fr_FR\" \/>\n<meta property=\"og:type\" content=\"article\" \/>\n<meta property=\"og:title\" content=\"Phonak Infinio Aud\u00e9o | Aide auditive | Silver Audition\" \/>\n<meta property=\"og:description\" content=\"Phonak Infinio Aud\u00e9o avec puce ERA pour un son clair et naturel. Conception discr\u00e8te derri\u00e8re l&#039;oreille, Bluetooth, rechargeable. A partir de CHF 2 050. Morges et Vevey.\" \/>\n<meta property=\"og:url\" content=\"https:\/\/silveraudition.ch\/fr\/product\/phonak-infinio-audeo\/\" \/>\n<meta property=\"og:site_name\" content=\"Silver Audition\" \/>\n<meta property=\"article:modified_time\" content=\"2026-03-20T15:04:07+00:00\" \/>\n<meta property=\"og:image\" content=\"https:\/\/silveraudition.ch\/wp-content\/uploads\/2025\/11\/infinio-300x300-1.png\" \/>\n\t<meta property=\"og:image:width\" content=\"300\" \/>\n\t<meta property=\"og:image:height\" content=\"300\" \/>\n\t<meta property=\"og:image:type\" content=\"image\/png\" \/>\n<meta name=\"twitter:card\" content=\"summary_large_image\" \/>\n<meta name=\"twitter:label1\" content=\"Dur\u00e9e de lecture estim\u00e9e\" \/>\n\t<meta name=\"twitter:data1\" content=\"1 minute\" \/>\n<script type=\"application\/ld+json\" class=\"yoast-schema-graph\">{\"@context\":\"https:\/\/schema.org\",\"@graph\":[{\"@type\":\"WebPage\",\"@id\":\"https:\/\/silveraudition.ch\/fr\/product\/phonak-infinio-audeo\/\",\"url\":\"https:\/\/silveraudition.ch\/fr\/product\/phonak-infinio-audeo\/\",\"name\":\"Phonak Infinio Aud\u00e9o | Aide auditive | Silver Audition\",\"isPartOf\":{\"@id\":\"http:\/\/silveraudition.ch\/fr\/#website\"},\"primaryImageOfPage\":{\"@id\":\"https:\/\/silveraudition.ch\/fr\/product\/phonak-infinio-audeo\/#primaryimage\"},\"image\":{\"@id\":\"https:\/\/silveraudition.ch\/fr\/product\/phonak-infinio-audeo\/#primaryimage\"},\"thumbnailUrl\":\"https:\/\/silveraudition.ch\/wp-content\/uploads\/2025\/11\/infinio-300x300-1.png\",\"datePublished\":\"2025-11-28T17:53:16+00:00\",\"dateModified\":\"2026-03-20T15:04:07+00:00\",\"description\":\"Phonak Infinio Aud\u00e9o avec puce ERA pour un son clair et naturel. Conception discr\u00e8te derri\u00e8re l'oreille, Bluetooth, rechargeable. A partir de CHF 2 050. Morges et Vevey.\",\"breadcrumb\":{\"@id\":\"https:\/\/silveraudition.ch\/fr\/product\/phonak-infinio-audeo\/#breadcrumb\"},\"inLanguage\":\"fr-FR\",\"potentialAction\":[{\"@type\":\"ReadAction\",\"target\":[\"https:\/\/silveraudition.ch\/fr\/product\/phonak-infinio-audeo\/\"]}]},{\"@type\":\"ImageObject\",\"inLanguage\":\"fr-FR\",\"@id\":\"https:\/\/silveraudition.ch\/fr\/product\/phonak-infinio-audeo\/#primaryimage\",\"url\":\"https:\/\/silveraudition.ch\/wp-content\/uploads\/2025\/11\/infinio-300x300-1.png\",\"contentUrl\":\"https:\/\/silveraudition.ch\/wp-content\/uploads\/2025\/11\/infinio-300x300-1.png\",\"width\":300,\"height\":300},{\"@type\":\"BreadcrumbList\",\"@id\":\"https:\/\/silveraudition.ch\/fr\/product\/phonak-infinio-audeo\/#breadcrumb\",\"itemListElement\":[{\"@type\":\"ListItem\",\"position\":1,\"name\":\"Accueil\",\"item\":\"http:\/\/silveraudition.ch\/fr\/\"},{\"@type\":\"ListItem\",\"position\":2,\"name\":\"Boutique\",\"item\":\"https:\/\/silveraudition.ch\/fr\/boutique\/\"},{\"@type\":\"ListItem\",\"position\":3,\"name\":\"Phonak Infinio Aud\u00e9o\"}]},{\"@type\":\"WebSite\",\"@id\":\"http:\/\/silveraudition.ch\/fr\/#website\",\"url\":\"http:\/\/silveraudition.ch\/fr\/\",\"name\":\"Silver Audition\",\"description\":\"Mieux entendre. Vivre pleinement.\",\"publisher\":{\"@id\":\"http:\/\/silveraudition.ch\/fr\/#organization\"},\"potentialAction\":[{\"@type\":\"SearchAction\",\"target\":{\"@type\":\"EntryPoint\",\"urlTemplate\":\"http:\/\/silveraudition.ch\/fr\/?s={search_term_string}\"},\"query-input\":{\"@type\":\"PropertyValueSpecification\",\"valueRequired\":true,\"valueName\":\"search_term_string\"}}],\"inLanguage\":\"fr-FR\"},{\"@type\":\"Organization\",\"@id\":\"http:\/\/silveraudition.ch\/fr\/#organization\",\"name\":\"Silver Audition\",\"url\":\"http:\/\/silveraudition.ch\/fr\/\",\"logo\":{\"@type\":\"ImageObject\",\"inLanguage\":\"fr-FR\",\"@id\":\"http:\/\/silveraudition.ch\/fr\/#\/schema\/logo\/image\/\",\"url\":\"https:\/\/silveraudition.ch\/wp-content\/uploads\/2025\/10\/Silver-Audition.webp\",\"contentUrl\":\"https:\/\/silveraudition.ch\/wp-content\/uploads\/2025\/10\/Silver-Audition.webp\",\"width\":1920,\"height\":1166,\"caption\":\"Silver Audition\"},\"image\":{\"@id\":\"http:\/\/silveraudition.ch\/fr\/#\/schema\/logo\/image\/\"}}]}<\/script>\n<!-- \/ Yoast SEO plugin. -->","yoast_head_json":{"title":"Phonak Infinio Aud\u00e9o | Aide auditive | Silver Audition","description":"Phonak Infinio Aud\u00e9o avec puce ERA pour un son clair et naturel. Conception discr\u00e8te derri\u00e8re l'oreille, Bluetooth, rechargeable. A partir de CHF 2 050. Morges et Vevey.","robots":{"index":"noindex","follow":"follow","max-snippet":"max-snippet:-1","max-image-preview":"max-image-preview:large","max-video-preview":"max-video-preview:-1"},"og_locale":"fr_FR","og_type":"article","og_title":"Phonak Infinio Aud\u00e9o | Aide auditive | Silver Audition","og_description":"Phonak Infinio Aud\u00e9o avec puce ERA pour un son clair et naturel. Conception discr\u00e8te derri\u00e8re l'oreille, Bluetooth, rechargeable. A partir de CHF 2 050. Morges et Vevey.","og_url":"https:\/\/silveraudition.ch\/fr\/product\/phonak-infinio-audeo\/","og_site_name":"Silver Audition","article_modified_time":"2026-03-20T15:04:07+00:00","og_image":[{"width":300,"height":300,"url":"https:\/\/silveraudition.ch\/wp-content\/uploads\/2025\/11\/infinio-300x300-1.png","type":"image\/png"}],"twitter_card":"summary_large_image","twitter_misc":{"Dur\u00e9e de lecture estim\u00e9e":"1 minute"},"schema":{"@context":"https:\/\/schema.org","@graph":[{"@type":"WebPage","@id":"https:\/\/silveraudition.ch\/fr\/product\/phonak-infinio-audeo\/","url":"https:\/\/silveraudition.ch\/fr\/product\/phonak-infinio-audeo\/","name":"Phonak Infinio Aud\u00e9o | Aide auditive | Silver Audition","isPartOf":{"@id":"http:\/\/silveraudition.ch\/fr\/#website"},"primaryImageOfPage":{"@id":"https:\/\/silveraudition.ch\/fr\/product\/phonak-infinio-audeo\/#primaryimage"},"image":{"@id":"https:\/\/silveraudition.ch\/fr\/product\/phonak-infinio-audeo\/#primaryimage"},"thumbnailUrl":"https:\/\/silveraudition.ch\/wp-content\/uploads\/2025\/11\/infinio-300x300-1.png","datePublished":"2025-11-28T17:53:16+00:00","dateModified":"2026-03-20T15:04:07+00:00","description":"Phonak Infinio Aud\u00e9o avec puce ERA pour un son clair et naturel. Conception discr\u00e8te derri\u00e8re l'oreille, Bluetooth, rechargeable. A partir de CHF 2 050. Morges et Vevey.","breadcrumb":{"@id":"https:\/\/silveraudition.ch\/fr\/product\/phonak-infinio-audeo\/#breadcrumb"},"inLanguage":"fr-FR","potentialAction":[{"@type":"ReadAction","target":["https:\/\/silveraudition.ch\/fr\/product\/phonak-infinio-audeo\/"]}]},{"@type":"ImageObject","inLanguage":"fr-FR","@id":"https:\/\/silveraudition.ch\/fr\/product\/phonak-infinio-audeo\/#primaryimage","url":"https:\/\/silveraudition.ch\/wp-content\/uploads\/2025\/11\/infinio-300x300-1.png","contentUrl":"https:\/\/silveraudition.ch\/wp-content\/uploads\/2025\/11\/infinio-300x300-1.png","width":300,"height":300},{"@type":"BreadcrumbList","@id":"https:\/\/silveraudition.ch\/fr\/product\/phonak-infinio-audeo\/#breadcrumb","itemListElement":[{"@type":"ListItem","position":1,"name":"Accueil","item":"http:\/\/silveraudition.ch\/fr\/"},{"@type":"ListItem","position":2,"name":"Boutique","item":"https:\/\/silveraudition.ch\/fr\/boutique\/"},{"@type":"ListItem","position":3,"name":"Phonak Infinio Aud\u00e9o"}]},{"@type":"WebSite","@id":"http:\/\/silveraudition.ch\/fr\/#website","url":"http:\/\/silveraudition.ch\/fr\/","name":"Silver Audition","description":"Mieux entendre. Vivre pleinement.","publisher":{"@id":"http:\/\/silveraudition.ch\/fr\/#organization"},"potentialAction":[{"@type":"SearchAction","target":{"@type":"EntryPoint","urlTemplate":"http:\/\/silveraudition.ch\/fr\/?s={search_term_string}"},"query-input":{"@type":"PropertyValueSpecification","valueRequired":true,"valueName":"search_term_string"}}],"inLanguage":"fr-FR"},{"@type":"Organization","@id":"http:\/\/silveraudition.ch\/fr\/#organization","name":"Silver Audition","url":"http:\/\/silveraudition.ch\/fr\/","logo":{"@type":"ImageObject","inLanguage":"fr-FR","@id":"http:\/\/silveraudition.ch\/fr\/#\/schema\/logo\/image\/","url":"https:\/\/silveraudition.ch\/wp-content\/uploads\/2025\/10\/Silver-Audition.webp","contentUrl":"https:\/\/silveraudition.ch\/wp-content\/uploads\/2025\/10\/Silver-Audition.webp","width":1920,"height":1166,"caption":"Silver Audition"},"image":{"@id":"http:\/\/silveraudition.ch\/fr\/#\/schema\/logo\/image\/"}}]}},"_links":{"self":[{"href":"https:\/\/silveraudition.ch\/fr\/wp-json\/wp\/v2\/product\/3410","targetHints":{"allow":["GET"]}}],"collection":[{"href":"https:\/\/silveraudition.ch\/fr\/wp-json\/wp\/v2\/product"}],"about":[{"href":"https:\/\/silveraudition.ch\/fr\/wp-json\/wp\/v2\/types\/product"}],"replies":[{"embeddable":true,"href":"https:\/\/silveraudition.ch\/fr\/wp-json\/wp\/v2\/comments?post=3410"}],"wp:featuredmedia":[{"embeddable":true,"href":"https:\/\/silveraudition.ch\/fr\/wp-json\/wp\/v2\/media\/1753"}],"wp:attachment":[{"href":"https:\/\/silveraudition.ch\/fr\/wp-json\/wp\/v2\/media?parent=3410"}],"wp:term":[{"taxonomy":"product_brand","embeddable":true,"href":"https:\/\/silveraudition.ch\/fr\/wp-json\/wp\/v2\/product_brand?post=3410"},{"taxonomy":"product_cat","embeddable":true,"href":"https:\/\/silveraudition.ch\/fr\/wp-json\/wp\/v2\/product_cat?post=3410"},{"taxonomy":"product_tag","embeddable":true,"href":"https:\/\/silveraudition.ch\/fr\/wp-json\/wp\/v2\/product_tag?post=3410"}],"curies":[{"name":"wp","href":"https:\/\/api.w.org\/{rel}","templated":true}]}}