{"id":3423,"date":"2025-11-28T17:53:43","date_gmt":"2025-11-28T17:53:43","guid":{"rendered":"https:\/\/new.silveraudition.ch\/product\/phonak-infinio-cros\/"},"modified":"2026-01-26T19:51:12","modified_gmt":"2026-01-26T19:51:12","slug":"phonak-infinio-cros","status":"publish","type":"product","link":"https:\/\/silveraudition.ch\/fr\/product\/phonak-infinio-cros\/","title":{"rendered":"Phonak Infinio Cros"},"content":{"rendered":"<p>Si vous souffrez d&rsquo;une perte auditive dans une seule oreille, un syst\u00e8me CROS peut consid\u00e9rablement am\u00e9liorer votre conscience et votre compr\u00e9hension. Un appareil plac\u00e9 sur votre oreille non auditive capte le son et le transmet sans fil \u00e0 une aide auditive sur votre bonne oreille, afin que vous puissiez suivre les conversations de tous les c\u00f4t\u00e9s.<\/p>\n<h3>Aper\u00e7u des fonctionnalit\u00e9s :<\/h3>\n<ul>\n<li>Conscience sonore \u00e0 360\u00b0<\/li>\n<li>Transmission sans fil intelligente<\/li>\n<li>S&rsquo;associe aux aides auditives avanc\u00e9es<\/li>\n<li>Bluetooth et rechargeable<\/li>\n<li>Application pour smartphone MyPhonak<\/li>\n<\/ul>\n","protected":false},"excerpt":{"rendered":"<p data-start=\"149\" data-end=\"294\">Phonak Infinio Cros prend en charge la perte auditive unilat\u00e9rale en transmettant le son de l&rsquo;oreille sourde \u00e0 l&rsquo;oreille entendante gr\u00e2ce au traitement clair de la puce ERA.<\/p>\n","protected":false},"featured_media":1751,"comment_status":"open","ping_status":"closed","template":"","meta":{"_acf_changed":false},"product_brand":[],"product_cat":[94],"product_tag":[],"class_list":{"0":"post-3423","1":"product","2":"type-product","3":"status-publish","4":"has-post-thumbnail","6":"product_cat-aides-auditives-derriere-loreille","8":"first","9":"instock","10":"shipping-taxable","11":"purchasable","12":"product-type-variable"},"acf":[],"yoast_head":"<!-- This site is optimized with the Yoast SEO plugin v26.6 - https:\/\/yoast.com\/wordpress\/plugins\/seo\/ -->\n<title>Phonak Infinio Cros | Surdit\u00e9 Unilat\u00e9rale | Silver Audition<\/title>\n<meta name=\"description\" content=\"Phonak Infinio Cros pour la surdit\u00e9 unilat\u00e9rale. Transmet le son de l&#039;oreille sourde vers l&#039;oreille entendante avec la puce ERA. D\u00e8s CHF 3&#039;900. Morges &amp; Vevey.\" \/>\n<meta name=\"robots\" content=\"noindex, follow, max-snippet:-1, max-image-preview:large, max-video-preview:-1\" \/>\n<meta property=\"og:locale\" content=\"fr_FR\" \/>\n<meta property=\"og:type\" content=\"article\" \/>\n<meta property=\"og:title\" content=\"Phonak Infinio Cros | Surdit\u00e9 Unilat\u00e9rale | Silver Audition\" \/>\n<meta property=\"og:description\" content=\"Phonak Infinio Cros pour la surdit\u00e9 unilat\u00e9rale. Transmet le son de l&#039;oreille sourde vers l&#039;oreille entendante avec la puce ERA. D\u00e8s CHF 3&#039;900. Morges &amp; Vevey.\" \/>\n<meta property=\"og:url\" content=\"https:\/\/silveraudition.ch\/fr\/product\/phonak-infinio-cros\/\" \/>\n<meta property=\"og:site_name\" content=\"Silver Audition\" \/>\n<meta property=\"article:modified_time\" content=\"2026-01-26T19:51:12+00:00\" \/>\n<meta property=\"og:image\" content=\"https:\/\/silveraudition.ch\/wp-content\/uploads\/2025\/11\/cros-300x300-1.png\" \/>\n\t<meta property=\"og:image:width\" content=\"300\" \/>\n\t<meta property=\"og:image:height\" content=\"300\" \/>\n\t<meta property=\"og:image:type\" content=\"image\/png\" \/>\n<meta name=\"twitter:card\" content=\"summary_large_image\" \/>\n<meta name=\"twitter:label1\" content=\"Dur\u00e9e de lecture estim\u00e9e\" \/>\n\t<meta name=\"twitter:data1\" content=\"1 minute\" \/>\n<script type=\"application\/ld+json\" class=\"yoast-schema-graph\">{\"@context\":\"https:\/\/schema.org\",\"@graph\":[{\"@type\":\"WebPage\",\"@id\":\"https:\/\/silveraudition.ch\/fr\/product\/phonak-infinio-cros\/\",\"url\":\"https:\/\/silveraudition.ch\/fr\/product\/phonak-infinio-cros\/\",\"name\":\"Phonak Infinio Cros | Surdit\u00e9 Unilat\u00e9rale | Silver Audition\",\"isPartOf\":{\"@id\":\"https:\/\/silveraudition.ch\/fr\/#website\"},\"primaryImageOfPage\":{\"@id\":\"https:\/\/silveraudition.ch\/fr\/product\/phonak-infinio-cros\/#primaryimage\"},\"image\":{\"@id\":\"https:\/\/silveraudition.ch\/fr\/product\/phonak-infinio-cros\/#primaryimage\"},\"thumbnailUrl\":\"https:\/\/silveraudition.ch\/wp-content\/uploads\/2025\/11\/cros-300x300-1.png\",\"datePublished\":\"2025-11-28T17:53:43+00:00\",\"dateModified\":\"2026-01-26T19:51:12+00:00\",\"description\":\"Phonak Infinio Cros pour la surdit\u00e9 unilat\u00e9rale. Transmet le son de l'oreille sourde vers l'oreille entendante avec la puce ERA. D\u00e8s CHF 3'900. Morges & Vevey.\",\"breadcrumb\":{\"@id\":\"https:\/\/silveraudition.ch\/fr\/product\/phonak-infinio-cros\/#breadcrumb\"},\"inLanguage\":\"fr-FR\",\"potentialAction\":[{\"@type\":\"ReadAction\",\"target\":[\"https:\/\/silveraudition.ch\/fr\/product\/phonak-infinio-cros\/\"]}]},{\"@type\":\"ImageObject\",\"inLanguage\":\"fr-FR\",\"@id\":\"https:\/\/silveraudition.ch\/fr\/product\/phonak-infinio-cros\/#primaryimage\",\"url\":\"https:\/\/silveraudition.ch\/wp-content\/uploads\/2025\/11\/cros-300x300-1.png\",\"contentUrl\":\"https:\/\/silveraudition.ch\/wp-content\/uploads\/2025\/11\/cros-300x300-1.png\",\"width\":300,\"height\":300},{\"@type\":\"BreadcrumbList\",\"@id\":\"https:\/\/silveraudition.ch\/fr\/product\/phonak-infinio-cros\/#breadcrumb\",\"itemListElement\":[{\"@type\":\"ListItem\",\"position\":1,\"name\":\"Accueil\",\"item\":\"https:\/\/silveraudition.ch\/fr\/\"},{\"@type\":\"ListItem\",\"position\":2,\"name\":\"Boutique\",\"item\":\"https:\/\/silveraudition.ch\/fr\/boutique\/\"},{\"@type\":\"ListItem\",\"position\":3,\"name\":\"Phonak Infinio Cros\"}]},{\"@type\":\"WebSite\",\"@id\":\"https:\/\/silveraudition.ch\/fr\/#website\",\"url\":\"https:\/\/silveraudition.ch\/fr\/\",\"name\":\"Silver Audition\",\"description\":\"Mieux entendre. Vivre pleinement.\",\"publisher\":{\"@id\":\"https:\/\/silveraudition.ch\/fr\/#organization\"},\"potentialAction\":[{\"@type\":\"SearchAction\",\"target\":{\"@type\":\"EntryPoint\",\"urlTemplate\":\"https:\/\/silveraudition.ch\/fr\/?s={search_term_string}\"},\"query-input\":{\"@type\":\"PropertyValueSpecification\",\"valueRequired\":true,\"valueName\":\"search_term_string\"}}],\"inLanguage\":\"fr-FR\"},{\"@type\":\"Organization\",\"@id\":\"https:\/\/silveraudition.ch\/fr\/#organization\",\"name\":\"Silver Audition\",\"url\":\"https:\/\/silveraudition.ch\/fr\/\",\"logo\":{\"@type\":\"ImageObject\",\"inLanguage\":\"fr-FR\",\"@id\":\"https:\/\/silveraudition.ch\/fr\/#\/schema\/logo\/image\/\",\"url\":\"https:\/\/silveraudition.ch\/wp-content\/uploads\/2025\/10\/Silver-Audition.webp\",\"contentUrl\":\"https:\/\/silveraudition.ch\/wp-content\/uploads\/2025\/10\/Silver-Audition.webp\",\"width\":1920,\"height\":1166,\"caption\":\"Silver Audition\"},\"image\":{\"@id\":\"https:\/\/silveraudition.ch\/fr\/#\/schema\/logo\/image\/\"}}]}<\/script>\n<!-- \/ Yoast SEO plugin. -->","yoast_head_json":{"title":"Phonak Infinio Cros | Surdit\u00e9 Unilat\u00e9rale | Silver Audition","description":"Phonak Infinio Cros pour la surdit\u00e9 unilat\u00e9rale. Transmet le son de l'oreille sourde vers l'oreille entendante avec la puce ERA. D\u00e8s CHF 3'900. Morges & Vevey.","robots":{"index":"noindex","follow":"follow","max-snippet":"max-snippet:-1","max-image-preview":"max-image-preview:large","max-video-preview":"max-video-preview:-1"},"og_locale":"fr_FR","og_type":"article","og_title":"Phonak Infinio Cros | Surdit\u00e9 Unilat\u00e9rale | Silver Audition","og_description":"Phonak Infinio Cros pour la surdit\u00e9 unilat\u00e9rale. Transmet le son de l'oreille sourde vers l'oreille entendante avec la puce ERA. D\u00e8s CHF 3'900. Morges & Vevey.","og_url":"https:\/\/silveraudition.ch\/fr\/product\/phonak-infinio-cros\/","og_site_name":"Silver Audition","article_modified_time":"2026-01-26T19:51:12+00:00","og_image":[{"width":300,"height":300,"url":"https:\/\/silveraudition.ch\/wp-content\/uploads\/2025\/11\/cros-300x300-1.png","type":"image\/png"}],"twitter_card":"summary_large_image","twitter_misc":{"Dur\u00e9e de lecture estim\u00e9e":"1 minute"},"schema":{"@context":"https:\/\/schema.org","@graph":[{"@type":"WebPage","@id":"https:\/\/silveraudition.ch\/fr\/product\/phonak-infinio-cros\/","url":"https:\/\/silveraudition.ch\/fr\/product\/phonak-infinio-cros\/","name":"Phonak Infinio Cros | Surdit\u00e9 Unilat\u00e9rale | Silver Audition","isPartOf":{"@id":"https:\/\/silveraudition.ch\/fr\/#website"},"primaryImageOfPage":{"@id":"https:\/\/silveraudition.ch\/fr\/product\/phonak-infinio-cros\/#primaryimage"},"image":{"@id":"https:\/\/silveraudition.ch\/fr\/product\/phonak-infinio-cros\/#primaryimage"},"thumbnailUrl":"https:\/\/silveraudition.ch\/wp-content\/uploads\/2025\/11\/cros-300x300-1.png","datePublished":"2025-11-28T17:53:43+00:00","dateModified":"2026-01-26T19:51:12+00:00","description":"Phonak Infinio Cros pour la surdit\u00e9 unilat\u00e9rale. Transmet le son de l'oreille sourde vers l'oreille entendante avec la puce ERA. D\u00e8s CHF 3'900. Morges & Vevey.","breadcrumb":{"@id":"https:\/\/silveraudition.ch\/fr\/product\/phonak-infinio-cros\/#breadcrumb"},"inLanguage":"fr-FR","potentialAction":[{"@type":"ReadAction","target":["https:\/\/silveraudition.ch\/fr\/product\/phonak-infinio-cros\/"]}]},{"@type":"ImageObject","inLanguage":"fr-FR","@id":"https:\/\/silveraudition.ch\/fr\/product\/phonak-infinio-cros\/#primaryimage","url":"https:\/\/silveraudition.ch\/wp-content\/uploads\/2025\/11\/cros-300x300-1.png","contentUrl":"https:\/\/silveraudition.ch\/wp-content\/uploads\/2025\/11\/cros-300x300-1.png","width":300,"height":300},{"@type":"BreadcrumbList","@id":"https:\/\/silveraudition.ch\/fr\/product\/phonak-infinio-cros\/#breadcrumb","itemListElement":[{"@type":"ListItem","position":1,"name":"Accueil","item":"https:\/\/silveraudition.ch\/fr\/"},{"@type":"ListItem","position":2,"name":"Boutique","item":"https:\/\/silveraudition.ch\/fr\/boutique\/"},{"@type":"ListItem","position":3,"name":"Phonak Infinio Cros"}]},{"@type":"WebSite","@id":"https:\/\/silveraudition.ch\/fr\/#website","url":"https:\/\/silveraudition.ch\/fr\/","name":"Silver Audition","description":"Mieux entendre. Vivre pleinement.","publisher":{"@id":"https:\/\/silveraudition.ch\/fr\/#organization"},"potentialAction":[{"@type":"SearchAction","target":{"@type":"EntryPoint","urlTemplate":"https:\/\/silveraudition.ch\/fr\/?s={search_term_string}"},"query-input":{"@type":"PropertyValueSpecification","valueRequired":true,"valueName":"search_term_string"}}],"inLanguage":"fr-FR"},{"@type":"Organization","@id":"https:\/\/silveraudition.ch\/fr\/#organization","name":"Silver Audition","url":"https:\/\/silveraudition.ch\/fr\/","logo":{"@type":"ImageObject","inLanguage":"fr-FR","@id":"https:\/\/silveraudition.ch\/fr\/#\/schema\/logo\/image\/","url":"https:\/\/silveraudition.ch\/wp-content\/uploads\/2025\/10\/Silver-Audition.webp","contentUrl":"https:\/\/silveraudition.ch\/wp-content\/uploads\/2025\/10\/Silver-Audition.webp","width":1920,"height":1166,"caption":"Silver Audition"},"image":{"@id":"https:\/\/silveraudition.ch\/fr\/#\/schema\/logo\/image\/"}}]}},"_links":{"self":[{"href":"https:\/\/silveraudition.ch\/fr\/wp-json\/wp\/v2\/product\/3423","targetHints":{"allow":["GET"]}}],"collection":[{"href":"https:\/\/silveraudition.ch\/fr\/wp-json\/wp\/v2\/product"}],"about":[{"href":"https:\/\/silveraudition.ch\/fr\/wp-json\/wp\/v2\/types\/product"}],"replies":[{"embeddable":true,"href":"https:\/\/silveraudition.ch\/fr\/wp-json\/wp\/v2\/comments?post=3423"}],"wp:featuredmedia":[{"embeddable":true,"href":"https:\/\/silveraudition.ch\/fr\/wp-json\/wp\/v2\/media\/1751"}],"wp:attachment":[{"href":"https:\/\/silveraudition.ch\/fr\/wp-json\/wp\/v2\/media?parent=3423"}],"wp:term":[{"taxonomy":"product_brand","embeddable":true,"href":"https:\/\/silveraudition.ch\/fr\/wp-json\/wp\/v2\/product_brand?post=3423"},{"taxonomy":"product_cat","embeddable":true,"href":"https:\/\/silveraudition.ch\/fr\/wp-json\/wp\/v2\/product_cat?post=3423"},{"taxonomy":"product_tag","embeddable":true,"href":"https:\/\/silveraudition.ch\/fr\/wp-json\/wp\/v2\/product_tag?post=3423"}],"curies":[{"name":"wp","href":"https:\/\/api.w.org\/{rel}","templated":true}]}}