{"id":3428,"date":"2025-12-04T17:33:30","date_gmt":"2025-12-04T17:33:30","guid":{"rendered":"https:\/\/new.silveraudition.ch\/product\/phonak-lyric\/"},"modified":"2026-03-20T16:04:01","modified_gmt":"2026-03-20T15:04:01","slug":"phonak-lyric","status":"publish","type":"product","link":"https:\/\/silveraudition.ch\/fr\/product\/phonak-lyric\/","title":{"rendered":"Phonak Lyric"},"content":{"rendered":"<p>Pour ceux qui recherchent une discr\u00e9tion totale, le Phonak Lyric est la seule aide auditive 100 % invisible. Il est plac\u00e9 profond\u00e9ment dans le conduit auditif par nos sp\u00e9cialistes et peut \u00eatre port\u00e9 24h\/24 et 7j\/7 pendant des mois, m\u00eame en dormant ou en se douchant.<\/p>\n<h3>Aper\u00e7u des fonctionnalit\u00e9s :<\/h3>\n<ul>\n<li>Conception 100 % invisible<\/li>\n<li>Port\u00e9 24h\/24 et 7j\/7 pour une libert\u00e9 totale<\/li>\n<li>Qualit\u00e9 sonore claire et naturelle<\/li>\n<li>Service d\u2019abonnement tout compris<\/li>\n<li>Adaptation fluide \u00e0 l&rsquo;environnement<\/li>\n<\/ul>\n","protected":false},"excerpt":{"rendered":"<p data-start=\"214\" data-end=\"348\">Phonak Lyric est une aide auditive intra-auriculaire vraiment invisible, port\u00e9e 24h\/24 et 7j\/7 pendant des mois, offrant une audition naturelle et sans effort sans retrait.<\/p>\n","protected":false},"featured_media":1754,"comment_status":"open","ping_status":"closed","template":"","meta":{"_acf_changed":false},"product_brand":[],"product_cat":[109],"product_tag":[],"class_list":{"0":"post-3428","1":"product","2":"type-product","3":"status-publish","4":"has-post-thumbnail","6":"product_cat-aides-auditives-intra-auriculaires","8":"first","9":"instock","10":"shipping-taxable","11":"purchasable","12":"product-type-variable"},"acf":[],"yoast_head":"<!-- This site is optimized with the Yoast SEO plugin v26.6 - https:\/\/yoast.com\/wordpress\/plugins\/seo\/ -->\n<title>Phonak Lyric | Aide auditive 100% invisible | Silver Audition<\/title>\n<meta name=\"description\" content=\"Phonak Lyric, la seule aide auditive 100% invisible. Port\u00e9 24 heures sur 24, 7 jours sur 7, pendant des mois, m\u00eame sous la douche. Pas d&#039;entretien quotidien. D\u00e8s CHF 2&#039;100. Morges &amp; Vevey.\" \/>\n<meta name=\"robots\" content=\"noindex, follow, max-snippet:-1, max-image-preview:large, max-video-preview:-1\" \/>\n<meta property=\"og:locale\" content=\"fr_FR\" \/>\n<meta property=\"og:type\" content=\"article\" \/>\n<meta property=\"og:title\" content=\"Phonak Lyric | Aide auditive 100% invisible | Silver Audition\" \/>\n<meta property=\"og:description\" content=\"Phonak Lyric, la seule aide auditive 100% invisible. Port\u00e9 24 heures sur 24, 7 jours sur 7, pendant des mois, m\u00eame sous la douche. Pas d&#039;entretien quotidien. D\u00e8s CHF 2&#039;100. Morges &amp; Vevey.\" \/>\n<meta property=\"og:url\" content=\"https:\/\/silveraudition.ch\/fr\/product\/phonak-lyric\/\" \/>\n<meta property=\"og:site_name\" content=\"Silver Audition\" \/>\n<meta property=\"article:modified_time\" content=\"2026-03-20T15:04:01+00:00\" \/>\n<meta property=\"og:image\" content=\"https:\/\/silveraudition.ch\/wp-content\/uploads\/2025\/11\/packshot-lyric4-xs-side-078-0061-_1_-300x300-1.png\" \/>\n\t<meta property=\"og:image:width\" content=\"300\" \/>\n\t<meta property=\"og:image:height\" content=\"300\" \/>\n\t<meta property=\"og:image:type\" content=\"image\/png\" \/>\n<meta name=\"twitter:card\" content=\"summary_large_image\" \/>\n<meta name=\"twitter:label1\" content=\"Dur\u00e9e de lecture estim\u00e9e\" \/>\n\t<meta name=\"twitter:data1\" content=\"1 minute\" \/>\n<script type=\"application\/ld+json\" class=\"yoast-schema-graph\">{\"@context\":\"https:\/\/schema.org\",\"@graph\":[{\"@type\":\"WebPage\",\"@id\":\"https:\/\/silveraudition.ch\/fr\/product\/phonak-lyric\/\",\"url\":\"https:\/\/silveraudition.ch\/fr\/product\/phonak-lyric\/\",\"name\":\"Phonak Lyric | Aide auditive 100% invisible | Silver Audition\",\"isPartOf\":{\"@id\":\"https:\/\/silveraudition.ch\/fr\/#website\"},\"primaryImageOfPage\":{\"@id\":\"https:\/\/silveraudition.ch\/fr\/product\/phonak-lyric\/#primaryimage\"},\"image\":{\"@id\":\"https:\/\/silveraudition.ch\/fr\/product\/phonak-lyric\/#primaryimage\"},\"thumbnailUrl\":\"https:\/\/silveraudition.ch\/wp-content\/uploads\/2025\/11\/packshot-lyric4-xs-side-078-0061-_1_-300x300-1.png\",\"datePublished\":\"2025-12-04T17:33:30+00:00\",\"dateModified\":\"2026-03-20T15:04:01+00:00\",\"description\":\"Phonak Lyric, la seule aide auditive 100% invisible. Port\u00e9 24 heures sur 24, 7 jours sur 7, pendant des mois, m\u00eame sous la douche. Pas d'entretien quotidien. D\u00e8s CHF 2'100. Morges & Vevey.\",\"breadcrumb\":{\"@id\":\"https:\/\/silveraudition.ch\/fr\/product\/phonak-lyric\/#breadcrumb\"},\"inLanguage\":\"fr-FR\",\"potentialAction\":[{\"@type\":\"ReadAction\",\"target\":[\"https:\/\/silveraudition.ch\/fr\/product\/phonak-lyric\/\"]}]},{\"@type\":\"ImageObject\",\"inLanguage\":\"fr-FR\",\"@id\":\"https:\/\/silveraudition.ch\/fr\/product\/phonak-lyric\/#primaryimage\",\"url\":\"https:\/\/silveraudition.ch\/wp-content\/uploads\/2025\/11\/packshot-lyric4-xs-side-078-0061-_1_-300x300-1.png\",\"contentUrl\":\"https:\/\/silveraudition.ch\/wp-content\/uploads\/2025\/11\/packshot-lyric4-xs-side-078-0061-_1_-300x300-1.png\",\"width\":300,\"height\":300},{\"@type\":\"BreadcrumbList\",\"@id\":\"https:\/\/silveraudition.ch\/fr\/product\/phonak-lyric\/#breadcrumb\",\"itemListElement\":[{\"@type\":\"ListItem\",\"position\":1,\"name\":\"Accueil\",\"item\":\"http:\/\/silveraudition.ch\/fr\/\"},{\"@type\":\"ListItem\",\"position\":2,\"name\":\"Boutique\",\"item\":\"http:\/\/silveraudition.ch\/fr\/boutique\/\"},{\"@type\":\"ListItem\",\"position\":3,\"name\":\"Phonak Lyric\"}]},{\"@type\":\"WebSite\",\"@id\":\"https:\/\/silveraudition.ch\/fr\/#website\",\"url\":\"https:\/\/silveraudition.ch\/fr\/\",\"name\":\"Silver Audition\",\"description\":\"Mieux entendre. Vivre pleinement.\",\"publisher\":{\"@id\":\"https:\/\/silveraudition.ch\/fr\/#organization\"},\"potentialAction\":[{\"@type\":\"SearchAction\",\"target\":{\"@type\":\"EntryPoint\",\"urlTemplate\":\"https:\/\/silveraudition.ch\/fr\/?s={search_term_string}\"},\"query-input\":{\"@type\":\"PropertyValueSpecification\",\"valueRequired\":true,\"valueName\":\"search_term_string\"}}],\"inLanguage\":\"fr-FR\"},{\"@type\":\"Organization\",\"@id\":\"https:\/\/silveraudition.ch\/fr\/#organization\",\"name\":\"Silver Audition\",\"url\":\"https:\/\/silveraudition.ch\/fr\/\",\"logo\":{\"@type\":\"ImageObject\",\"inLanguage\":\"fr-FR\",\"@id\":\"https:\/\/silveraudition.ch\/fr\/#\/schema\/logo\/image\/\",\"url\":\"https:\/\/silveraudition.ch\/wp-content\/uploads\/2025\/10\/Silver-Audition.webp\",\"contentUrl\":\"https:\/\/silveraudition.ch\/wp-content\/uploads\/2025\/10\/Silver-Audition.webp\",\"width\":1920,\"height\":1166,\"caption\":\"Silver Audition\"},\"image\":{\"@id\":\"https:\/\/silveraudition.ch\/fr\/#\/schema\/logo\/image\/\"}}]}<\/script>\n<!-- \/ Yoast SEO plugin. -->","yoast_head_json":{"title":"Phonak Lyric | Aide auditive 100% invisible | Silver Audition","description":"Phonak Lyric, la seule aide auditive 100% invisible. Port\u00e9 24 heures sur 24, 7 jours sur 7, pendant des mois, m\u00eame sous la douche. Pas d'entretien quotidien. D\u00e8s CHF 2'100. Morges & Vevey.","robots":{"index":"noindex","follow":"follow","max-snippet":"max-snippet:-1","max-image-preview":"max-image-preview:large","max-video-preview":"max-video-preview:-1"},"og_locale":"fr_FR","og_type":"article","og_title":"Phonak Lyric | Aide auditive 100% invisible | Silver Audition","og_description":"Phonak Lyric, la seule aide auditive 100% invisible. Port\u00e9 24 heures sur 24, 7 jours sur 7, pendant des mois, m\u00eame sous la douche. Pas d'entretien quotidien. D\u00e8s CHF 2'100. Morges & Vevey.","og_url":"https:\/\/silveraudition.ch\/fr\/product\/phonak-lyric\/","og_site_name":"Silver Audition","article_modified_time":"2026-03-20T15:04:01+00:00","og_image":[{"width":300,"height":300,"url":"https:\/\/silveraudition.ch\/wp-content\/uploads\/2025\/11\/packshot-lyric4-xs-side-078-0061-_1_-300x300-1.png","type":"image\/png"}],"twitter_card":"summary_large_image","twitter_misc":{"Dur\u00e9e de lecture estim\u00e9e":"1 minute"},"schema":{"@context":"https:\/\/schema.org","@graph":[{"@type":"WebPage","@id":"https:\/\/silveraudition.ch\/fr\/product\/phonak-lyric\/","url":"https:\/\/silveraudition.ch\/fr\/product\/phonak-lyric\/","name":"Phonak Lyric | Aide auditive 100% invisible | Silver Audition","isPartOf":{"@id":"https:\/\/silveraudition.ch\/fr\/#website"},"primaryImageOfPage":{"@id":"https:\/\/silveraudition.ch\/fr\/product\/phonak-lyric\/#primaryimage"},"image":{"@id":"https:\/\/silveraudition.ch\/fr\/product\/phonak-lyric\/#primaryimage"},"thumbnailUrl":"https:\/\/silveraudition.ch\/wp-content\/uploads\/2025\/11\/packshot-lyric4-xs-side-078-0061-_1_-300x300-1.png","datePublished":"2025-12-04T17:33:30+00:00","dateModified":"2026-03-20T15:04:01+00:00","description":"Phonak Lyric, la seule aide auditive 100% invisible. Port\u00e9 24 heures sur 24, 7 jours sur 7, pendant des mois, m\u00eame sous la douche. Pas d'entretien quotidien. D\u00e8s CHF 2'100. Morges & Vevey.","breadcrumb":{"@id":"https:\/\/silveraudition.ch\/fr\/product\/phonak-lyric\/#breadcrumb"},"inLanguage":"fr-FR","potentialAction":[{"@type":"ReadAction","target":["https:\/\/silveraudition.ch\/fr\/product\/phonak-lyric\/"]}]},{"@type":"ImageObject","inLanguage":"fr-FR","@id":"https:\/\/silveraudition.ch\/fr\/product\/phonak-lyric\/#primaryimage","url":"https:\/\/silveraudition.ch\/wp-content\/uploads\/2025\/11\/packshot-lyric4-xs-side-078-0061-_1_-300x300-1.png","contentUrl":"https:\/\/silveraudition.ch\/wp-content\/uploads\/2025\/11\/packshot-lyric4-xs-side-078-0061-_1_-300x300-1.png","width":300,"height":300},{"@type":"BreadcrumbList","@id":"https:\/\/silveraudition.ch\/fr\/product\/phonak-lyric\/#breadcrumb","itemListElement":[{"@type":"ListItem","position":1,"name":"Accueil","item":"http:\/\/silveraudition.ch\/fr\/"},{"@type":"ListItem","position":2,"name":"Boutique","item":"http:\/\/silveraudition.ch\/fr\/boutique\/"},{"@type":"ListItem","position":3,"name":"Phonak Lyric"}]},{"@type":"WebSite","@id":"https:\/\/silveraudition.ch\/fr\/#website","url":"https:\/\/silveraudition.ch\/fr\/","name":"Silver Audition","description":"Mieux entendre. Vivre pleinement.","publisher":{"@id":"https:\/\/silveraudition.ch\/fr\/#organization"},"potentialAction":[{"@type":"SearchAction","target":{"@type":"EntryPoint","urlTemplate":"https:\/\/silveraudition.ch\/fr\/?s={search_term_string}"},"query-input":{"@type":"PropertyValueSpecification","valueRequired":true,"valueName":"search_term_string"}}],"inLanguage":"fr-FR"},{"@type":"Organization","@id":"https:\/\/silveraudition.ch\/fr\/#organization","name":"Silver Audition","url":"https:\/\/silveraudition.ch\/fr\/","logo":{"@type":"ImageObject","inLanguage":"fr-FR","@id":"https:\/\/silveraudition.ch\/fr\/#\/schema\/logo\/image\/","url":"https:\/\/silveraudition.ch\/wp-content\/uploads\/2025\/10\/Silver-Audition.webp","contentUrl":"https:\/\/silveraudition.ch\/wp-content\/uploads\/2025\/10\/Silver-Audition.webp","width":1920,"height":1166,"caption":"Silver Audition"},"image":{"@id":"https:\/\/silveraudition.ch\/fr\/#\/schema\/logo\/image\/"}}]}},"_links":{"self":[{"href":"https:\/\/silveraudition.ch\/fr\/wp-json\/wp\/v2\/product\/3428","targetHints":{"allow":["GET"]}}],"collection":[{"href":"https:\/\/silveraudition.ch\/fr\/wp-json\/wp\/v2\/product"}],"about":[{"href":"https:\/\/silveraudition.ch\/fr\/wp-json\/wp\/v2\/types\/product"}],"replies":[{"embeddable":true,"href":"https:\/\/silveraudition.ch\/fr\/wp-json\/wp\/v2\/comments?post=3428"}],"wp:featuredmedia":[{"embeddable":true,"href":"https:\/\/silveraudition.ch\/fr\/wp-json\/wp\/v2\/media\/1754"}],"wp:attachment":[{"href":"https:\/\/silveraudition.ch\/fr\/wp-json\/wp\/v2\/media?parent=3428"}],"wp:term":[{"taxonomy":"product_brand","embeddable":true,"href":"https:\/\/silveraudition.ch\/fr\/wp-json\/wp\/v2\/product_brand?post=3428"},{"taxonomy":"product_cat","embeddable":true,"href":"https:\/\/silveraudition.ch\/fr\/wp-json\/wp\/v2\/product_cat?post=3428"},{"taxonomy":"product_tag","embeddable":true,"href":"https:\/\/silveraudition.ch\/fr\/wp-json\/wp\/v2\/product_tag?post=3428"}],"curies":[{"name":"wp","href":"https:\/\/api.w.org\/{rel}","templated":true}]}}