{"id":3445,"date":"2025-12-15T13:57:45","date_gmt":"2025-12-15T13:57:45","guid":{"rendered":"https:\/\/new.silveraudition.ch\/product\/phonak-terra\/"},"modified":"2026-03-20T16:03:56","modified_gmt":"2026-03-20T15:03:56","slug":"phonak-terra","status":"publish","type":"product","link":"https:\/\/silveraudition.ch\/fr\/product\/phonak-terra\/","title":{"rendered":"Phonak Terra"},"content":{"rendered":"<p>Notre mod\u00e8le rechargeable au meilleur rapport qualit\u00e9-prix, offrant la commodit\u00e9 moderne d&rsquo;une batterie qui dure toute la journ\u00e9e et d&rsquo;un contr\u00f4le par application smartphone pour des r\u00e9glages faciles.<\/p>\n<h3>Aper\u00e7u des fonctionnalit\u00e9s :<\/h3>\n<ul>\n<li>Une parole claire dans les situations quotidiennes<\/li>\n<li><strong>Rechargeable<\/strong><\/li>\n<li>Bluetooth pour les appels mains libres<\/li>\n<li><strong>Connectivit\u00e9 avec une application pour smartphone<\/strong><\/li>\n<\/ul>\n","protected":false},"excerpt":{"rendered":"<p>Une aide auditive simple et fiable qui offre une audition claire avec une pile jetable facile \u00e0 remplacer pour une simplicit\u00e9 ultime.<\/p>\n<h3>Aper\u00e7u des fonctionnalit\u00e9s :<\/h3>\n<ul>\n<li>Une parole claire dans les situations quotidiennes<\/li>\n<li><strong>Pile simple et jetable<\/strong><\/li>\n<li>Bluetooth pour les appels mains libres<\/li>\n<li>Fonctions automatiques faciles \u00e0 utiliser<\/li>\n<\/ul>\n","protected":false},"featured_media":2181,"comment_status":"open","ping_status":"closed","template":"","meta":{"_acf_changed":false},"product_brand":[],"product_cat":[94],"product_tag":[],"class_list":{"0":"post-3445","1":"product","2":"type-product","3":"status-publish","4":"has-post-thumbnail","6":"product_cat-aides-auditives-derriere-loreille","8":"first","9":"instock","10":"shipping-taxable","11":"purchasable","12":"product-type-variable"},"acf":[],"yoast_head":"<!-- This site is optimized with the Yoast SEO plugin v26.6 - https:\/\/yoast.com\/wordpress\/plugins\/seo\/ -->\n<title>Phonak Terra | Aide auditive abordable | Audition d&#039;argent<\/title>\n<meta name=\"description\" content=\"Phonak Terra, une aide auditive fiable et facile \u00e0 utiliser. Piles jetables, Bluetooth, fonctions automatiques. D\u00e8s CHF 1&#039;450. Morges &amp; Vevey.\" \/>\n<meta name=\"robots\" content=\"noindex, follow, max-snippet:-1, max-image-preview:large, max-video-preview:-1\" \/>\n<meta property=\"og:locale\" content=\"fr_FR\" \/>\n<meta property=\"og:type\" content=\"article\" \/>\n<meta property=\"og:title\" content=\"Phonak Terra | Aide auditive abordable | Audition d&#039;argent\" \/>\n<meta property=\"og:description\" content=\"Phonak Terra, une aide auditive fiable et facile \u00e0 utiliser. Piles jetables, Bluetooth, fonctions automatiques. D\u00e8s CHF 1&#039;450. Morges &amp; Vevey.\" \/>\n<meta property=\"og:url\" content=\"https:\/\/silveraudition.ch\/fr\/product\/phonak-terra\/\" \/>\n<meta property=\"og:site_name\" content=\"Silver Audition\" \/>\n<meta property=\"article:modified_time\" content=\"2026-03-20T15:03:56+00:00\" \/>\n<meta property=\"og:image\" content=\"https:\/\/silveraudition.ch\/wp-content\/uploads\/2025\/12\/ph-packshot-terra-bte-up-050-1106-p1.png\" \/>\n\t<meta property=\"og:image:width\" content=\"600\" \/>\n\t<meta property=\"og:image:height\" content=\"600\" \/>\n\t<meta property=\"og:image:type\" content=\"image\/png\" \/>\n<meta name=\"twitter:card\" content=\"summary_large_image\" \/>\n<meta name=\"twitter:label1\" content=\"Dur\u00e9e de lecture estim\u00e9e\" \/>\n\t<meta name=\"twitter:data1\" content=\"1 minute\" \/>\n<script type=\"application\/ld+json\" class=\"yoast-schema-graph\">{\"@context\":\"https:\/\/schema.org\",\"@graph\":[{\"@type\":\"WebPage\",\"@id\":\"https:\/\/silveraudition.ch\/fr\/product\/phonak-terra\/\",\"url\":\"https:\/\/silveraudition.ch\/fr\/product\/phonak-terra\/\",\"name\":\"Phonak Terra | Aide auditive abordable | Audition d'argent\",\"isPartOf\":{\"@id\":\"http:\/\/silveraudition.ch\/fr\/#website\"},\"primaryImageOfPage\":{\"@id\":\"https:\/\/silveraudition.ch\/fr\/product\/phonak-terra\/#primaryimage\"},\"image\":{\"@id\":\"https:\/\/silveraudition.ch\/fr\/product\/phonak-terra\/#primaryimage\"},\"thumbnailUrl\":\"https:\/\/silveraudition.ch\/wp-content\/uploads\/2025\/12\/ph-packshot-terra-bte-up-050-1106-p1.png\",\"datePublished\":\"2025-12-15T13:57:45+00:00\",\"dateModified\":\"2026-03-20T15:03:56+00:00\",\"description\":\"Phonak Terra, une aide auditive fiable et facile \u00e0 utiliser. Piles jetables, Bluetooth, fonctions automatiques. D\u00e8s CHF 1'450. Morges & Vevey.\",\"breadcrumb\":{\"@id\":\"https:\/\/silveraudition.ch\/fr\/product\/phonak-terra\/#breadcrumb\"},\"inLanguage\":\"fr-FR\",\"potentialAction\":[{\"@type\":\"ReadAction\",\"target\":[\"https:\/\/silveraudition.ch\/fr\/product\/phonak-terra\/\"]}]},{\"@type\":\"ImageObject\",\"inLanguage\":\"fr-FR\",\"@id\":\"https:\/\/silveraudition.ch\/fr\/product\/phonak-terra\/#primaryimage\",\"url\":\"https:\/\/silveraudition.ch\/wp-content\/uploads\/2025\/12\/ph-packshot-terra-bte-up-050-1106-p1.png\",\"contentUrl\":\"https:\/\/silveraudition.ch\/wp-content\/uploads\/2025\/12\/ph-packshot-terra-bte-up-050-1106-p1.png\",\"width\":600,\"height\":600},{\"@type\":\"BreadcrumbList\",\"@id\":\"https:\/\/silveraudition.ch\/fr\/product\/phonak-terra\/#breadcrumb\",\"itemListElement\":[{\"@type\":\"ListItem\",\"position\":1,\"name\":\"Accueil\",\"item\":\"http:\/\/silveraudition.ch\/fr\/\"},{\"@type\":\"ListItem\",\"position\":2,\"name\":\"Boutique\",\"item\":\"https:\/\/silveraudition.ch\/fr\/boutique\/\"},{\"@type\":\"ListItem\",\"position\":3,\"name\":\"Phonak Terra\"}]},{\"@type\":\"WebSite\",\"@id\":\"http:\/\/silveraudition.ch\/fr\/#website\",\"url\":\"http:\/\/silveraudition.ch\/fr\/\",\"name\":\"Silver Audition\",\"description\":\"Mieux entendre. Vivre pleinement.\",\"publisher\":{\"@id\":\"http:\/\/silveraudition.ch\/fr\/#organization\"},\"potentialAction\":[{\"@type\":\"SearchAction\",\"target\":{\"@type\":\"EntryPoint\",\"urlTemplate\":\"http:\/\/silveraudition.ch\/fr\/?s={search_term_string}\"},\"query-input\":{\"@type\":\"PropertyValueSpecification\",\"valueRequired\":true,\"valueName\":\"search_term_string\"}}],\"inLanguage\":\"fr-FR\"},{\"@type\":\"Organization\",\"@id\":\"http:\/\/silveraudition.ch\/fr\/#organization\",\"name\":\"Silver Audition\",\"url\":\"http:\/\/silveraudition.ch\/fr\/\",\"logo\":{\"@type\":\"ImageObject\",\"inLanguage\":\"fr-FR\",\"@id\":\"http:\/\/silveraudition.ch\/fr\/#\/schema\/logo\/image\/\",\"url\":\"https:\/\/silveraudition.ch\/wp-content\/uploads\/2025\/10\/Silver-Audition.webp\",\"contentUrl\":\"https:\/\/silveraudition.ch\/wp-content\/uploads\/2025\/10\/Silver-Audition.webp\",\"width\":1920,\"height\":1166,\"caption\":\"Silver Audition\"},\"image\":{\"@id\":\"http:\/\/silveraudition.ch\/fr\/#\/schema\/logo\/image\/\"}}]}<\/script>\n<!-- \/ Yoast SEO plugin. -->","yoast_head_json":{"title":"Phonak Terra | Aide auditive abordable | Audition d'argent","description":"Phonak Terra, une aide auditive fiable et facile \u00e0 utiliser. Piles jetables, Bluetooth, fonctions automatiques. D\u00e8s CHF 1'450. Morges & Vevey.","robots":{"index":"noindex","follow":"follow","max-snippet":"max-snippet:-1","max-image-preview":"max-image-preview:large","max-video-preview":"max-video-preview:-1"},"og_locale":"fr_FR","og_type":"article","og_title":"Phonak Terra | Aide auditive abordable | Audition d'argent","og_description":"Phonak Terra, une aide auditive fiable et facile \u00e0 utiliser. Piles jetables, Bluetooth, fonctions automatiques. D\u00e8s CHF 1'450. Morges & Vevey.","og_url":"https:\/\/silveraudition.ch\/fr\/product\/phonak-terra\/","og_site_name":"Silver Audition","article_modified_time":"2026-03-20T15:03:56+00:00","og_image":[{"width":600,"height":600,"url":"https:\/\/silveraudition.ch\/wp-content\/uploads\/2025\/12\/ph-packshot-terra-bte-up-050-1106-p1.png","type":"image\/png"}],"twitter_card":"summary_large_image","twitter_misc":{"Dur\u00e9e de lecture estim\u00e9e":"1 minute"},"schema":{"@context":"https:\/\/schema.org","@graph":[{"@type":"WebPage","@id":"https:\/\/silveraudition.ch\/fr\/product\/phonak-terra\/","url":"https:\/\/silveraudition.ch\/fr\/product\/phonak-terra\/","name":"Phonak Terra | Aide auditive abordable | Audition d'argent","isPartOf":{"@id":"http:\/\/silveraudition.ch\/fr\/#website"},"primaryImageOfPage":{"@id":"https:\/\/silveraudition.ch\/fr\/product\/phonak-terra\/#primaryimage"},"image":{"@id":"https:\/\/silveraudition.ch\/fr\/product\/phonak-terra\/#primaryimage"},"thumbnailUrl":"https:\/\/silveraudition.ch\/wp-content\/uploads\/2025\/12\/ph-packshot-terra-bte-up-050-1106-p1.png","datePublished":"2025-12-15T13:57:45+00:00","dateModified":"2026-03-20T15:03:56+00:00","description":"Phonak Terra, une aide auditive fiable et facile \u00e0 utiliser. Piles jetables, Bluetooth, fonctions automatiques. D\u00e8s CHF 1'450. Morges & Vevey.","breadcrumb":{"@id":"https:\/\/silveraudition.ch\/fr\/product\/phonak-terra\/#breadcrumb"},"inLanguage":"fr-FR","potentialAction":[{"@type":"ReadAction","target":["https:\/\/silveraudition.ch\/fr\/product\/phonak-terra\/"]}]},{"@type":"ImageObject","inLanguage":"fr-FR","@id":"https:\/\/silveraudition.ch\/fr\/product\/phonak-terra\/#primaryimage","url":"https:\/\/silveraudition.ch\/wp-content\/uploads\/2025\/12\/ph-packshot-terra-bte-up-050-1106-p1.png","contentUrl":"https:\/\/silveraudition.ch\/wp-content\/uploads\/2025\/12\/ph-packshot-terra-bte-up-050-1106-p1.png","width":600,"height":600},{"@type":"BreadcrumbList","@id":"https:\/\/silveraudition.ch\/fr\/product\/phonak-terra\/#breadcrumb","itemListElement":[{"@type":"ListItem","position":1,"name":"Accueil","item":"http:\/\/silveraudition.ch\/fr\/"},{"@type":"ListItem","position":2,"name":"Boutique","item":"https:\/\/silveraudition.ch\/fr\/boutique\/"},{"@type":"ListItem","position":3,"name":"Phonak Terra"}]},{"@type":"WebSite","@id":"http:\/\/silveraudition.ch\/fr\/#website","url":"http:\/\/silveraudition.ch\/fr\/","name":"Silver Audition","description":"Mieux entendre. Vivre pleinement.","publisher":{"@id":"http:\/\/silveraudition.ch\/fr\/#organization"},"potentialAction":[{"@type":"SearchAction","target":{"@type":"EntryPoint","urlTemplate":"http:\/\/silveraudition.ch\/fr\/?s={search_term_string}"},"query-input":{"@type":"PropertyValueSpecification","valueRequired":true,"valueName":"search_term_string"}}],"inLanguage":"fr-FR"},{"@type":"Organization","@id":"http:\/\/silveraudition.ch\/fr\/#organization","name":"Silver Audition","url":"http:\/\/silveraudition.ch\/fr\/","logo":{"@type":"ImageObject","inLanguage":"fr-FR","@id":"http:\/\/silveraudition.ch\/fr\/#\/schema\/logo\/image\/","url":"https:\/\/silveraudition.ch\/wp-content\/uploads\/2025\/10\/Silver-Audition.webp","contentUrl":"https:\/\/silveraudition.ch\/wp-content\/uploads\/2025\/10\/Silver-Audition.webp","width":1920,"height":1166,"caption":"Silver Audition"},"image":{"@id":"http:\/\/silveraudition.ch\/fr\/#\/schema\/logo\/image\/"}}]}},"_links":{"self":[{"href":"https:\/\/silveraudition.ch\/fr\/wp-json\/wp\/v2\/product\/3445","targetHints":{"allow":["GET"]}}],"collection":[{"href":"https:\/\/silveraudition.ch\/fr\/wp-json\/wp\/v2\/product"}],"about":[{"href":"https:\/\/silveraudition.ch\/fr\/wp-json\/wp\/v2\/types\/product"}],"replies":[{"embeddable":true,"href":"https:\/\/silveraudition.ch\/fr\/wp-json\/wp\/v2\/comments?post=3445"}],"wp:featuredmedia":[{"embeddable":true,"href":"https:\/\/silveraudition.ch\/fr\/wp-json\/wp\/v2\/media\/2181"}],"wp:attachment":[{"href":"https:\/\/silveraudition.ch\/fr\/wp-json\/wp\/v2\/media?parent=3445"}],"wp:term":[{"taxonomy":"product_brand","embeddable":true,"href":"https:\/\/silveraudition.ch\/fr\/wp-json\/wp\/v2\/product_brand?post=3445"},{"taxonomy":"product_cat","embeddable":true,"href":"https:\/\/silveraudition.ch\/fr\/wp-json\/wp\/v2\/product_cat?post=3445"},{"taxonomy":"product_tag","embeddable":true,"href":"https:\/\/silveraudition.ch\/fr\/wp-json\/wp\/v2\/product_tag?post=3445"}],"curies":[{"name":"wp","href":"https:\/\/api.w.org\/{rel}","templated":true}]}}