{"id":3450,"date":"2025-12-15T14:17:45","date_gmt":"2025-12-15T14:17:45","guid":{"rendered":"https:\/\/new.silveraudition.ch\/product\/phonak-lumity-naida\/"},"modified":"2026-01-26T20:15:48","modified_gmt":"2026-01-26T20:15:48","slug":"phonak-lumity-naida","status":"publish","type":"product","link":"https:\/\/silveraudition.ch\/fr\/product\/phonak-lumity-naida\/","title":{"rendered":"Phonak Lumity Naida"},"content":{"rendered":"<p>Pour les personnes souffrant d&rsquo;une perte auditive s\u00e9v\u00e8re \u00e0 profonde, le d\u00e9fi ne consiste pas seulement \u00e0 avoir de la clart\u00e9, mais aussi \u00e0 avoir suffisamment de puissance pour redonner vie au monde. Ces solutions \u00ab ultra puissantes \u00bb sont con\u00e7ues pour fournir une amplification maximale sans sacrifier la qualit\u00e9 sonore, vous permettant d&rsquo;entendre clairement et avec confiance.<\/p>\n<h2>Disponible en deux versions\u00a0:<\/h2>\n<p>Puissant (PR) Ultra-puissant (UP)<\/p>\n<h3>Aper\u00e7u des fonctionnalit\u00e9s :<\/h3>\n<ul>\n<li>Puissant pour perte auditive profonde<\/li>\n<li>Qualit\u00e9 sonore in\u00e9gal\u00e9e dans le bruit<\/li>\n<li>S&rsquo;associe aux embouts auriculaires personnalis\u00e9s<\/li>\n<li>Rechargeable (mod\u00e8le PR uniquement)<\/li>\n<li>Bluetooth + application<\/li>\n<\/ul>\n<p>&nbsp;<\/p>\n","protected":false},"excerpt":{"rendered":"<h3>Le tr\u00e8s puissant<\/h3>\n<p>Con\u00e7ue pour les pertes auditives profondes et disponible en versions puissante et ultra-puissante, cette aide auditive contour d&rsquo;oreille offre une excellente qualit\u00e9 sonore.<\/p>\n","protected":false},"featured_media":2185,"comment_status":"open","ping_status":"closed","template":"","meta":{"_acf_changed":false},"product_brand":[],"product_cat":[94],"product_tag":[],"class_list":{"0":"post-3450","1":"product","2":"type-product","3":"status-publish","4":"has-post-thumbnail","6":"product_cat-aides-auditives-derriere-loreille","8":"first","9":"instock","10":"shipping-taxable","11":"purchasable","12":"product-type-variable"},"acf":[],"yoast_head":"<!-- This site is optimized with the Yoast SEO plugin v26.6 - https:\/\/yoast.com\/wordpress\/plugins\/seo\/ -->\n<title>Phonak Naida | Perte Auditive S\u00e9v\u00e8re | Silver Audition<\/title>\n<meta name=\"description\" content=\"Phonak Naida pour pertes auditives s\u00e9v\u00e8res \u00e0 profondes. Versions Power et Ultra Power pour une amplification maximale et un son de qualit\u00e9. D\u00e8s CHF 2&#039;050. Morges &amp; Vevey.\" \/>\n<meta name=\"robots\" content=\"noindex, follow, max-snippet:-1, max-image-preview:large, max-video-preview:-1\" \/>\n<meta property=\"og:locale\" content=\"fr_FR\" \/>\n<meta property=\"og:type\" content=\"article\" \/>\n<meta property=\"og:title\" content=\"Phonak Naida | Perte Auditive S\u00e9v\u00e8re | Silver Audition\" \/>\n<meta property=\"og:description\" content=\"Phonak Naida pour pertes auditives s\u00e9v\u00e8res \u00e0 profondes. Versions Power et Ultra Power pour une amplification maximale et un son de qualit\u00e9. D\u00e8s CHF 2&#039;050. Morges &amp; Vevey.\" \/>\n<meta property=\"og:url\" content=\"https:\/\/silveraudition.ch\/fr\/product\/phonak-lumity-naida\/\" \/>\n<meta property=\"og:site_name\" content=\"Silver Audition\" \/>\n<meta property=\"article:modified_time\" content=\"2026-01-26T20:15:48+00:00\" \/>\n<meta property=\"og:image\" content=\"https:\/\/silveraudition.ch\/wp-content\/uploads\/2025\/12\/ph-packshot-na-da-l-up-050-1074-p3.png\" \/>\n\t<meta property=\"og:image:width\" content=\"768\" \/>\n\t<meta property=\"og:image:height\" content=\"768\" \/>\n\t<meta property=\"og:image:type\" content=\"image\/png\" \/>\n<meta name=\"twitter:card\" content=\"summary_large_image\" \/>\n<meta name=\"twitter:label1\" content=\"Dur\u00e9e de lecture estim\u00e9e\" \/>\n\t<meta name=\"twitter:data1\" content=\"1 minute\" \/>\n<script type=\"application\/ld+json\" class=\"yoast-schema-graph\">{\"@context\":\"https:\/\/schema.org\",\"@graph\":[{\"@type\":\"WebPage\",\"@id\":\"https:\/\/silveraudition.ch\/fr\/product\/phonak-lumity-naida\/\",\"url\":\"https:\/\/silveraudition.ch\/fr\/product\/phonak-lumity-naida\/\",\"name\":\"Phonak Naida | Perte Auditive S\u00e9v\u00e8re | Silver Audition\",\"isPartOf\":{\"@id\":\"http:\/\/silveraudition.ch\/fr\/#website\"},\"primaryImageOfPage\":{\"@id\":\"https:\/\/silveraudition.ch\/fr\/product\/phonak-lumity-naida\/#primaryimage\"},\"image\":{\"@id\":\"https:\/\/silveraudition.ch\/fr\/product\/phonak-lumity-naida\/#primaryimage\"},\"thumbnailUrl\":\"https:\/\/silveraudition.ch\/wp-content\/uploads\/2025\/12\/ph-packshot-na-da-l-up-050-1074-p3.png\",\"datePublished\":\"2025-12-15T14:17:45+00:00\",\"dateModified\":\"2026-01-26T20:15:48+00:00\",\"description\":\"Phonak Naida pour pertes auditives s\u00e9v\u00e8res \u00e0 profondes. Versions Power et Ultra Power pour une amplification maximale et un son de qualit\u00e9. D\u00e8s CHF 2'050. Morges & Vevey.\",\"breadcrumb\":{\"@id\":\"https:\/\/silveraudition.ch\/fr\/product\/phonak-lumity-naida\/#breadcrumb\"},\"inLanguage\":\"fr-FR\",\"potentialAction\":[{\"@type\":\"ReadAction\",\"target\":[\"https:\/\/silveraudition.ch\/fr\/product\/phonak-lumity-naida\/\"]}]},{\"@type\":\"ImageObject\",\"inLanguage\":\"fr-FR\",\"@id\":\"https:\/\/silveraudition.ch\/fr\/product\/phonak-lumity-naida\/#primaryimage\",\"url\":\"https:\/\/silveraudition.ch\/wp-content\/uploads\/2025\/12\/ph-packshot-na-da-l-up-050-1074-p3.png\",\"contentUrl\":\"https:\/\/silveraudition.ch\/wp-content\/uploads\/2025\/12\/ph-packshot-na-da-l-up-050-1074-p3.png\",\"width\":768,\"height\":768},{\"@type\":\"BreadcrumbList\",\"@id\":\"https:\/\/silveraudition.ch\/fr\/product\/phonak-lumity-naida\/#breadcrumb\",\"itemListElement\":[{\"@type\":\"ListItem\",\"position\":1,\"name\":\"Accueil\",\"item\":\"http:\/\/silveraudition.ch\/fr\/\"},{\"@type\":\"ListItem\",\"position\":2,\"name\":\"Boutique\",\"item\":\"https:\/\/silveraudition.ch\/fr\/boutique\/\"},{\"@type\":\"ListItem\",\"position\":3,\"name\":\"Phonak Lumity Naida\"}]},{\"@type\":\"WebSite\",\"@id\":\"http:\/\/silveraudition.ch\/fr\/#website\",\"url\":\"http:\/\/silveraudition.ch\/fr\/\",\"name\":\"Silver Audition\",\"description\":\"Mieux entendre. Vivre pleinement.\",\"publisher\":{\"@id\":\"http:\/\/silveraudition.ch\/fr\/#organization\"},\"potentialAction\":[{\"@type\":\"SearchAction\",\"target\":{\"@type\":\"EntryPoint\",\"urlTemplate\":\"http:\/\/silveraudition.ch\/fr\/?s={search_term_string}\"},\"query-input\":{\"@type\":\"PropertyValueSpecification\",\"valueRequired\":true,\"valueName\":\"search_term_string\"}}],\"inLanguage\":\"fr-FR\"},{\"@type\":\"Organization\",\"@id\":\"http:\/\/silveraudition.ch\/fr\/#organization\",\"name\":\"Silver Audition\",\"url\":\"http:\/\/silveraudition.ch\/fr\/\",\"logo\":{\"@type\":\"ImageObject\",\"inLanguage\":\"fr-FR\",\"@id\":\"http:\/\/silveraudition.ch\/fr\/#\/schema\/logo\/image\/\",\"url\":\"https:\/\/silveraudition.ch\/wp-content\/uploads\/2025\/10\/Silver-Audition.webp\",\"contentUrl\":\"https:\/\/silveraudition.ch\/wp-content\/uploads\/2025\/10\/Silver-Audition.webp\",\"width\":1920,\"height\":1166,\"caption\":\"Silver Audition\"},\"image\":{\"@id\":\"http:\/\/silveraudition.ch\/fr\/#\/schema\/logo\/image\/\"}}]}<\/script>\n<!-- \/ Yoast SEO plugin. -->","yoast_head_json":{"title":"Phonak Naida | Perte Auditive S\u00e9v\u00e8re | Silver Audition","description":"Phonak Naida pour pertes auditives s\u00e9v\u00e8res \u00e0 profondes. Versions Power et Ultra Power pour une amplification maximale et un son de qualit\u00e9. D\u00e8s CHF 2'050. Morges & Vevey.","robots":{"index":"noindex","follow":"follow","max-snippet":"max-snippet:-1","max-image-preview":"max-image-preview:large","max-video-preview":"max-video-preview:-1"},"og_locale":"fr_FR","og_type":"article","og_title":"Phonak Naida | Perte Auditive S\u00e9v\u00e8re | Silver Audition","og_description":"Phonak Naida pour pertes auditives s\u00e9v\u00e8res \u00e0 profondes. Versions Power et Ultra Power pour une amplification maximale et un son de qualit\u00e9. D\u00e8s CHF 2'050. Morges & Vevey.","og_url":"https:\/\/silveraudition.ch\/fr\/product\/phonak-lumity-naida\/","og_site_name":"Silver Audition","article_modified_time":"2026-01-26T20:15:48+00:00","og_image":[{"width":768,"height":768,"url":"https:\/\/silveraudition.ch\/wp-content\/uploads\/2025\/12\/ph-packshot-na-da-l-up-050-1074-p3.png","type":"image\/png"}],"twitter_card":"summary_large_image","twitter_misc":{"Dur\u00e9e de lecture estim\u00e9e":"1 minute"},"schema":{"@context":"https:\/\/schema.org","@graph":[{"@type":"WebPage","@id":"https:\/\/silveraudition.ch\/fr\/product\/phonak-lumity-naida\/","url":"https:\/\/silveraudition.ch\/fr\/product\/phonak-lumity-naida\/","name":"Phonak Naida | Perte Auditive S\u00e9v\u00e8re | Silver Audition","isPartOf":{"@id":"http:\/\/silveraudition.ch\/fr\/#website"},"primaryImageOfPage":{"@id":"https:\/\/silveraudition.ch\/fr\/product\/phonak-lumity-naida\/#primaryimage"},"image":{"@id":"https:\/\/silveraudition.ch\/fr\/product\/phonak-lumity-naida\/#primaryimage"},"thumbnailUrl":"https:\/\/silveraudition.ch\/wp-content\/uploads\/2025\/12\/ph-packshot-na-da-l-up-050-1074-p3.png","datePublished":"2025-12-15T14:17:45+00:00","dateModified":"2026-01-26T20:15:48+00:00","description":"Phonak Naida pour pertes auditives s\u00e9v\u00e8res \u00e0 profondes. Versions Power et Ultra Power pour une amplification maximale et un son de qualit\u00e9. D\u00e8s CHF 2'050. Morges & Vevey.","breadcrumb":{"@id":"https:\/\/silveraudition.ch\/fr\/product\/phonak-lumity-naida\/#breadcrumb"},"inLanguage":"fr-FR","potentialAction":[{"@type":"ReadAction","target":["https:\/\/silveraudition.ch\/fr\/product\/phonak-lumity-naida\/"]}]},{"@type":"ImageObject","inLanguage":"fr-FR","@id":"https:\/\/silveraudition.ch\/fr\/product\/phonak-lumity-naida\/#primaryimage","url":"https:\/\/silveraudition.ch\/wp-content\/uploads\/2025\/12\/ph-packshot-na-da-l-up-050-1074-p3.png","contentUrl":"https:\/\/silveraudition.ch\/wp-content\/uploads\/2025\/12\/ph-packshot-na-da-l-up-050-1074-p3.png","width":768,"height":768},{"@type":"BreadcrumbList","@id":"https:\/\/silveraudition.ch\/fr\/product\/phonak-lumity-naida\/#breadcrumb","itemListElement":[{"@type":"ListItem","position":1,"name":"Accueil","item":"http:\/\/silveraudition.ch\/fr\/"},{"@type":"ListItem","position":2,"name":"Boutique","item":"https:\/\/silveraudition.ch\/fr\/boutique\/"},{"@type":"ListItem","position":3,"name":"Phonak Lumity Naida"}]},{"@type":"WebSite","@id":"http:\/\/silveraudition.ch\/fr\/#website","url":"http:\/\/silveraudition.ch\/fr\/","name":"Silver Audition","description":"Mieux entendre. Vivre pleinement.","publisher":{"@id":"http:\/\/silveraudition.ch\/fr\/#organization"},"potentialAction":[{"@type":"SearchAction","target":{"@type":"EntryPoint","urlTemplate":"http:\/\/silveraudition.ch\/fr\/?s={search_term_string}"},"query-input":{"@type":"PropertyValueSpecification","valueRequired":true,"valueName":"search_term_string"}}],"inLanguage":"fr-FR"},{"@type":"Organization","@id":"http:\/\/silveraudition.ch\/fr\/#organization","name":"Silver Audition","url":"http:\/\/silveraudition.ch\/fr\/","logo":{"@type":"ImageObject","inLanguage":"fr-FR","@id":"http:\/\/silveraudition.ch\/fr\/#\/schema\/logo\/image\/","url":"https:\/\/silveraudition.ch\/wp-content\/uploads\/2025\/10\/Silver-Audition.webp","contentUrl":"https:\/\/silveraudition.ch\/wp-content\/uploads\/2025\/10\/Silver-Audition.webp","width":1920,"height":1166,"caption":"Silver Audition"},"image":{"@id":"http:\/\/silveraudition.ch\/fr\/#\/schema\/logo\/image\/"}}]}},"_links":{"self":[{"href":"https:\/\/silveraudition.ch\/fr\/wp-json\/wp\/v2\/product\/3450","targetHints":{"allow":["GET"]}}],"collection":[{"href":"https:\/\/silveraudition.ch\/fr\/wp-json\/wp\/v2\/product"}],"about":[{"href":"https:\/\/silveraudition.ch\/fr\/wp-json\/wp\/v2\/types\/product"}],"replies":[{"embeddable":true,"href":"https:\/\/silveraudition.ch\/fr\/wp-json\/wp\/v2\/comments?post=3450"}],"wp:featuredmedia":[{"embeddable":true,"href":"https:\/\/silveraudition.ch\/fr\/wp-json\/wp\/v2\/media\/2185"}],"wp:attachment":[{"href":"https:\/\/silveraudition.ch\/fr\/wp-json\/wp\/v2\/media?parent=3450"}],"wp:term":[{"taxonomy":"product_brand","embeddable":true,"href":"https:\/\/silveraudition.ch\/fr\/wp-json\/wp\/v2\/product_brand?post=3450"},{"taxonomy":"product_cat","embeddable":true,"href":"https:\/\/silveraudition.ch\/fr\/wp-json\/wp\/v2\/product_cat?post=3450"},{"taxonomy":"product_tag","embeddable":true,"href":"https:\/\/silveraudition.ch\/fr\/wp-json\/wp\/v2\/product_tag?post=3450"}],"curies":[{"name":"wp","href":"https:\/\/api.w.org\/{rel}","templated":true}]}}