{"id":3482,"date":"2025-12-16T13:12:45","date_gmt":"2025-12-16T13:12:45","guid":{"rendered":"https:\/\/new.silveraudition.ch\/product\/microphone-phonak-partner\/"},"modified":"2026-03-20T16:03:59","modified_gmt":"2026-03-20T15:03:59","slug":"microphone-phonak-partner","status":"publish","type":"product","link":"https:\/\/silveraudition.ch\/fr\/product\/microphone-phonak-partner\/","title":{"rendered":"Microphone partenaire de Phonak"},"content":{"rendered":"","protected":false},"excerpt":{"rendered":"<h3>Entendre plus clairement une personne \u00e9loign\u00e9e<\/h3>\n<p>Phonak PartnerMic est un microphone discret et facile \u00e0 utiliser, qui se clipse sur le revers de l&rsquo;interlocuteur pour am\u00e9liorer l&rsquo;audition lors des conversations en t\u00eate-\u00e0-t\u00eate. Gr\u00e2ce \u00e0 la connectivit\u00e9 directe utilisant la technologie Phonak AirStream\u2122, vous pouvez profiter d&rsquo;une parole claire diffus\u00e9e directement dans vos aides auditives Infinio, Lumity, Paradise ou Marvel. <\/p>\n<ul>\n<li>Simple et facile \u00e0 utiliser : il suffit de l&rsquo;allumer pour profiter de conversations en t\u00eate-\u00e0-t\u00eate.<\/li>\n<li>Toujours directionnel : il suffit de le fixer aux v\u00eatements de l&rsquo;orateur sans se soucier de son positionnement.<\/li>\n<li>Se connecte instantan\u00e9ment \u00e0 vos appareils auditifs gr\u00e2ce \u00e0 la technologie AirStream.<\/li>\n<\/ul>\n","protected":false},"featured_media":3481,"comment_status":"open","ping_status":"closed","template":"","meta":{"_acf_changed":false},"product_brand":[],"product_cat":[110],"product_tag":[],"class_list":{"0":"post-3482","1":"product","2":"type-product","3":"status-publish","4":"has-post-thumbnail","6":"product_cat-accessories","8":"first","9":"instock","10":"shipping-taxable","11":"purchasable","12":"product-type-simple"},"acf":[],"yoast_head":"<!-- This site is optimized with the Yoast SEO plugin v26.6 - https:\/\/yoast.com\/wordpress\/plugins\/seo\/ -->\n<title>Phonak PartnerMic | Microphone \u00e0 pince | Silver Audition<\/title>\n<meta name=\"description\" content=\"Phonak PartnerMic, microphone discret \u00e0 clipser pour les conversations en t\u00eate-\u00e0-t\u00eate. Il transmet la parole directement \u00e0 vos aides auditives. CHF 320. Morges &amp; Vevey.\" \/>\n<meta name=\"robots\" content=\"noindex, follow, max-snippet:-1, max-image-preview:large, max-video-preview:-1\" \/>\n<meta property=\"og:locale\" content=\"fr_FR\" \/>\n<meta property=\"og:type\" content=\"article\" \/>\n<meta property=\"og:title\" content=\"Phonak PartnerMic | Microphone \u00e0 pince | Silver Audition\" \/>\n<meta property=\"og:description\" content=\"Phonak PartnerMic, microphone discret \u00e0 clipser pour les conversations en t\u00eate-\u00e0-t\u00eate. Il transmet la parole directement \u00e0 vos aides auditives. CHF 320. Morges &amp; Vevey.\" \/>\n<meta property=\"og:url\" content=\"https:\/\/silveraudition.ch\/fr\/product\/microphone-phonak-partner\/\" \/>\n<meta property=\"og:site_name\" content=\"Silver Audition\" \/>\n<meta property=\"article:modified_time\" content=\"2026-03-20T15:03:59+00:00\" \/>\n<meta property=\"og:image\" content=\"https:\/\/silveraudition.ch\/wp-content\/uploads\/2025\/12\/Microphone-Phonak-PartnerMic.png\" \/>\n\t<meta property=\"og:image:width\" content=\"1496\" \/>\n\t<meta property=\"og:image:height\" content=\"1496\" \/>\n\t<meta property=\"og:image:type\" content=\"image\/png\" \/>\n<meta name=\"twitter:card\" content=\"summary_large_image\" \/>\n<meta name=\"twitter:label1\" content=\"Dur\u00e9e de lecture estim\u00e9e\" \/>\n\t<meta name=\"twitter:data1\" content=\"1 minute\" \/>\n<script type=\"application\/ld+json\" class=\"yoast-schema-graph\">{\"@context\":\"https:\/\/schema.org\",\"@graph\":[{\"@type\":\"WebPage\",\"@id\":\"https:\/\/silveraudition.ch\/fr\/product\/microphone-phonak-partner\/\",\"url\":\"https:\/\/silveraudition.ch\/fr\/product\/microphone-phonak-partner\/\",\"name\":\"Phonak PartnerMic | Microphone \u00e0 pince | Silver Audition\",\"isPartOf\":{\"@id\":\"http:\/\/silveraudition.ch\/fr\/#website\"},\"primaryImageOfPage\":{\"@id\":\"https:\/\/silveraudition.ch\/fr\/product\/microphone-phonak-partner\/#primaryimage\"},\"image\":{\"@id\":\"https:\/\/silveraudition.ch\/fr\/product\/microphone-phonak-partner\/#primaryimage\"},\"thumbnailUrl\":\"https:\/\/silveraudition.ch\/wp-content\/uploads\/2025\/12\/Microphone-Phonak-PartnerMic.png\",\"datePublished\":\"2025-12-16T13:12:45+00:00\",\"dateModified\":\"2026-03-20T15:03:59+00:00\",\"description\":\"Phonak PartnerMic, microphone discret \u00e0 clipser pour les conversations en t\u00eate-\u00e0-t\u00eate. Il transmet la parole directement \u00e0 vos aides auditives. CHF 320. Morges & Vevey.\",\"breadcrumb\":{\"@id\":\"https:\/\/silveraudition.ch\/fr\/product\/microphone-phonak-partner\/#breadcrumb\"},\"inLanguage\":\"fr-FR\",\"potentialAction\":[{\"@type\":\"ReadAction\",\"target\":[\"https:\/\/silveraudition.ch\/fr\/product\/microphone-phonak-partner\/\"]}]},{\"@type\":\"ImageObject\",\"inLanguage\":\"fr-FR\",\"@id\":\"https:\/\/silveraudition.ch\/fr\/product\/microphone-phonak-partner\/#primaryimage\",\"url\":\"https:\/\/silveraudition.ch\/wp-content\/uploads\/2025\/12\/Microphone-Phonak-PartnerMic.png\",\"contentUrl\":\"https:\/\/silveraudition.ch\/wp-content\/uploads\/2025\/12\/Microphone-Phonak-PartnerMic.png\",\"width\":1496,\"height\":1496},{\"@type\":\"BreadcrumbList\",\"@id\":\"https:\/\/silveraudition.ch\/fr\/product\/microphone-phonak-partner\/#breadcrumb\",\"itemListElement\":[{\"@type\":\"ListItem\",\"position\":1,\"name\":\"Accueil\",\"item\":\"http:\/\/silveraudition.ch\/fr\/\"},{\"@type\":\"ListItem\",\"position\":2,\"name\":\"Boutique\",\"item\":\"https:\/\/silveraudition.ch\/fr\/boutique\/\"},{\"@type\":\"ListItem\",\"position\":3,\"name\":\"Microphone partenaire de Phonak\"}]},{\"@type\":\"WebSite\",\"@id\":\"http:\/\/silveraudition.ch\/fr\/#website\",\"url\":\"http:\/\/silveraudition.ch\/fr\/\",\"name\":\"Silver Audition\",\"description\":\"Mieux entendre. Vivre pleinement.\",\"publisher\":{\"@id\":\"http:\/\/silveraudition.ch\/fr\/#organization\"},\"potentialAction\":[{\"@type\":\"SearchAction\",\"target\":{\"@type\":\"EntryPoint\",\"urlTemplate\":\"http:\/\/silveraudition.ch\/fr\/?s={search_term_string}\"},\"query-input\":{\"@type\":\"PropertyValueSpecification\",\"valueRequired\":true,\"valueName\":\"search_term_string\"}}],\"inLanguage\":\"fr-FR\"},{\"@type\":\"Organization\",\"@id\":\"http:\/\/silveraudition.ch\/fr\/#organization\",\"name\":\"Silver Audition\",\"url\":\"http:\/\/silveraudition.ch\/fr\/\",\"logo\":{\"@type\":\"ImageObject\",\"inLanguage\":\"fr-FR\",\"@id\":\"http:\/\/silveraudition.ch\/fr\/#\/schema\/logo\/image\/\",\"url\":\"https:\/\/silveraudition.ch\/wp-content\/uploads\/2025\/10\/Silver-Audition.webp\",\"contentUrl\":\"https:\/\/silveraudition.ch\/wp-content\/uploads\/2025\/10\/Silver-Audition.webp\",\"width\":1920,\"height\":1166,\"caption\":\"Silver Audition\"},\"image\":{\"@id\":\"http:\/\/silveraudition.ch\/fr\/#\/schema\/logo\/image\/\"}}]}<\/script>\n<!-- \/ Yoast SEO plugin. -->","yoast_head_json":{"title":"Phonak PartnerMic | Microphone \u00e0 pince | Silver Audition","description":"Phonak PartnerMic, microphone discret \u00e0 clipser pour les conversations en t\u00eate-\u00e0-t\u00eate. Il transmet la parole directement \u00e0 vos aides auditives. CHF 320. Morges & Vevey.","robots":{"index":"noindex","follow":"follow","max-snippet":"max-snippet:-1","max-image-preview":"max-image-preview:large","max-video-preview":"max-video-preview:-1"},"og_locale":"fr_FR","og_type":"article","og_title":"Phonak PartnerMic | Microphone \u00e0 pince | Silver Audition","og_description":"Phonak PartnerMic, microphone discret \u00e0 clipser pour les conversations en t\u00eate-\u00e0-t\u00eate. Il transmet la parole directement \u00e0 vos aides auditives. CHF 320. Morges & Vevey.","og_url":"https:\/\/silveraudition.ch\/fr\/product\/microphone-phonak-partner\/","og_site_name":"Silver Audition","article_modified_time":"2026-03-20T15:03:59+00:00","og_image":[{"width":1496,"height":1496,"url":"https:\/\/silveraudition.ch\/wp-content\/uploads\/2025\/12\/Microphone-Phonak-PartnerMic.png","type":"image\/png"}],"twitter_card":"summary_large_image","twitter_misc":{"Dur\u00e9e de lecture estim\u00e9e":"1 minute"},"schema":{"@context":"https:\/\/schema.org","@graph":[{"@type":"WebPage","@id":"https:\/\/silveraudition.ch\/fr\/product\/microphone-phonak-partner\/","url":"https:\/\/silveraudition.ch\/fr\/product\/microphone-phonak-partner\/","name":"Phonak PartnerMic | Microphone \u00e0 pince | Silver Audition","isPartOf":{"@id":"http:\/\/silveraudition.ch\/fr\/#website"},"primaryImageOfPage":{"@id":"https:\/\/silveraudition.ch\/fr\/product\/microphone-phonak-partner\/#primaryimage"},"image":{"@id":"https:\/\/silveraudition.ch\/fr\/product\/microphone-phonak-partner\/#primaryimage"},"thumbnailUrl":"https:\/\/silveraudition.ch\/wp-content\/uploads\/2025\/12\/Microphone-Phonak-PartnerMic.png","datePublished":"2025-12-16T13:12:45+00:00","dateModified":"2026-03-20T15:03:59+00:00","description":"Phonak PartnerMic, microphone discret \u00e0 clipser pour les conversations en t\u00eate-\u00e0-t\u00eate. Il transmet la parole directement \u00e0 vos aides auditives. CHF 320. Morges & Vevey.","breadcrumb":{"@id":"https:\/\/silveraudition.ch\/fr\/product\/microphone-phonak-partner\/#breadcrumb"},"inLanguage":"fr-FR","potentialAction":[{"@type":"ReadAction","target":["https:\/\/silveraudition.ch\/fr\/product\/microphone-phonak-partner\/"]}]},{"@type":"ImageObject","inLanguage":"fr-FR","@id":"https:\/\/silveraudition.ch\/fr\/product\/microphone-phonak-partner\/#primaryimage","url":"https:\/\/silveraudition.ch\/wp-content\/uploads\/2025\/12\/Microphone-Phonak-PartnerMic.png","contentUrl":"https:\/\/silveraudition.ch\/wp-content\/uploads\/2025\/12\/Microphone-Phonak-PartnerMic.png","width":1496,"height":1496},{"@type":"BreadcrumbList","@id":"https:\/\/silveraudition.ch\/fr\/product\/microphone-phonak-partner\/#breadcrumb","itemListElement":[{"@type":"ListItem","position":1,"name":"Accueil","item":"http:\/\/silveraudition.ch\/fr\/"},{"@type":"ListItem","position":2,"name":"Boutique","item":"https:\/\/silveraudition.ch\/fr\/boutique\/"},{"@type":"ListItem","position":3,"name":"Microphone partenaire de Phonak"}]},{"@type":"WebSite","@id":"http:\/\/silveraudition.ch\/fr\/#website","url":"http:\/\/silveraudition.ch\/fr\/","name":"Silver Audition","description":"Mieux entendre. Vivre pleinement.","publisher":{"@id":"http:\/\/silveraudition.ch\/fr\/#organization"},"potentialAction":[{"@type":"SearchAction","target":{"@type":"EntryPoint","urlTemplate":"http:\/\/silveraudition.ch\/fr\/?s={search_term_string}"},"query-input":{"@type":"PropertyValueSpecification","valueRequired":true,"valueName":"search_term_string"}}],"inLanguage":"fr-FR"},{"@type":"Organization","@id":"http:\/\/silveraudition.ch\/fr\/#organization","name":"Silver Audition","url":"http:\/\/silveraudition.ch\/fr\/","logo":{"@type":"ImageObject","inLanguage":"fr-FR","@id":"http:\/\/silveraudition.ch\/fr\/#\/schema\/logo\/image\/","url":"https:\/\/silveraudition.ch\/wp-content\/uploads\/2025\/10\/Silver-Audition.webp","contentUrl":"https:\/\/silveraudition.ch\/wp-content\/uploads\/2025\/10\/Silver-Audition.webp","width":1920,"height":1166,"caption":"Silver Audition"},"image":{"@id":"http:\/\/silveraudition.ch\/fr\/#\/schema\/logo\/image\/"}}]}},"_links":{"self":[{"href":"https:\/\/silveraudition.ch\/fr\/wp-json\/wp\/v2\/product\/3482","targetHints":{"allow":["GET"]}}],"collection":[{"href":"https:\/\/silveraudition.ch\/fr\/wp-json\/wp\/v2\/product"}],"about":[{"href":"https:\/\/silveraudition.ch\/fr\/wp-json\/wp\/v2\/types\/product"}],"replies":[{"embeddable":true,"href":"https:\/\/silveraudition.ch\/fr\/wp-json\/wp\/v2\/comments?post=3482"}],"wp:featuredmedia":[{"embeddable":true,"href":"https:\/\/silveraudition.ch\/fr\/wp-json\/wp\/v2\/media\/3481"}],"wp:attachment":[{"href":"https:\/\/silveraudition.ch\/fr\/wp-json\/wp\/v2\/media?parent=3482"}],"wp:term":[{"taxonomy":"product_brand","embeddable":true,"href":"https:\/\/silveraudition.ch\/fr\/wp-json\/wp\/v2\/product_brand?post=3482"},{"taxonomy":"product_cat","embeddable":true,"href":"https:\/\/silveraudition.ch\/fr\/wp-json\/wp\/v2\/product_cat?post=3482"},{"taxonomy":"product_tag","embeddable":true,"href":"https:\/\/silveraudition.ch\/fr\/wp-json\/wp\/v2\/product_tag?post=3482"}],"curies":[{"name":"wp","href":"https:\/\/api.w.org\/{rel}","templated":true}]}}