{"id":3484,"date":"2025-12-16T13:21:18","date_gmt":"2025-12-16T13:21:18","guid":{"rendered":"https:\/\/new.silveraudition.ch\/product\/telecommande-phonak\/"},"modified":"2026-03-20T16:03:58","modified_gmt":"2026-03-20T15:03:58","slug":"telecommande-phonak","status":"publish","type":"product","link":"https:\/\/silveraudition.ch\/fr\/product\/telecommande-phonak\/","title":{"rendered":"Phonak RemoteControl"},"content":{"rendered":"<div class=\"x-text x-content e4999-e23 m3uv-o m3uv-p m3uv-q m3uv-r\">\n<h3>Modifiez rapidement le volume de vos appareils auditifs<\/h3>\n<p>Phonak RemoteControl est un moyen facile de contr\u00f4ler et de r\u00e9gler vos aides auditives Phonak en appuyant simplement sur un bouton. Le design sensible au toucher vous permet d&rsquo;effectuer des r\u00e9glages facilement et discr\u00e8tement, sans t\u00e2tonnement ni distraction. <\/p>\n<ul>\n<li>Profitez d&rsquo;une manipulation ais\u00e9e et d&rsquo;un confort maximal gr\u00e2ce \u00e0 une conception facile \u00e0 utiliser<\/li>\n<li>Contr\u00f4lez les principales fonctions de l&rsquo;appareil auditif gr\u00e2ce \u00e0 trois gros boutons.<\/li>\n<li>R\u00e9glez le volume de vos appareils auditifs et changez les programmes audio.<\/li>\n<\/ul>\n<\/div>\n<div class=\"x-text x-content e4999-e24 m3uv-p m3uv-q m3uv-s custom-small-desc\">\n<h3>Fonctionnalit\u00e9s<\/h3>\n<ul>\n<li>Joli design<\/li>\n<li>Facile \u00e0 utiliser<\/li>\n<li>Longue dur\u00e9e de vie de la batterie<\/li>\n<\/ul>\n<\/div>\n","protected":false},"excerpt":{"rendered":"<h3>Modifiez rapidement le volume de vos appareils auditifs<\/h3>\n<p>Phonak RemoteControl est un moyen facile de contr\u00f4ler et de r\u00e9gler vos aides auditives Phonak en appuyant simplement sur un bouton. Le design sensible au toucher vous permet d&rsquo;effectuer des r\u00e9glages facilement et discr\u00e8tement, sans t\u00e2tonnement ni distraction. <\/p>\n<ul>\n<li>Profitez d&rsquo;une manipulation ais\u00e9e et d&rsquo;un confort maximal gr\u00e2ce \u00e0 une conception facile \u00e0 utiliser<\/li>\n<li>Contr\u00f4lez les principales fonctions de l&rsquo;appareil auditif gr\u00e2ce \u00e0 trois gros boutons.<\/li>\n<li>R\u00e9glez le volume de vos appareils auditifs et changez les programmes audio.<\/li>\n<\/ul>\n","protected":false},"featured_media":3483,"comment_status":"open","ping_status":"closed","template":"","meta":{"_acf_changed":false},"product_brand":[],"product_cat":[110],"product_tag":[],"class_list":{"0":"post-3484","1":"product","2":"type-product","3":"status-publish","4":"has-post-thumbnail","6":"product_cat-accessories","8":"first","9":"instock","10":"shipping-taxable","11":"purchasable","12":"product-type-simple"},"acf":[],"yoast_head":"<!-- This site is optimized with the Yoast SEO plugin v26.6 - https:\/\/yoast.com\/wordpress\/plugins\/seo\/ -->\n<title>Phonak RemoteControl | T\u00e9l\u00e9commande pour aides auditives | Silver Audition<\/title>\n<meta name=\"description\" content=\"T\u00e9l\u00e9commande Phonak pour un r\u00e9glage facile des aides auditives. Volume, programmes audio, design tactile discret. CHF 260. Morges &amp; Vevey.\" \/>\n<meta name=\"robots\" content=\"noindex, follow, max-snippet:-1, max-image-preview:large, max-video-preview:-1\" \/>\n<meta property=\"og:locale\" content=\"fr_FR\" \/>\n<meta property=\"og:type\" content=\"article\" \/>\n<meta property=\"og:title\" content=\"Phonak RemoteControl | T\u00e9l\u00e9commande pour aides auditives | Silver Audition\" \/>\n<meta property=\"og:description\" content=\"T\u00e9l\u00e9commande Phonak pour un r\u00e9glage facile des aides auditives. Volume, programmes audio, design tactile discret. CHF 260. Morges &amp; Vevey.\" \/>\n<meta property=\"og:url\" content=\"https:\/\/silveraudition.ch\/fr\/product\/telecommande-phonak\/\" \/>\n<meta property=\"og:site_name\" content=\"Silver Audition\" \/>\n<meta property=\"article:modified_time\" content=\"2026-03-20T15:03:58+00:00\" \/>\n<meta property=\"og:image\" content=\"https:\/\/silveraudition.ch\/wp-content\/uploads\/2025\/12\/ph-packshot-phonak-remote-control-perspective-076-0065.png\" \/>\n\t<meta property=\"og:image:width\" content=\"1280\" \/>\n\t<meta property=\"og:image:height\" content=\"995\" \/>\n\t<meta property=\"og:image:type\" content=\"image\/png\" \/>\n<meta name=\"twitter:card\" content=\"summary_large_image\" \/>\n<meta name=\"twitter:label1\" content=\"Dur\u00e9e de lecture estim\u00e9e\" \/>\n\t<meta name=\"twitter:data1\" content=\"1 minute\" \/>\n<script type=\"application\/ld+json\" class=\"yoast-schema-graph\">{\"@context\":\"https:\/\/schema.org\",\"@graph\":[{\"@type\":\"WebPage\",\"@id\":\"https:\/\/silveraudition.ch\/fr\/product\/telecommande-phonak\/\",\"url\":\"https:\/\/silveraudition.ch\/fr\/product\/telecommande-phonak\/\",\"name\":\"Phonak RemoteControl | T\u00e9l\u00e9commande pour aides auditives | Silver Audition\",\"isPartOf\":{\"@id\":\"http:\/\/silveraudition.ch\/fr\/#website\"},\"primaryImageOfPage\":{\"@id\":\"https:\/\/silveraudition.ch\/fr\/product\/telecommande-phonak\/#primaryimage\"},\"image\":{\"@id\":\"https:\/\/silveraudition.ch\/fr\/product\/telecommande-phonak\/#primaryimage\"},\"thumbnailUrl\":\"https:\/\/silveraudition.ch\/wp-content\/uploads\/2025\/12\/ph-packshot-phonak-remote-control-perspective-076-0065.png\",\"datePublished\":\"2025-12-16T13:21:18+00:00\",\"dateModified\":\"2026-03-20T15:03:58+00:00\",\"description\":\"T\u00e9l\u00e9commande Phonak pour un r\u00e9glage facile des aides auditives. Volume, programmes audio, design tactile discret. CHF 260. Morges & Vevey.\",\"breadcrumb\":{\"@id\":\"https:\/\/silveraudition.ch\/fr\/product\/telecommande-phonak\/#breadcrumb\"},\"inLanguage\":\"fr-FR\",\"potentialAction\":[{\"@type\":\"ReadAction\",\"target\":[\"https:\/\/silveraudition.ch\/fr\/product\/telecommande-phonak\/\"]}]},{\"@type\":\"ImageObject\",\"inLanguage\":\"fr-FR\",\"@id\":\"https:\/\/silveraudition.ch\/fr\/product\/telecommande-phonak\/#primaryimage\",\"url\":\"https:\/\/silveraudition.ch\/wp-content\/uploads\/2025\/12\/ph-packshot-phonak-remote-control-perspective-076-0065.png\",\"contentUrl\":\"https:\/\/silveraudition.ch\/wp-content\/uploads\/2025\/12\/ph-packshot-phonak-remote-control-perspective-076-0065.png\",\"width\":1280,\"height\":995},{\"@type\":\"BreadcrumbList\",\"@id\":\"https:\/\/silveraudition.ch\/fr\/product\/telecommande-phonak\/#breadcrumb\",\"itemListElement\":[{\"@type\":\"ListItem\",\"position\":1,\"name\":\"Accueil\",\"item\":\"http:\/\/silveraudition.ch\/fr\/\"},{\"@type\":\"ListItem\",\"position\":2,\"name\":\"Boutique\",\"item\":\"https:\/\/silveraudition.ch\/fr\/boutique\/\"},{\"@type\":\"ListItem\",\"position\":3,\"name\":\"Phonak RemoteControl\"}]},{\"@type\":\"WebSite\",\"@id\":\"http:\/\/silveraudition.ch\/fr\/#website\",\"url\":\"http:\/\/silveraudition.ch\/fr\/\",\"name\":\"Silver Audition\",\"description\":\"Mieux entendre. Vivre pleinement.\",\"publisher\":{\"@id\":\"http:\/\/silveraudition.ch\/fr\/#organization\"},\"potentialAction\":[{\"@type\":\"SearchAction\",\"target\":{\"@type\":\"EntryPoint\",\"urlTemplate\":\"http:\/\/silveraudition.ch\/fr\/?s={search_term_string}\"},\"query-input\":{\"@type\":\"PropertyValueSpecification\",\"valueRequired\":true,\"valueName\":\"search_term_string\"}}],\"inLanguage\":\"fr-FR\"},{\"@type\":\"Organization\",\"@id\":\"http:\/\/silveraudition.ch\/fr\/#organization\",\"name\":\"Silver Audition\",\"url\":\"http:\/\/silveraudition.ch\/fr\/\",\"logo\":{\"@type\":\"ImageObject\",\"inLanguage\":\"fr-FR\",\"@id\":\"http:\/\/silveraudition.ch\/fr\/#\/schema\/logo\/image\/\",\"url\":\"https:\/\/silveraudition.ch\/wp-content\/uploads\/2025\/10\/Silver-Audition.webp\",\"contentUrl\":\"https:\/\/silveraudition.ch\/wp-content\/uploads\/2025\/10\/Silver-Audition.webp\",\"width\":1920,\"height\":1166,\"caption\":\"Silver Audition\"},\"image\":{\"@id\":\"http:\/\/silveraudition.ch\/fr\/#\/schema\/logo\/image\/\"}}]}<\/script>\n<!-- \/ Yoast SEO plugin. -->","yoast_head_json":{"title":"Phonak RemoteControl | T\u00e9l\u00e9commande pour aides auditives | Silver Audition","description":"T\u00e9l\u00e9commande Phonak pour un r\u00e9glage facile des aides auditives. Volume, programmes audio, design tactile discret. CHF 260. Morges & Vevey.","robots":{"index":"noindex","follow":"follow","max-snippet":"max-snippet:-1","max-image-preview":"max-image-preview:large","max-video-preview":"max-video-preview:-1"},"og_locale":"fr_FR","og_type":"article","og_title":"Phonak RemoteControl | T\u00e9l\u00e9commande pour aides auditives | Silver Audition","og_description":"T\u00e9l\u00e9commande Phonak pour un r\u00e9glage facile des aides auditives. Volume, programmes audio, design tactile discret. CHF 260. Morges & Vevey.","og_url":"https:\/\/silveraudition.ch\/fr\/product\/telecommande-phonak\/","og_site_name":"Silver Audition","article_modified_time":"2026-03-20T15:03:58+00:00","og_image":[{"width":1280,"height":995,"url":"https:\/\/silveraudition.ch\/wp-content\/uploads\/2025\/12\/ph-packshot-phonak-remote-control-perspective-076-0065.png","type":"image\/png"}],"twitter_card":"summary_large_image","twitter_misc":{"Dur\u00e9e de lecture estim\u00e9e":"1 minute"},"schema":{"@context":"https:\/\/schema.org","@graph":[{"@type":"WebPage","@id":"https:\/\/silveraudition.ch\/fr\/product\/telecommande-phonak\/","url":"https:\/\/silveraudition.ch\/fr\/product\/telecommande-phonak\/","name":"Phonak RemoteControl | T\u00e9l\u00e9commande pour aides auditives | Silver Audition","isPartOf":{"@id":"http:\/\/silveraudition.ch\/fr\/#website"},"primaryImageOfPage":{"@id":"https:\/\/silveraudition.ch\/fr\/product\/telecommande-phonak\/#primaryimage"},"image":{"@id":"https:\/\/silveraudition.ch\/fr\/product\/telecommande-phonak\/#primaryimage"},"thumbnailUrl":"https:\/\/silveraudition.ch\/wp-content\/uploads\/2025\/12\/ph-packshot-phonak-remote-control-perspective-076-0065.png","datePublished":"2025-12-16T13:21:18+00:00","dateModified":"2026-03-20T15:03:58+00:00","description":"T\u00e9l\u00e9commande Phonak pour un r\u00e9glage facile des aides auditives. Volume, programmes audio, design tactile discret. CHF 260. Morges & Vevey.","breadcrumb":{"@id":"https:\/\/silveraudition.ch\/fr\/product\/telecommande-phonak\/#breadcrumb"},"inLanguage":"fr-FR","potentialAction":[{"@type":"ReadAction","target":["https:\/\/silveraudition.ch\/fr\/product\/telecommande-phonak\/"]}]},{"@type":"ImageObject","inLanguage":"fr-FR","@id":"https:\/\/silveraudition.ch\/fr\/product\/telecommande-phonak\/#primaryimage","url":"https:\/\/silveraudition.ch\/wp-content\/uploads\/2025\/12\/ph-packshot-phonak-remote-control-perspective-076-0065.png","contentUrl":"https:\/\/silveraudition.ch\/wp-content\/uploads\/2025\/12\/ph-packshot-phonak-remote-control-perspective-076-0065.png","width":1280,"height":995},{"@type":"BreadcrumbList","@id":"https:\/\/silveraudition.ch\/fr\/product\/telecommande-phonak\/#breadcrumb","itemListElement":[{"@type":"ListItem","position":1,"name":"Accueil","item":"http:\/\/silveraudition.ch\/fr\/"},{"@type":"ListItem","position":2,"name":"Boutique","item":"https:\/\/silveraudition.ch\/fr\/boutique\/"},{"@type":"ListItem","position":3,"name":"Phonak RemoteControl"}]},{"@type":"WebSite","@id":"http:\/\/silveraudition.ch\/fr\/#website","url":"http:\/\/silveraudition.ch\/fr\/","name":"Silver Audition","description":"Mieux entendre. Vivre pleinement.","publisher":{"@id":"http:\/\/silveraudition.ch\/fr\/#organization"},"potentialAction":[{"@type":"SearchAction","target":{"@type":"EntryPoint","urlTemplate":"http:\/\/silveraudition.ch\/fr\/?s={search_term_string}"},"query-input":{"@type":"PropertyValueSpecification","valueRequired":true,"valueName":"search_term_string"}}],"inLanguage":"fr-FR"},{"@type":"Organization","@id":"http:\/\/silveraudition.ch\/fr\/#organization","name":"Silver Audition","url":"http:\/\/silveraudition.ch\/fr\/","logo":{"@type":"ImageObject","inLanguage":"fr-FR","@id":"http:\/\/silveraudition.ch\/fr\/#\/schema\/logo\/image\/","url":"https:\/\/silveraudition.ch\/wp-content\/uploads\/2025\/10\/Silver-Audition.webp","contentUrl":"https:\/\/silveraudition.ch\/wp-content\/uploads\/2025\/10\/Silver-Audition.webp","width":1920,"height":1166,"caption":"Silver Audition"},"image":{"@id":"http:\/\/silveraudition.ch\/fr\/#\/schema\/logo\/image\/"}}]}},"_links":{"self":[{"href":"https:\/\/silveraudition.ch\/fr\/wp-json\/wp\/v2\/product\/3484","targetHints":{"allow":["GET"]}}],"collection":[{"href":"https:\/\/silveraudition.ch\/fr\/wp-json\/wp\/v2\/product"}],"about":[{"href":"https:\/\/silveraudition.ch\/fr\/wp-json\/wp\/v2\/types\/product"}],"replies":[{"embeddable":true,"href":"https:\/\/silveraudition.ch\/fr\/wp-json\/wp\/v2\/comments?post=3484"}],"wp:featuredmedia":[{"embeddable":true,"href":"https:\/\/silveraudition.ch\/fr\/wp-json\/wp\/v2\/media\/3483"}],"wp:attachment":[{"href":"https:\/\/silveraudition.ch\/fr\/wp-json\/wp\/v2\/media?parent=3484"}],"wp:term":[{"taxonomy":"product_brand","embeddable":true,"href":"https:\/\/silveraudition.ch\/fr\/wp-json\/wp\/v2\/product_brand?post=3484"},{"taxonomy":"product_cat","embeddable":true,"href":"https:\/\/silveraudition.ch\/fr\/wp-json\/wp\/v2\/product_cat?post=3484"},{"taxonomy":"product_tag","embeddable":true,"href":"https:\/\/silveraudition.ch\/fr\/wp-json\/wp\/v2\/product_tag?post=3484"}],"curies":[{"name":"wp","href":"https:\/\/api.w.org\/{rel}","templated":true}]}}