{"id":3486,"date":"2025-12-16T13:26:26","date_gmt":"2025-12-16T13:26:26","guid":{"rendered":"https:\/\/new.silveraudition.ch\/product\/micro-de-table-phonak\/"},"modified":"2026-03-20T16:03:57","modified_gmt":"2026-03-20T15:03:57","slug":"micro-de-table-phonak","status":"publish","type":"product","link":"https:\/\/silveraudition.ch\/fr\/product\/micro-de-table-phonak\/","title":{"rendered":"Phonak TableMic V3"},"content":{"rendered":"<div class=\"x-text x-content e4999-e23 m3uv-o m3uv-p m3uv-q m3uv-r\">\n<h3><span dir=\"auto\">Entendre mieux lors des discussions de groupe<\/span><\/h3>\n<p><span dir=\"auto\">  Roger TableMic V3 est un microphone sans fil sp\u00e9cialement con\u00e7u pour les personnes malentendantes qui participent fr\u00e9quemment \u00e0 des r\u00e9unions. Dans les environnements bruyants ou \u00e9loign\u00e9s, qu&rsquo;il s&rsquo;agisse d&rsquo;une petite salle de r\u00e9union ou d&rsquo;une grande salle de conf\u00e9rence avec plusieurs intervenants et du bruit provenant de toutes les directions, ce microphone de table pour appareils auditifs vous permet de comprendre pleinement et de participer activement. De plus, plusieurs microphones de table Roger peuvent \u00eatre connect\u00e9s pour cr\u00e9er un r\u00e9seau MultiTalker, vous assurant ainsi de ne rien manquer.<\/span><\/p>\n<\/div>\n<div class=\"x-text x-content e4999-e24 m3uv-p m3uv-q m3uv-s custom-small-desc\">\n<h3><span dir=\"auto\">Fonctionnalit\u00e9s<\/span><\/h3>\n<ul>\n<li><span dir=\"auto\">Nombre illimit\u00e9 de r\u00e9cepteurs int\u00e9gr\u00e9s<\/span><\/li>\n<li><span dir=\"auto\">Entendre plus clairement \u00e0 distance<\/span><\/li>\n<li><span dir=\"auto\">Cr\u00e9ez un r\u00e9seau de microphones et enregistrez plusieurs haut-parleurs.<\/span><\/li>\n<li><span dir=\"auto\">Connectez-vous \u00e0 des ordinateurs ou \u00e0 des t\u00e9l\u00e9phones pour les r\u00e9unions et les appels en ligne.<\/span><\/li>\n<li><span dir=\"auto\">Contr\u00f4lez votre appareil \u00e0 distance et discr\u00e8tement<\/span><\/li>\n<\/ul>\n<\/div>\n","protected":false},"excerpt":{"rendered":"<h3><span dir=\"auto\">Entendre mieux lors des discussions de groupe<\/span><\/h3>\n<p><span dir=\"auto\">Phonak TableMic V3 est un microphone sans fil sp\u00e9cialement con\u00e7u pour les personnes malentendantes qui participent fr\u00e9quemment \u00e0 des r\u00e9unions. Dans les environnements bruyants ou \u00e9loign\u00e9s, qu&rsquo;il s&rsquo;agisse d&rsquo;une petite salle de r\u00e9union ou d&rsquo;une grande salle de conf\u00e9rence avec plusieurs intervenants et du bruit provenant de toutes les directions, ce microphone de table pour appareils auditifs vous permet de comprendre pleinement et de participer activement. De plus, plusieurs microphones de table Roger peuvent \u00eatre connect\u00e9s pour cr\u00e9er un r\u00e9seau MultiTalker, vous assurant ainsi de ne rien manquer.<\/span><\/p>\n","protected":false},"featured_media":3485,"comment_status":"open","ping_status":"closed","template":"","meta":{"_acf_changed":false},"product_brand":[],"product_cat":[110],"product_tag":[],"class_list":{"0":"post-3486","1":"product","2":"type-product","3":"status-publish","4":"has-post-thumbnail","6":"product_cat-accessories","8":"first","9":"instock","10":"shipping-taxable","11":"purchasable","12":"product-type-simple"},"acf":[],"yoast_head":"<!-- This site is optimized with the Yoast SEO plugin v26.6 - https:\/\/yoast.com\/wordpress\/plugins\/seo\/ -->\n<title>Phonak Table Mic | Meeting Microphone | Silver Audition<\/title>\n<meta name=\"description\" content=\"Phonak TableMic, microphone de table sans fil pour les r\u00e9unions et les conf\u00e9rences. Compr\u00e9hension claire de la parole dans le bruit et \u00e0 distance. CHF 2&#039;500. Morges &amp; Vevey.\" \/>\n<meta name=\"robots\" content=\"noindex, follow, max-snippet:-1, max-image-preview:large, max-video-preview:-1\" \/>\n<meta property=\"og:locale\" content=\"fr_FR\" \/>\n<meta property=\"og:type\" content=\"article\" \/>\n<meta property=\"og:title\" content=\"Phonak Table Mic | Meeting Microphone | Silver Audition\" \/>\n<meta property=\"og:description\" content=\"Phonak TableMic, microphone de table sans fil pour les r\u00e9unions et les conf\u00e9rences. Compr\u00e9hension claire de la parole dans le bruit et \u00e0 distance. CHF 2&#039;500. Morges &amp; Vevey.\" \/>\n<meta property=\"og:url\" content=\"https:\/\/silveraudition.ch\/fr\/product\/micro-de-table-phonak\/\" \/>\n<meta property=\"og:site_name\" content=\"Silver Audition\" \/>\n<meta property=\"article:modified_time\" content=\"2026-03-20T15:03:57+00:00\" \/>\n<meta property=\"og:image\" content=\"https:\/\/silveraudition.ch\/wp-content\/uploads\/2025\/12\/ph-packshot-roger-table-mic-ii-lying-perspective-052-4118-000-p5.png\" \/>\n\t<meta property=\"og:image:width\" content=\"1920\" \/>\n\t<meta property=\"og:image:height\" content=\"1920\" \/>\n\t<meta property=\"og:image:type\" content=\"image\/png\" \/>\n<meta name=\"twitter:card\" content=\"summary_large_image\" \/>\n<meta name=\"twitter:label1\" content=\"Dur\u00e9e de lecture estim\u00e9e\" \/>\n\t<meta name=\"twitter:data1\" content=\"1 minute\" \/>\n<script type=\"application\/ld+json\" class=\"yoast-schema-graph\">{\"@context\":\"https:\/\/schema.org\",\"@graph\":[{\"@type\":\"WebPage\",\"@id\":\"https:\/\/silveraudition.ch\/fr\/product\/micro-de-table-phonak\/\",\"url\":\"https:\/\/silveraudition.ch\/fr\/product\/micro-de-table-phonak\/\",\"name\":\"Phonak Table Mic | Meeting Microphone | Silver Audition\",\"isPartOf\":{\"@id\":\"http:\/\/silveraudition.ch\/fr\/#website\"},\"primaryImageOfPage\":{\"@id\":\"https:\/\/silveraudition.ch\/fr\/product\/micro-de-table-phonak\/#primaryimage\"},\"image\":{\"@id\":\"https:\/\/silveraudition.ch\/fr\/product\/micro-de-table-phonak\/#primaryimage\"},\"thumbnailUrl\":\"https:\/\/silveraudition.ch\/wp-content\/uploads\/2025\/12\/ph-packshot-roger-table-mic-ii-lying-perspective-052-4118-000-p5.png\",\"datePublished\":\"2025-12-16T13:26:26+00:00\",\"dateModified\":\"2026-03-20T15:03:57+00:00\",\"description\":\"Phonak TableMic, microphone de table sans fil pour les r\u00e9unions et les conf\u00e9rences. Compr\u00e9hension claire de la parole dans le bruit et \u00e0 distance. CHF 2'500. Morges & Vevey.\",\"breadcrumb\":{\"@id\":\"https:\/\/silveraudition.ch\/fr\/product\/micro-de-table-phonak\/#breadcrumb\"},\"inLanguage\":\"fr-FR\",\"potentialAction\":[{\"@type\":\"ReadAction\",\"target\":[\"https:\/\/silveraudition.ch\/fr\/product\/micro-de-table-phonak\/\"]}]},{\"@type\":\"ImageObject\",\"inLanguage\":\"fr-FR\",\"@id\":\"https:\/\/silveraudition.ch\/fr\/product\/micro-de-table-phonak\/#primaryimage\",\"url\":\"https:\/\/silveraudition.ch\/wp-content\/uploads\/2025\/12\/ph-packshot-roger-table-mic-ii-lying-perspective-052-4118-000-p5.png\",\"contentUrl\":\"https:\/\/silveraudition.ch\/wp-content\/uploads\/2025\/12\/ph-packshot-roger-table-mic-ii-lying-perspective-052-4118-000-p5.png\",\"width\":1920,\"height\":1920},{\"@type\":\"BreadcrumbList\",\"@id\":\"https:\/\/silveraudition.ch\/fr\/product\/micro-de-table-phonak\/#breadcrumb\",\"itemListElement\":[{\"@type\":\"ListItem\",\"position\":1,\"name\":\"Accueil\",\"item\":\"http:\/\/silveraudition.ch\/fr\/\"},{\"@type\":\"ListItem\",\"position\":2,\"name\":\"Boutique\",\"item\":\"https:\/\/silveraudition.ch\/fr\/boutique\/\"},{\"@type\":\"ListItem\",\"position\":3,\"name\":\"Phonak TableMic V3\"}]},{\"@type\":\"WebSite\",\"@id\":\"http:\/\/silveraudition.ch\/fr\/#website\",\"url\":\"http:\/\/silveraudition.ch\/fr\/\",\"name\":\"Silver Audition\",\"description\":\"Mieux entendre. Vivre pleinement.\",\"publisher\":{\"@id\":\"http:\/\/silveraudition.ch\/fr\/#organization\"},\"potentialAction\":[{\"@type\":\"SearchAction\",\"target\":{\"@type\":\"EntryPoint\",\"urlTemplate\":\"http:\/\/silveraudition.ch\/fr\/?s={search_term_string}\"},\"query-input\":{\"@type\":\"PropertyValueSpecification\",\"valueRequired\":true,\"valueName\":\"search_term_string\"}}],\"inLanguage\":\"fr-FR\"},{\"@type\":\"Organization\",\"@id\":\"http:\/\/silveraudition.ch\/fr\/#organization\",\"name\":\"Silver Audition\",\"url\":\"http:\/\/silveraudition.ch\/fr\/\",\"logo\":{\"@type\":\"ImageObject\",\"inLanguage\":\"fr-FR\",\"@id\":\"http:\/\/silveraudition.ch\/fr\/#\/schema\/logo\/image\/\",\"url\":\"https:\/\/silveraudition.ch\/wp-content\/uploads\/2025\/10\/Silver-Audition.webp\",\"contentUrl\":\"https:\/\/silveraudition.ch\/wp-content\/uploads\/2025\/10\/Silver-Audition.webp\",\"width\":1920,\"height\":1166,\"caption\":\"Silver Audition\"},\"image\":{\"@id\":\"http:\/\/silveraudition.ch\/fr\/#\/schema\/logo\/image\/\"}}]}<\/script>\n<!-- \/ Yoast SEO plugin. -->","yoast_head_json":{"title":"Phonak Table Mic | Meeting Microphone | Silver Audition","description":"Phonak TableMic, microphone de table sans fil pour les r\u00e9unions et les conf\u00e9rences. Compr\u00e9hension claire de la parole dans le bruit et \u00e0 distance. CHF 2'500. Morges & Vevey.","robots":{"index":"noindex","follow":"follow","max-snippet":"max-snippet:-1","max-image-preview":"max-image-preview:large","max-video-preview":"max-video-preview:-1"},"og_locale":"fr_FR","og_type":"article","og_title":"Phonak Table Mic | Meeting Microphone | Silver Audition","og_description":"Phonak TableMic, microphone de table sans fil pour les r\u00e9unions et les conf\u00e9rences. Compr\u00e9hension claire de la parole dans le bruit et \u00e0 distance. CHF 2'500. Morges & Vevey.","og_url":"https:\/\/silveraudition.ch\/fr\/product\/micro-de-table-phonak\/","og_site_name":"Silver Audition","article_modified_time":"2026-03-20T15:03:57+00:00","og_image":[{"width":1920,"height":1920,"url":"https:\/\/silveraudition.ch\/wp-content\/uploads\/2025\/12\/ph-packshot-roger-table-mic-ii-lying-perspective-052-4118-000-p5.png","type":"image\/png"}],"twitter_card":"summary_large_image","twitter_misc":{"Dur\u00e9e de lecture estim\u00e9e":"1 minute"},"schema":{"@context":"https:\/\/schema.org","@graph":[{"@type":"WebPage","@id":"https:\/\/silveraudition.ch\/fr\/product\/micro-de-table-phonak\/","url":"https:\/\/silveraudition.ch\/fr\/product\/micro-de-table-phonak\/","name":"Phonak Table Mic | Meeting Microphone | Silver Audition","isPartOf":{"@id":"http:\/\/silveraudition.ch\/fr\/#website"},"primaryImageOfPage":{"@id":"https:\/\/silveraudition.ch\/fr\/product\/micro-de-table-phonak\/#primaryimage"},"image":{"@id":"https:\/\/silveraudition.ch\/fr\/product\/micro-de-table-phonak\/#primaryimage"},"thumbnailUrl":"https:\/\/silveraudition.ch\/wp-content\/uploads\/2025\/12\/ph-packshot-roger-table-mic-ii-lying-perspective-052-4118-000-p5.png","datePublished":"2025-12-16T13:26:26+00:00","dateModified":"2026-03-20T15:03:57+00:00","description":"Phonak TableMic, microphone de table sans fil pour les r\u00e9unions et les conf\u00e9rences. Compr\u00e9hension claire de la parole dans le bruit et \u00e0 distance. CHF 2'500. Morges & Vevey.","breadcrumb":{"@id":"https:\/\/silveraudition.ch\/fr\/product\/micro-de-table-phonak\/#breadcrumb"},"inLanguage":"fr-FR","potentialAction":[{"@type":"ReadAction","target":["https:\/\/silveraudition.ch\/fr\/product\/micro-de-table-phonak\/"]}]},{"@type":"ImageObject","inLanguage":"fr-FR","@id":"https:\/\/silveraudition.ch\/fr\/product\/micro-de-table-phonak\/#primaryimage","url":"https:\/\/silveraudition.ch\/wp-content\/uploads\/2025\/12\/ph-packshot-roger-table-mic-ii-lying-perspective-052-4118-000-p5.png","contentUrl":"https:\/\/silveraudition.ch\/wp-content\/uploads\/2025\/12\/ph-packshot-roger-table-mic-ii-lying-perspective-052-4118-000-p5.png","width":1920,"height":1920},{"@type":"BreadcrumbList","@id":"https:\/\/silveraudition.ch\/fr\/product\/micro-de-table-phonak\/#breadcrumb","itemListElement":[{"@type":"ListItem","position":1,"name":"Accueil","item":"http:\/\/silveraudition.ch\/fr\/"},{"@type":"ListItem","position":2,"name":"Boutique","item":"https:\/\/silveraudition.ch\/fr\/boutique\/"},{"@type":"ListItem","position":3,"name":"Phonak TableMic V3"}]},{"@type":"WebSite","@id":"http:\/\/silveraudition.ch\/fr\/#website","url":"http:\/\/silveraudition.ch\/fr\/","name":"Silver Audition","description":"Mieux entendre. Vivre pleinement.","publisher":{"@id":"http:\/\/silveraudition.ch\/fr\/#organization"},"potentialAction":[{"@type":"SearchAction","target":{"@type":"EntryPoint","urlTemplate":"http:\/\/silveraudition.ch\/fr\/?s={search_term_string}"},"query-input":{"@type":"PropertyValueSpecification","valueRequired":true,"valueName":"search_term_string"}}],"inLanguage":"fr-FR"},{"@type":"Organization","@id":"http:\/\/silveraudition.ch\/fr\/#organization","name":"Silver Audition","url":"http:\/\/silveraudition.ch\/fr\/","logo":{"@type":"ImageObject","inLanguage":"fr-FR","@id":"http:\/\/silveraudition.ch\/fr\/#\/schema\/logo\/image\/","url":"https:\/\/silveraudition.ch\/wp-content\/uploads\/2025\/10\/Silver-Audition.webp","contentUrl":"https:\/\/silveraudition.ch\/wp-content\/uploads\/2025\/10\/Silver-Audition.webp","width":1920,"height":1166,"caption":"Silver Audition"},"image":{"@id":"http:\/\/silveraudition.ch\/fr\/#\/schema\/logo\/image\/"}}]}},"_links":{"self":[{"href":"https:\/\/silveraudition.ch\/fr\/wp-json\/wp\/v2\/product\/3486","targetHints":{"allow":["GET"]}}],"collection":[{"href":"https:\/\/silveraudition.ch\/fr\/wp-json\/wp\/v2\/product"}],"about":[{"href":"https:\/\/silveraudition.ch\/fr\/wp-json\/wp\/v2\/types\/product"}],"replies":[{"embeddable":true,"href":"https:\/\/silveraudition.ch\/fr\/wp-json\/wp\/v2\/comments?post=3486"}],"wp:featuredmedia":[{"embeddable":true,"href":"https:\/\/silveraudition.ch\/fr\/wp-json\/wp\/v2\/media\/3485"}],"wp:attachment":[{"href":"https:\/\/silveraudition.ch\/fr\/wp-json\/wp\/v2\/media?parent=3486"}],"wp:term":[{"taxonomy":"product_brand","embeddable":true,"href":"https:\/\/silveraudition.ch\/fr\/wp-json\/wp\/v2\/product_brand?post=3486"},{"taxonomy":"product_cat","embeddable":true,"href":"https:\/\/silveraudition.ch\/fr\/wp-json\/wp\/v2\/product_cat?post=3486"},{"taxonomy":"product_tag","embeddable":true,"href":"https:\/\/silveraudition.ch\/fr\/wp-json\/wp\/v2\/product_tag?post=3486"}],"curies":[{"name":"wp","href":"https:\/\/api.w.org\/{rel}","templated":true}]}}