{"id":3495,"date":"2025-12-16T13:45:36","date_gmt":"2025-12-16T13:45:36","guid":{"rendered":"https:\/\/new.silveraudition.ch\/product\/chasse-et-tir-serenity-choice\/"},"modified":"2026-01-29T17:12:04","modified_gmt":"2026-01-29T17:12:04","slug":"chasse-et-tir-serenity-choice","status":"publish","type":"product","link":"https:\/\/silveraudition.ch\/fr\/product\/chasse-et-tir-serenity-choice\/","title":{"rendered":"Serenity Choice Chasse \/ Tir"},"content":{"rendered":"<div class=\"x-text x-content e4999-e23 m3uv-o m3uv-p m3uv-q m3uv-r\">\n<p>SERENITY CHOICE est la protection auditive g\u00e9n\u00e9rique de Phonak pour une utilisation occasionnelle. Livr\u00e9 avec 2 embouts en silicone de chaque taille (S, M, L) et un \u00e9tui porte-cl\u00e9s en aluminium. Vendus par paires uniquement. La version CHASSE ET TIR pr\u00e9sente les caract\u00e9ristiques suivantes :<\/p>\n<ul>\n<li>Contribue \u00e0 prot\u00e9ger l&rsquo;ou\u00efe des niveaux de pression acoustique \u00e9lev\u00e9s des armes \u00e0 feu.<\/li>\n<li>Les voix et les bruits de fond restent audibles. Occlusion minimale.<\/li>\n<\/ul>\n<\/div>\n","protected":false},"excerpt":{"rendered":"<p>SERENITY CHOICE est la protection auditive g\u00e9n\u00e9rique de Phonak pour une utilisation occasionnelle. Livr\u00e9 avec 2 embouts en silicone de chaque taille (S, M, L) et un \u00e9tui porte-cl\u00e9s en aluminium. Vendus par paires uniquement. La version CHASSE ET TIR pr\u00e9sente les caract\u00e9ristiques suivantes :<\/p>\n<ul>\n<li>Contribue \u00e0 prot\u00e9ger l&rsquo;ou\u00efe des niveaux de pression acoustique \u00e9lev\u00e9s des armes \u00e0 feu.<\/li>\n<li>Les voix et les bruits de fond restent audibles. Occlusion minimale.<\/li>\n<\/ul>\n","protected":false},"featured_media":3494,"comment_status":"open","ping_status":"closed","template":"","meta":{"_acf_changed":false},"product_brand":[],"product_cat":[111],"product_tag":[],"class_list":{"0":"post-3495","1":"product","2":"type-product","3":"status-publish","4":"has-post-thumbnail","6":"product_cat-bouchons-doreille-standard-phonak","8":"first","9":"instock","10":"shipping-taxable","11":"purchasable","12":"product-type-simple"},"acf":[],"yoast_head":"<!-- This site is optimized with the Yoast SEO plugin v26.6 - https:\/\/yoast.com\/wordpress\/plugins\/seo\/ -->\n<title>Bouchons Serenity Choice Chasse &amp; Tir | Silver Audition<\/title>\n<meta name=\"description\" content=\"Bouchons d&#039;oreilles Phonak Serenity Choice pour la chasse et le tir. Protection contre les bruits d&#039;impact tout en pr\u00e9servant la parole. Morges &amp; Vevey.\" \/>\n<meta name=\"robots\" content=\"noindex, follow, max-snippet:-1, max-image-preview:large, max-video-preview:-1\" \/>\n<meta property=\"og:locale\" content=\"fr_FR\" \/>\n<meta property=\"og:type\" content=\"article\" \/>\n<meta property=\"og:title\" content=\"Bouchons Serenity Choice Chasse &amp; Tir | Silver Audition\" \/>\n<meta property=\"og:description\" content=\"Bouchons d&#039;oreilles Phonak Serenity Choice pour la chasse et le tir. Protection contre les bruits d&#039;impact tout en pr\u00e9servant la parole. Morges &amp; Vevey.\" \/>\n<meta property=\"og:url\" content=\"https:\/\/silveraudition.ch\/fr\/product\/chasse-et-tir-serenity-choice\/\" \/>\n<meta property=\"og:site_name\" content=\"Silver Audition\" \/>\n<meta property=\"article:modified_time\" content=\"2026-01-29T17:12:04+00:00\" \/>\n<meta property=\"og:image\" content=\"https:\/\/silveraudition.ch\/wp-content\/uploads\/2025\/12\/PH_Packshot_Packaging_Serenity_Choice_Hunting_Shooting_108-3088-00606-1024x768-1.jpg\" \/>\n\t<meta property=\"og:image:width\" content=\"768\" \/>\n\t<meta property=\"og:image:height\" content=\"768\" \/>\n\t<meta property=\"og:image:type\" content=\"image\/jpeg\" \/>\n<meta name=\"twitter:card\" content=\"summary_large_image\" \/>\n<meta name=\"twitter:label1\" content=\"Dur\u00e9e de lecture estim\u00e9e\" \/>\n\t<meta name=\"twitter:data1\" content=\"1 minute\" \/>\n<script type=\"application\/ld+json\" class=\"yoast-schema-graph\">{\"@context\":\"https:\/\/schema.org\",\"@graph\":[{\"@type\":\"WebPage\",\"@id\":\"https:\/\/silveraudition.ch\/fr\/product\/chasse-et-tir-serenity-choice\/\",\"url\":\"https:\/\/silveraudition.ch\/fr\/product\/chasse-et-tir-serenity-choice\/\",\"name\":\"Bouchons Serenity Choice Chasse & Tir | Silver Audition\",\"isPartOf\":{\"@id\":\"http:\/\/silveraudition.ch\/fr\/#website\"},\"primaryImageOfPage\":{\"@id\":\"https:\/\/silveraudition.ch\/fr\/product\/chasse-et-tir-serenity-choice\/#primaryimage\"},\"image\":{\"@id\":\"https:\/\/silveraudition.ch\/fr\/product\/chasse-et-tir-serenity-choice\/#primaryimage\"},\"thumbnailUrl\":\"https:\/\/silveraudition.ch\/wp-content\/uploads\/2025\/12\/PH_Packshot_Packaging_Serenity_Choice_Hunting_Shooting_108-3088-00606-1024x768-1.jpg\",\"datePublished\":\"2025-12-16T13:45:36+00:00\",\"dateModified\":\"2026-01-29T17:12:04+00:00\",\"description\":\"Bouchons d'oreilles Phonak Serenity Choice pour la chasse et le tir. Protection contre les bruits d'impact tout en pr\u00e9servant la parole. Morges & Vevey.\",\"breadcrumb\":{\"@id\":\"https:\/\/silveraudition.ch\/fr\/product\/chasse-et-tir-serenity-choice\/#breadcrumb\"},\"inLanguage\":\"fr-FR\",\"potentialAction\":[{\"@type\":\"ReadAction\",\"target\":[\"https:\/\/silveraudition.ch\/fr\/product\/chasse-et-tir-serenity-choice\/\"]}]},{\"@type\":\"ImageObject\",\"inLanguage\":\"fr-FR\",\"@id\":\"https:\/\/silveraudition.ch\/fr\/product\/chasse-et-tir-serenity-choice\/#primaryimage\",\"url\":\"https:\/\/silveraudition.ch\/wp-content\/uploads\/2025\/12\/PH_Packshot_Packaging_Serenity_Choice_Hunting_Shooting_108-3088-00606-1024x768-1.jpg\",\"contentUrl\":\"https:\/\/silveraudition.ch\/wp-content\/uploads\/2025\/12\/PH_Packshot_Packaging_Serenity_Choice_Hunting_Shooting_108-3088-00606-1024x768-1.jpg\",\"width\":768,\"height\":768},{\"@type\":\"BreadcrumbList\",\"@id\":\"https:\/\/silveraudition.ch\/fr\/product\/chasse-et-tir-serenity-choice\/#breadcrumb\",\"itemListElement\":[{\"@type\":\"ListItem\",\"position\":1,\"name\":\"Accueil\",\"item\":\"http:\/\/silveraudition.ch\/fr\/\"},{\"@type\":\"ListItem\",\"position\":2,\"name\":\"Boutique\",\"item\":\"https:\/\/silveraudition.ch\/fr\/boutique\/\"},{\"@type\":\"ListItem\",\"position\":3,\"name\":\"Serenity Choice Chasse \/ Tir\"}]},{\"@type\":\"WebSite\",\"@id\":\"http:\/\/silveraudition.ch\/fr\/#website\",\"url\":\"http:\/\/silveraudition.ch\/fr\/\",\"name\":\"Silver Audition\",\"description\":\"Mieux entendre. Vivre pleinement.\",\"publisher\":{\"@id\":\"http:\/\/silveraudition.ch\/fr\/#organization\"},\"potentialAction\":[{\"@type\":\"SearchAction\",\"target\":{\"@type\":\"EntryPoint\",\"urlTemplate\":\"http:\/\/silveraudition.ch\/fr\/?s={search_term_string}\"},\"query-input\":{\"@type\":\"PropertyValueSpecification\",\"valueRequired\":true,\"valueName\":\"search_term_string\"}}],\"inLanguage\":\"fr-FR\"},{\"@type\":\"Organization\",\"@id\":\"http:\/\/silveraudition.ch\/fr\/#organization\",\"name\":\"Silver Audition\",\"url\":\"http:\/\/silveraudition.ch\/fr\/\",\"logo\":{\"@type\":\"ImageObject\",\"inLanguage\":\"fr-FR\",\"@id\":\"http:\/\/silveraudition.ch\/fr\/#\/schema\/logo\/image\/\",\"url\":\"https:\/\/silveraudition.ch\/wp-content\/uploads\/2025\/10\/Silver-Audition.webp\",\"contentUrl\":\"https:\/\/silveraudition.ch\/wp-content\/uploads\/2025\/10\/Silver-Audition.webp\",\"width\":1920,\"height\":1166,\"caption\":\"Silver Audition\"},\"image\":{\"@id\":\"http:\/\/silveraudition.ch\/fr\/#\/schema\/logo\/image\/\"}}]}<\/script>\n<!-- \/ Yoast SEO plugin. -->","yoast_head_json":{"title":"Bouchons Serenity Choice Chasse & Tir | Silver Audition","description":"Bouchons d'oreilles Phonak Serenity Choice pour la chasse et le tir. Protection contre les bruits d'impact tout en pr\u00e9servant la parole. Morges & Vevey.","robots":{"index":"noindex","follow":"follow","max-snippet":"max-snippet:-1","max-image-preview":"max-image-preview:large","max-video-preview":"max-video-preview:-1"},"og_locale":"fr_FR","og_type":"article","og_title":"Bouchons Serenity Choice Chasse & Tir | Silver Audition","og_description":"Bouchons d'oreilles Phonak Serenity Choice pour la chasse et le tir. Protection contre les bruits d'impact tout en pr\u00e9servant la parole. Morges & Vevey.","og_url":"https:\/\/silveraudition.ch\/fr\/product\/chasse-et-tir-serenity-choice\/","og_site_name":"Silver Audition","article_modified_time":"2026-01-29T17:12:04+00:00","og_image":[{"width":768,"height":768,"url":"https:\/\/silveraudition.ch\/wp-content\/uploads\/2025\/12\/PH_Packshot_Packaging_Serenity_Choice_Hunting_Shooting_108-3088-00606-1024x768-1.jpg","type":"image\/jpeg"}],"twitter_card":"summary_large_image","twitter_misc":{"Dur\u00e9e de lecture estim\u00e9e":"1 minute"},"schema":{"@context":"https:\/\/schema.org","@graph":[{"@type":"WebPage","@id":"https:\/\/silveraudition.ch\/fr\/product\/chasse-et-tir-serenity-choice\/","url":"https:\/\/silveraudition.ch\/fr\/product\/chasse-et-tir-serenity-choice\/","name":"Bouchons Serenity Choice Chasse & Tir | Silver Audition","isPartOf":{"@id":"http:\/\/silveraudition.ch\/fr\/#website"},"primaryImageOfPage":{"@id":"https:\/\/silveraudition.ch\/fr\/product\/chasse-et-tir-serenity-choice\/#primaryimage"},"image":{"@id":"https:\/\/silveraudition.ch\/fr\/product\/chasse-et-tir-serenity-choice\/#primaryimage"},"thumbnailUrl":"https:\/\/silveraudition.ch\/wp-content\/uploads\/2025\/12\/PH_Packshot_Packaging_Serenity_Choice_Hunting_Shooting_108-3088-00606-1024x768-1.jpg","datePublished":"2025-12-16T13:45:36+00:00","dateModified":"2026-01-29T17:12:04+00:00","description":"Bouchons d'oreilles Phonak Serenity Choice pour la chasse et le tir. Protection contre les bruits d'impact tout en pr\u00e9servant la parole. Morges & Vevey.","breadcrumb":{"@id":"https:\/\/silveraudition.ch\/fr\/product\/chasse-et-tir-serenity-choice\/#breadcrumb"},"inLanguage":"fr-FR","potentialAction":[{"@type":"ReadAction","target":["https:\/\/silveraudition.ch\/fr\/product\/chasse-et-tir-serenity-choice\/"]}]},{"@type":"ImageObject","inLanguage":"fr-FR","@id":"https:\/\/silveraudition.ch\/fr\/product\/chasse-et-tir-serenity-choice\/#primaryimage","url":"https:\/\/silveraudition.ch\/wp-content\/uploads\/2025\/12\/PH_Packshot_Packaging_Serenity_Choice_Hunting_Shooting_108-3088-00606-1024x768-1.jpg","contentUrl":"https:\/\/silveraudition.ch\/wp-content\/uploads\/2025\/12\/PH_Packshot_Packaging_Serenity_Choice_Hunting_Shooting_108-3088-00606-1024x768-1.jpg","width":768,"height":768},{"@type":"BreadcrumbList","@id":"https:\/\/silveraudition.ch\/fr\/product\/chasse-et-tir-serenity-choice\/#breadcrumb","itemListElement":[{"@type":"ListItem","position":1,"name":"Accueil","item":"http:\/\/silveraudition.ch\/fr\/"},{"@type":"ListItem","position":2,"name":"Boutique","item":"https:\/\/silveraudition.ch\/fr\/boutique\/"},{"@type":"ListItem","position":3,"name":"Serenity Choice Chasse \/ Tir"}]},{"@type":"WebSite","@id":"http:\/\/silveraudition.ch\/fr\/#website","url":"http:\/\/silveraudition.ch\/fr\/","name":"Silver Audition","description":"Mieux entendre. Vivre pleinement.","publisher":{"@id":"http:\/\/silveraudition.ch\/fr\/#organization"},"potentialAction":[{"@type":"SearchAction","target":{"@type":"EntryPoint","urlTemplate":"http:\/\/silveraudition.ch\/fr\/?s={search_term_string}"},"query-input":{"@type":"PropertyValueSpecification","valueRequired":true,"valueName":"search_term_string"}}],"inLanguage":"fr-FR"},{"@type":"Organization","@id":"http:\/\/silveraudition.ch\/fr\/#organization","name":"Silver Audition","url":"http:\/\/silveraudition.ch\/fr\/","logo":{"@type":"ImageObject","inLanguage":"fr-FR","@id":"http:\/\/silveraudition.ch\/fr\/#\/schema\/logo\/image\/","url":"https:\/\/silveraudition.ch\/wp-content\/uploads\/2025\/10\/Silver-Audition.webp","contentUrl":"https:\/\/silveraudition.ch\/wp-content\/uploads\/2025\/10\/Silver-Audition.webp","width":1920,"height":1166,"caption":"Silver Audition"},"image":{"@id":"http:\/\/silveraudition.ch\/fr\/#\/schema\/logo\/image\/"}}]}},"_links":{"self":[{"href":"https:\/\/silveraudition.ch\/fr\/wp-json\/wp\/v2\/product\/3495","targetHints":{"allow":["GET"]}}],"collection":[{"href":"https:\/\/silveraudition.ch\/fr\/wp-json\/wp\/v2\/product"}],"about":[{"href":"https:\/\/silveraudition.ch\/fr\/wp-json\/wp\/v2\/types\/product"}],"replies":[{"embeddable":true,"href":"https:\/\/silveraudition.ch\/fr\/wp-json\/wp\/v2\/comments?post=3495"}],"wp:featuredmedia":[{"embeddable":true,"href":"https:\/\/silveraudition.ch\/fr\/wp-json\/wp\/v2\/media\/3494"}],"wp:attachment":[{"href":"https:\/\/silveraudition.ch\/fr\/wp-json\/wp\/v2\/media?parent=3495"}],"wp:term":[{"taxonomy":"product_brand","embeddable":true,"href":"https:\/\/silveraudition.ch\/fr\/wp-json\/wp\/v2\/product_brand?post=3495"},{"taxonomy":"product_cat","embeddable":true,"href":"https:\/\/silveraudition.ch\/fr\/wp-json\/wp\/v2\/product_cat?post=3495"},{"taxonomy":"product_tag","embeddable":true,"href":"https:\/\/silveraudition.ch\/fr\/wp-json\/wp\/v2\/product_tag?post=3495"}],"curies":[{"name":"wp","href":"https:\/\/api.w.org\/{rel}","templated":true}]}}